{"id":468,"date":"2018-06-25T16:49:39","date_gmt":"2018-06-25T19:49:39","guid":{"rendered":"https:\/\/wp.ufpel.edu.br\/cec\/?page_id=468"},"modified":"2019-08-19T15:32:44","modified_gmt":"2019-08-19T18:32:44","slug":"projeto-pedagogico-2","status":"publish","type":"page","link":"https:\/\/wp.ufpel.edu.br\/cec\/projeto-pedagogico-2\/","title":{"rendered":"Projeto Pedag\u00f3gico"},"content":{"rendered":"<blockquote class=\"wp-embedded-content\" data-secret=\"M2b2OMOWDH\"><p><a href=\"https:\/\/wp.ufpel.edu.br\/cec\/projeto-pedagogico-2\/diretrizes\/\">Diretrizes Elabora\u00e7\u00e3o PPC<\/a><\/p><\/blockquote>\n<p><iframe class=\"wp-embedded-content\" sandbox=\"allow-scripts\" security=\"restricted\" style=\"position: absolute; clip: rect(1px, 1px, 1px, 1px);\" title=\"&#8220;Diretrizes Elabora\u00e7\u00e3o PPC&#8221; &#8212; Coordena\u00e7\u00e3o de Ensino e Curr\u00edculo - PRE\" src=\"https:\/\/wp.ufpel.edu.br\/cec\/projeto-pedagogico-2\/diretrizes\/embed\/#?secret=CY8Pr3NGBh#?secret=M2b2OMOWDH\" data-secret=\"M2b2OMOWDH\" width=\"500\" height=\"282\" frameborder=\"0\" marginwidth=\"0\" marginheight=\"0\" scrolling=\"no\"><\/iframe><\/p>\n<blockquote class=\"wp-embedded-content\" data-secret=\"GxjznCtOLR\"><p><a href=\"https:\/\/wp.ufpel.edu.br\/cec\/projeto-pedagogico-2\/documentos\/\">Documentos<\/a><\/p><\/blockquote>\n<p><iframe class=\"wp-embedded-content\" sandbox=\"allow-scripts\" security=\"restricted\" style=\"position: absolute; clip: rect(1px, 1px, 1px, 1px);\" title=\"&#8220;Documentos&#8221; &#8212; Coordena\u00e7\u00e3o de Ensino e Curr\u00edculo - PRE\" src=\"https:\/\/wp.ufpel.edu.br\/cec\/projeto-pedagogico-2\/documentos\/embed\/#?secret=jhPLDzPWvO#?secret=GxjznCtOLR\" data-secret=\"GxjznCtOLR\" width=\"500\" height=\"282\" frameborder=\"0\" marginwidth=\"0\" marginheight=\"0\" scrolling=\"no\"><\/iframe><\/p>\n<blockquote class=\"wp-embedded-content\" data-secret=\"totARpBnyE\"><p><a href=\"https:\/\/wp.ufpel.edu.br\/cec\/projeto-pedagogico-2\/tramitacao\/\">Tramita\u00e7\u00e3o<\/a><\/p><\/blockquote>\n<p><iframe class=\"wp-embedded-content\" sandbox=\"allow-scripts\" security=\"restricted\" style=\"position: absolute; clip: rect(1px, 1px, 1px, 1px);\" title=\"&#8220;Tramita\u00e7\u00e3o&#8221; &#8212; Coordena\u00e7\u00e3o de Ensino e Curr\u00edculo - PRE\" src=\"https:\/\/wp.ufpel.edu.br\/cec\/projeto-pedagogico-2\/tramitacao\/embed\/#?secret=9s78j35AMA#?secret=totARpBnyE\" data-secret=\"totARpBnyE\" width=\"500\" height=\"282\" frameborder=\"0\" marginwidth=\"0\" marginheight=\"0\" scrolling=\"no\"><\/iframe><\/p>\n","protected":false},"excerpt":{"rendered":"<p>Diretrizes Elabora\u00e7\u00e3o PPC Documentos Tramita\u00e7\u00e3o<\/p>\n","protected":false},"author":252,"featured_media":0,"parent":0,"menu_order":6,"comment_status":"closed","ping_status":"closed","template":"","meta":{"footnotes":""},"class_list":["post-468","page","type-page","status-publish","hentry"],"_links":{"self":[{"href":"https:\/\/wp.ufpel.edu.br\/cec\/wp-json\/wp\/v2\/pages\/468","targetHints":{"allow":["GET"]}}],"collection":[{"href":"https:\/\/wp.ufpel.edu.br\/cec\/wp-json\/wp\/v2\/pages"}],"about":[{"href":"https:\/\/wp.ufpel.edu.br\/cec\/wp-json\/wp\/v2\/types\/page"}],"author":[{"embeddable":true,"href":"https:\/\/wp.ufpel.edu.br\/cec\/wp-json\/wp\/v2\/users\/252"}],"replies":[{"embeddable":true,"href":"https:\/\/wp.ufpel.edu.br\/cec\/wp-json\/wp\/v2\/comments?post=468"}],"version-history":[{"count":23,"href":"https:\/\/wp.ufpel.edu.br\/cec\/wp-json\/wp\/v2\/pages\/468\/revisions"}],"predecessor-version":[{"id":554,"href":"https:\/\/wp.ufpel.edu.br\/cec\/wp-json\/wp\/v2\/pages\/468\/revisions\/554"}],"wp:attachment":[{"href":"https:\/\/wp.ufpel.edu.br\/cec\/wp-json\/wp\/v2\/media?parent=468"}],"curies":[{"name":"wp","href":"https:\/\/api.w.org\/{rel}","templated":true}]}}