{"id":447,"date":"2018-05-23T09:50:28","date_gmt":"2018-05-23T12:50:28","guid":{"rendered":"https:\/\/wp.ufpel.edu.br\/cec\/?page_id=447"},"modified":"2026-02-23T09:10:29","modified_gmt":"2026-02-23T12:10:29","slug":"nuprop","status":"publish","type":"page","link":"https:\/\/wp.ufpel.edu.br\/cec\/coordenacao-de-ensino-e-curriculo\/nuprop\/","title":{"rendered":"NUPROP"},"content":{"rendered":"<p>&nbsp;<\/p>\n<p style=\"text-align: center;\"><span style=\"color: #000000;\"><strong>N\u00facleo de Programas e Projetos \u2013 NUPROP<\/strong><\/span><\/p>\n<p><span style=\"color: #000000;\"><strong>\u00a0<\/strong><\/span><\/p>\n<p style=\"text-align: justify;\"><span style=\"color: #000000;\">O <strong>N\u00facleo de Programas e Projetos (NUPROP)<\/strong><\/span>\u00a0\u00e9 respons\u00e1vel pela an\u00e1lise t\u00e9cnica, enquadramento, tramita\u00e7\u00e3o e emiss\u00e3o de pareceres no que tange aos projetos de ensino em todas as suas fases (proposi\u00e7\u00e3o, prorroga\u00e7\u00e3o, renova\u00e7\u00e3o, relat\u00f3rios e certifica\u00e7\u00e3o), oferecendo todo o suporte t\u00e9cnico e orienta\u00e7\u00f5es com rela\u00e7\u00e3o \u00e0s Normas e sistemas vigentes aos docentes da Institui\u00e7\u00e3o, bem como representando a PRE na Comiss\u00e3o Interdisciplinar de Projetos (CIP) da UFPEL.<\/p>\n<p style=\"text-align: justify;\">Em rela\u00e7\u00e3o aos Programas, o N\u00facleo \u00e9 respons\u00e1vel pela elabora\u00e7\u00e3o e execu\u00e7\u00e3o dos Editais de bolsas de inicia\u00e7\u00e3o ao ensino, dando o suporte t\u00e9cnico necess\u00e1rio aos processos seletivos bem como \u00e0 implementa\u00e7\u00e3o das bolsas em todas as suas etapas, passando pelo cadastro, emiss\u00e3o de folhas de pagamento, controle or\u00e7ament\u00e1rio e avalia\u00e7\u00e3o de relat\u00f3rios para emiss\u00e3o de certificados.<\/p>\n<p style=\"text-align: justify;\">Ainda, coordena o CLAAPET (Comit\u00ea Local de Acompanhamento e Avalia\u00e7\u00e3o dos Grupos PET \u2013 \u00f3rg\u00e3o respons\u00e1vel pela avalia\u00e7\u00e3o do trabalho dos Grupos PET e pelos editais de sele\u00e7\u00e3o de tutores), dando suporte administrativo para os Grupos PET da UFPEL no que diz respeito ao pagamento das bolsas, emiss\u00e3o de certi\u00adficados e presta\u00e7\u00f5es de contas, al\u00e9m de administrar o Programa de Mobilidade Acad\u00eamica Nacional na Institui\u00e7\u00e3o e fazer a gest\u00e3o de outros Programas de ensino, como o PIBID e o Resid\u00eancia Pedag\u00f3gica.<\/p>\n<p>&nbsp;<\/p>\n<p><span style=\"color: #0000ff;\"><a style=\"color: #0000ff;\" href=\"https:\/\/institucional.ufpel.edu.br\/unidades\/id\/977\">Equipe<\/a><\/span><\/p>\n<p>Assistente em Administra\u00e7\u00e3o: Carla Pires Tavares (Chefe)<\/p>\n<p>Assistente em Administra\u00e7\u00e3o: Christian Ferreira Mackedanz<\/p>\n<p>Auxiliar em Administra\u00e7\u00e3o: Gustavo Madruga Rickes<\/p>\n<p>Contato:<\/p>\n<p><span style=\"color: #000000;\">E-mail: nuprop@ufpel.edu.br<\/span><\/p>\n<p><span style=\"color: #0000ff;\"><a style=\"color: #0000ff;\" href=\"https:\/\/www.instagram.com\/nuprop.ufpel\/\">Instagram: @nuprop.ufpel<\/a><\/span><\/p>\n","protected":false},"excerpt":{"rendered":"<p>&nbsp; N\u00facleo de Programas e Projetos \u2013 NUPROP \u00a0 O N\u00facleo de Programas e Projetos (NUPROP)\u00a0\u00e9 respons\u00e1vel pela an\u00e1lise t\u00e9cnica, enquadramento, tramita\u00e7\u00e3o e emiss\u00e3o de pareceres no que tange aos projetos de ensino em todas as suas fases (proposi\u00e7\u00e3o, prorroga\u00e7\u00e3o, renova\u00e7\u00e3o, relat\u00f3rios e certifica\u00e7\u00e3o), oferecendo todo o suporte t\u00e9cnico e orienta\u00e7\u00f5es com rela\u00e7\u00e3o \u00e0s Normas [&hellip;]<\/p>\n","protected":false},"author":252,"featured_media":0,"parent":434,"menu_order":0,"comment_status":"closed","ping_status":"closed","template":"","meta":{"footnotes":""},"class_list":["post-447","page","type-page","status-publish","hentry"],"_links":{"self":[{"href":"https:\/\/wp.ufpel.edu.br\/cec\/wp-json\/wp\/v2\/pages\/447","targetHints":{"allow":["GET"]}}],"collection":[{"href":"https:\/\/wp.ufpel.edu.br\/cec\/wp-json\/wp\/v2\/pages"}],"about":[{"href":"https:\/\/wp.ufpel.edu.br\/cec\/wp-json\/wp\/v2\/types\/page"}],"author":[{"embeddable":true,"href":"https:\/\/wp.ufpel.edu.br\/cec\/wp-json\/wp\/v2\/users\/252"}],"replies":[{"embeddable":true,"href":"https:\/\/wp.ufpel.edu.br\/cec\/wp-json\/wp\/v2\/comments?post=447"}],"version-history":[{"count":4,"href":"https:\/\/wp.ufpel.edu.br\/cec\/wp-json\/wp\/v2\/pages\/447\/revisions"}],"predecessor-version":[{"id":1359,"href":"https:\/\/wp.ufpel.edu.br\/cec\/wp-json\/wp\/v2\/pages\/447\/revisions\/1359"}],"up":[{"embeddable":true,"href":"https:\/\/wp.ufpel.edu.br\/cec\/wp-json\/wp\/v2\/pages\/434"}],"wp:attachment":[{"href":"https:\/\/wp.ufpel.edu.br\/cec\/wp-json\/wp\/v2\/media?parent=447"}],"curies":[{"name":"wp","href":"https:\/\/api.w.org\/{rel}","templated":true}]}}