{"id":442,"date":"2018-05-23T09:50:20","date_gmt":"2018-05-23T12:50:20","guid":{"rendered":"https:\/\/wp.ufpel.edu.br\/cec\/?page_id=442"},"modified":"2026-02-23T09:05:48","modified_gmt":"2026-02-23T12:05:48","slug":"nubatec","status":"publish","type":"page","link":"https:\/\/wp.ufpel.edu.br\/cec\/coordenacao-de-ensino-e-curriculo\/nubatec\/","title":{"rendered":"NUBATEC"},"content":{"rendered":"<p>&nbsp;<\/p>\n<p style=\"text-align: center;\"><strong>N\u00facleo de Bacharelados, Tecnologias &#8211; NUBATEC<\/strong><\/p>\n<p>&nbsp;<\/p>\n<p style=\"text-align: justify;\">Os N\u00facleos da Coordena\u00e7\u00e3o de Ensino e Curr\u00edculo (CEC) s\u00e3o respons\u00e1veis pela articula\u00e7\u00e3o entre os coordenadores e NDEs dos cursos e a CEC, cuja meta principal e norteadora de todas as a\u00e7\u00f5es \u00e9 manter um di\u00e1logo permanente com esses colegiados, orientando e analisando as adequa\u00e7\u00f5es dos projetos pedag\u00f3gicos dos cursos e promovendo reflex\u00f5es sobre elementos do universo pedag\u00f3gico e acad\u00eamico na gradua\u00e7\u00e3o, no que se refere tamb\u00e9m ao arcabou\u00e7o legislativo vigente e aos demais elementos integrantes desta tipologia de documento.<\/p>\n<p style=\"text-align: justify;\">O <strong>N\u00facleo de Bacharelados, Tecnologias (NUBATEC)<\/strong> atua, especificamente tamb\u00e9m, na constru\u00e7\u00e3o de normatiza\u00e7\u00f5es internas em conson\u00e2ncia com o Plano de Desenvolvimento Institucional-PDI e com as pol\u00edticas de ensino da UFPel, guiado pelos princ\u00edpios gerais da UFPel e a Pol\u00edtica Institucional da UFPel para a forma\u00e7\u00e3o dos alunos dos cursos de bacharelado.<\/p>\n<p style=\"text-align: justify;\">Por meio da Comiss\u00e3o dos bacharelados e tecnologias, temas relacionados aos est\u00e1gios e \u00e0s quest\u00f5es pedag\u00f3gicas s\u00e3o discutidos com o objetivo de fomentar e promover a integra\u00e7\u00e3o e articula\u00e7\u00e3o entre a Universidade e o mundo do trabalho, visando articular teoria e pr\u00e1tica, como fio condutor e fundamental na forma\u00e7\u00e3o profissional dos acad\u00eamicos, de modo a oferecer uma forma\u00e7\u00e3o inovadora e empreendedora capaz de prestar para a sociedade servi\u00e7os de qualidade, com dinamismo e criatividade.<\/p>\n<p><strong>Regimento interno da Comiss\u00e3o dos Bacharelados e das Tecnologias<\/strong> (<a href=\"https:\/\/wp.ufpel.edu.br\/scs\/files\/2017\/04\/Resolu%C3%A7%C3%A3o-18.2017-COCEPE.pdf\">Resolu\u00e7\u00e3o COCEPE N\u00ba 18, de 08 de junho de 2017<\/a>)<\/p>\n<p><strong>Composi\u00e7\u00e3o da Comiss\u00e3o dos Bacharelados e das Tecnologias<\/strong> (<a href=\"https:\/\/sei.ufpel.edu.br\/sei\/publicacoes\/controlador_publicacoes.php?acao=publicacao_visualizar&amp;id_documento=1194570&amp;id_orgao_publicacao=0\">Portaria N\u00ba 1422, de 10 de setembro de 2020<\/a>)<\/p>\n<p>&nbsp;<\/p>\n<p><strong><a href=\"https:\/\/institucional.ufpel.edu.br\/unidades\/id\/976\">Equipe<\/a><\/strong><\/p>\n<p>Professora Eliana Veleda Klering<\/p>\n<p>Pedagoga Am\u00e9lia Teresinha Brum da Cunha<\/p>\n<p>T\u00e9cnica em Assuntos Educacionais \u00c9len Heiriques Lages<\/p>\n<p>T\u00e9cnico em Assuntos Educacionais Pedro Antonio Ourique<\/p>\n<p>T\u00e9cnica em Assuntos Educacionais Raissa Brum Gon\u00e7alves de Avila<\/p>\n<p>E-mail: nubatec@ufpel.edu.br<\/p>\n<p>Fone: 32844066<\/p>\n","protected":false},"excerpt":{"rendered":"<p>&nbsp; N\u00facleo de Bacharelados, Tecnologias &#8211; NUBATEC &nbsp; Os N\u00facleos da Coordena\u00e7\u00e3o de Ensino e Curr\u00edculo (CEC) s\u00e3o respons\u00e1veis pela articula\u00e7\u00e3o entre os coordenadores e NDEs dos cursos e a CEC, cuja meta principal e norteadora de todas as a\u00e7\u00f5es \u00e9 manter um di\u00e1logo permanente com esses colegiados, orientando e analisando as adequa\u00e7\u00f5es dos projetos [&hellip;]<\/p>\n","protected":false},"author":252,"featured_media":0,"parent":434,"menu_order":0,"comment_status":"closed","ping_status":"closed","template":"","meta":{"footnotes":""},"class_list":["post-442","page","type-page","status-publish","hentry"],"_links":{"self":[{"href":"https:\/\/wp.ufpel.edu.br\/cec\/wp-json\/wp\/v2\/pages\/442","targetHints":{"allow":["GET"]}}],"collection":[{"href":"https:\/\/wp.ufpel.edu.br\/cec\/wp-json\/wp\/v2\/pages"}],"about":[{"href":"https:\/\/wp.ufpel.edu.br\/cec\/wp-json\/wp\/v2\/types\/page"}],"author":[{"embeddable":true,"href":"https:\/\/wp.ufpel.edu.br\/cec\/wp-json\/wp\/v2\/users\/252"}],"replies":[{"embeddable":true,"href":"https:\/\/wp.ufpel.edu.br\/cec\/wp-json\/wp\/v2\/comments?post=442"}],"version-history":[{"count":4,"href":"https:\/\/wp.ufpel.edu.br\/cec\/wp-json\/wp\/v2\/pages\/442\/revisions"}],"predecessor-version":[{"id":1358,"href":"https:\/\/wp.ufpel.edu.br\/cec\/wp-json\/wp\/v2\/pages\/442\/revisions\/1358"}],"up":[{"embeddable":true,"href":"https:\/\/wp.ufpel.edu.br\/cec\/wp-json\/wp\/v2\/pages\/434"}],"wp:attachment":[{"href":"https:\/\/wp.ufpel.edu.br\/cec\/wp-json\/wp\/v2\/media?parent=442"}],"curies":[{"name":"wp","href":"https:\/\/api.w.org\/{rel}","templated":true}]}}