{"id":434,"date":"2018-05-23T09:50:16","date_gmt":"2018-05-23T12:50:16","guid":{"rendered":"https:\/\/wp.ufpel.edu.br\/cec\/?page_id=434"},"modified":"2026-02-23T08:59:11","modified_gmt":"2026-02-23T11:59:11","slug":"coordenacao-de-ensino-e-curriculo","status":"publish","type":"page","link":"https:\/\/wp.ufpel.edu.br\/cec\/","title":{"rendered":"CEC"},"content":{"rendered":"<p style=\"text-align: center;\"><strong><u>Coordena\u00e7\u00e3o de Ensino e Curr\u00edculo &#8211; CEC<\/u><\/strong><\/p>\n<p>&nbsp;<\/p>\n<p style=\"text-align: justify;\">A Coordena\u00e7\u00e3o de Ensino e Curr\u00edculo-CEC, lotada na Pr\u00f3-reitoria de Ensino, \u00e9 o \u00f3rg\u00e3o respons\u00e1vel por analisar as demandas da gradua\u00e7\u00e3o, aprofundar as reflex\u00f5es e discuss\u00f5es coletivas, considerando as pol\u00edticas curriculares que visem a qualifica\u00e7\u00e3o do ensino universit\u00e1rio. S\u00e3o objetivos da CEC: planejar, desenvolver, acompanhar, orientar e supervisionar a\u00e7\u00f5es pedag\u00f3gicas relacionadas aos cursos de gradua\u00e7\u00e3o da UFPel.<\/p>\n<p style=\"text-align: justify;\">A Coordena\u00e7\u00e3o de Ensino e Curr\u00edculo \u00e9 constitu\u00edda por tr\u00eas N\u00facleos: N\u00facleo de Bacharelados e Tecnologias (NUBATEC), N\u00facleo de Licenciaturas (NULICE) e N\u00facleo de Programas e Projetos (NUPROP).<\/p>\n<p style=\"text-align: justify;\">O NUBATEC e NULICE s\u00e3o respons\u00e1veis pela an\u00e1lise pedag\u00f3gica de projetos pedag\u00f3gicos de mais de 100 (cem) cursos de gradua\u00e7\u00e3o, visando qualificar a forma\u00e7\u00e3o profissional dos acad\u00eamicos da UFPel, e o NUPROP \u00e9 respons\u00e1vel pelo encaminhamento, an\u00e1lise e acompanhamento dos projetos de ensino vinculados aos cursos de gradua\u00e7\u00e3o, bem como pela coordena\u00e7\u00e3o dos processos sele\u00e7\u00e3o de bolsas de inicia\u00e7\u00e3o ao ensino, PET e mobilidade acad\u00eamica.<\/p>\n<p>&nbsp;<\/p>\n<p><strong>Coordenadora<\/strong><\/p>\n<p>Prof\u00aa Analisa Zorzi<\/p>\n<p>E-mail: cec.pre@ufpel.edu.br<\/p>\n","protected":false},"excerpt":{"rendered":"<p>Coordena\u00e7\u00e3o de Ensino e Curr\u00edculo &#8211; CEC &nbsp; A Coordena\u00e7\u00e3o de Ensino e Curr\u00edculo-CEC, lotada na Pr\u00f3-reitoria de Ensino, \u00e9 o \u00f3rg\u00e3o respons\u00e1vel por analisar as demandas da gradua\u00e7\u00e3o, aprofundar as reflex\u00f5es e discuss\u00f5es coletivas, considerando as pol\u00edticas curriculares que visem a qualifica\u00e7\u00e3o do ensino universit\u00e1rio. S\u00e3o objetivos da CEC: planejar, desenvolver, acompanhar, orientar e [&hellip;]<\/p>\n","protected":false},"author":252,"featured_media":0,"parent":0,"menu_order":0,"comment_status":"closed","ping_status":"closed","template":"","meta":{"footnotes":""},"class_list":["post-434","page","type-page","status-publish","hentry"],"_links":{"self":[{"href":"https:\/\/wp.ufpel.edu.br\/cec\/wp-json\/wp\/v2\/pages\/434","targetHints":{"allow":["GET"]}}],"collection":[{"href":"https:\/\/wp.ufpel.edu.br\/cec\/wp-json\/wp\/v2\/pages"}],"about":[{"href":"https:\/\/wp.ufpel.edu.br\/cec\/wp-json\/wp\/v2\/types\/page"}],"author":[{"embeddable":true,"href":"https:\/\/wp.ufpel.edu.br\/cec\/wp-json\/wp\/v2\/users\/252"}],"replies":[{"embeddable":true,"href":"https:\/\/wp.ufpel.edu.br\/cec\/wp-json\/wp\/v2\/comments?post=434"}],"version-history":[{"count":3,"href":"https:\/\/wp.ufpel.edu.br\/cec\/wp-json\/wp\/v2\/pages\/434\/revisions"}],"predecessor-version":[{"id":1354,"href":"https:\/\/wp.ufpel.edu.br\/cec\/wp-json\/wp\/v2\/pages\/434\/revisions\/1354"}],"wp:attachment":[{"href":"https:\/\/wp.ufpel.edu.br\/cec\/wp-json\/wp\/v2\/media?parent=434"}],"curies":[{"name":"wp","href":"https:\/\/api.w.org\/{rel}","templated":true}]}}