{"id":1275,"date":"2025-04-25T10:00:48","date_gmt":"2025-04-25T13:00:48","guid":{"rendered":"https:\/\/wp.ufpel.edu.br\/cec\/?page_id=1275"},"modified":"2025-04-25T11:16:22","modified_gmt":"2025-04-25T14:16:22","slug":"legislacao-pet","status":"publish","type":"page","link":"https:\/\/wp.ufpel.edu.br\/cec\/pet\/legislacao-pet\/","title":{"rendered":"Legisla\u00e7\u00e3o PET"},"content":{"rendered":"<p style=\"text-align: justify;\"><span style=\"color: #0000ff;\"><a style=\"color: #0000ff;\" href=\"http:\/\/www.planalto.gov.br\/ccivil_03\/_ato2004-2006\/2005\/lei\/l11180.htm\" target=\"_blank\" rel=\"noopener noreferrer\">Lei n\u00ba 11.180, de 23 de setembro de 2005<\/a><\/span>: Institui o Programa de Educa\u00e7\u00e3o Tutorial-PET<\/p>\n<p style=\"text-align: justify;\"><span style=\"color: #0000ff;\"><a style=\"color: #0000ff;\" href=\"http:\/\/sigpet.mec.gov.br\/docs\/Portaria_976_2010.pdf\" target=\"_blank\" rel=\"noopener noreferrer\">Portaria n\u00ba 976, de 27 de julho de 2010<\/a><\/span>: (Atualizada pela Portaria n\u00ba 343\/2013) disp\u00f5e sobre o programa de Educa\u00e7\u00e3o Tutorial \u2013 PET<\/p>\n<p style=\"text-align: justify;\"><span style=\"color: #0000ff;\"><a style=\"color: #0000ff;\" href=\"http:\/\/sigpet.mec.gov.br\/docs\/Portaria_343_2013.pdf\" target=\"_blank\" rel=\"noopener noreferrer\">Portaria n\u00ba 343, de 24 de abril de 2013<\/a><\/span>: Altera dispositivos da Portaria MEC n\u00ba 976, de 27 de julho de 2010, que disp\u00f5e sobre o Programa Educa\u00e7\u00e3o Tutorial- PET<\/p>\n<p style=\"text-align: justify;\"><span style=\"color: #0000ff;\"><a style=\"color: #0000ff;\" href=\"https:\/\/wp.ufpel.edu.br\/cec\/files\/2025\/04\/resolucao_cd_36_2013_anexos.docx\">Resolu\u00e7\u00e3o n\u00ba 36, de 24 de setembro de 2013<\/a><\/span>: Estabelece os procedimentos para creditar os valores destinados ao custeio das atividades dos grupos PET aos respectivos tutores<\/p>\n<p style=\"text-align: justify;\"><span style=\"color: #0000ff;\"><a style=\"color: #0000ff;\" href=\"https:\/\/www.gov.br\/fnde\/pt-br\/acesso-a-informacao\/legislacao\/resolucoes\/2013\/resolucao-cd-fnde-no-42-de-4-de-novembro-de-2013\">Resolu\u00e7\u00e3o\/CD\/FNDE n\u00ba 42, de 4 de novembro de 2013<\/a><\/span>: Estabelece orienta\u00e7\u00e3o e diretrizes para o pagamento de bolsas a estudantes de gradua\u00e7\u00e3o e a professores tutores no \u00e2mbito do Programa de Educa\u00e7\u00e3o Tutorial (PET)<\/p>\n<p style=\"text-align: justify;\"><span style=\"color: #0000ff;\"><a style=\"color: #0000ff;\" href=\"https:\/\/www.gov.br\/fnde\/pt-br\/acesso-a-informacao\/legislacao\/resolucoes\/2018\/resolucao-no2-de-25-de-janeiro-de-2018\/view\">Resolu\u00e7\u00e3o n\u00ba 2, de 25 de janeiro de 2018<\/a><\/span>: (altera a Resolu\u00e7\u00e3o\/CD\/FNDE n\u00ba 42, de 4 de novembro de 2013) Altera os prazos para saque de bolsas e aux\u00edlios pagos pelo Fundo Nacional de Desenvolvimento da Educa\u00e7\u00e3o \u2013 FNDE<\/p>\n","protected":false},"excerpt":{"rendered":"<p>Lei n\u00ba 11.180, de 23 de setembro de 2005: Institui o Programa de Educa\u00e7\u00e3o Tutorial-PET Portaria n\u00ba 976, de 27 de julho de 2010: (Atualizada pela Portaria n\u00ba 343\/2013) disp\u00f5e sobre o programa de Educa\u00e7\u00e3o Tutorial \u2013 PET Portaria n\u00ba 343, de 24 de abril de 2013: Altera dispositivos da Portaria MEC n\u00ba 976, de [&hellip;]<\/p>\n","protected":false},"author":252,"featured_media":0,"parent":609,"menu_order":0,"comment_status":"closed","ping_status":"closed","template":"","meta":{"footnotes":""},"class_list":["post-1275","page","type-page","status-publish","hentry"],"_links":{"self":[{"href":"https:\/\/wp.ufpel.edu.br\/cec\/wp-json\/wp\/v2\/pages\/1275","targetHints":{"allow":["GET"]}}],"collection":[{"href":"https:\/\/wp.ufpel.edu.br\/cec\/wp-json\/wp\/v2\/pages"}],"about":[{"href":"https:\/\/wp.ufpel.edu.br\/cec\/wp-json\/wp\/v2\/types\/page"}],"author":[{"embeddable":true,"href":"https:\/\/wp.ufpel.edu.br\/cec\/wp-json\/wp\/v2\/users\/252"}],"replies":[{"embeddable":true,"href":"https:\/\/wp.ufpel.edu.br\/cec\/wp-json\/wp\/v2\/comments?post=1275"}],"version-history":[{"count":7,"href":"https:\/\/wp.ufpel.edu.br\/cec\/wp-json\/wp\/v2\/pages\/1275\/revisions"}],"predecessor-version":[{"id":1293,"href":"https:\/\/wp.ufpel.edu.br\/cec\/wp-json\/wp\/v2\/pages\/1275\/revisions\/1293"}],"up":[{"embeddable":true,"href":"https:\/\/wp.ufpel.edu.br\/cec\/wp-json\/wp\/v2\/pages\/609"}],"wp:attachment":[{"href":"https:\/\/wp.ufpel.edu.br\/cec\/wp-json\/wp\/v2\/media?parent=1275"}],"curies":[{"name":"wp","href":"https:\/\/api.w.org\/{rel}","templated":true}]}}