{"id":1255,"date":"2025-04-25T11:09:14","date_gmt":"2025-04-25T14:09:14","guid":{"rendered":"https:\/\/wp.ufpel.edu.br\/cec\/?page_id=1255"},"modified":"2025-08-07T13:44:11","modified_gmt":"2025-08-07T16:44:11","slug":"procedimento-de-avaliacao-de-reconducao-de-tutores-as-pet-ufpel","status":"publish","type":"page","link":"https:\/\/wp.ufpel.edu.br\/cec\/pet\/procedimento-de-avaliacao-de-reconducao-de-tutores-as-pet-ufpel\/","title":{"rendered":"Procedimentos para Solicita\u00e7\u00e3o e Avalia\u00e7\u00e3o de Recondu\u00e7\u00e3o de Tutores\/as do PET UFPel"},"content":{"rendered":"<p style=\"text-align: justify;\"><span style=\"font-weight: 400;\">O processo todo seguir\u00e1 a seguinte ordem:<\/span><\/p>\n<p style=\"text-align: justify;\"><b>1\u00b0 Abertura e envio do processo pelo tutor (3 meses antes de completar 3 anos):<\/b><\/p>\n<p style=\"text-align: justify;\"><span style=\"font-weight: 400;\">1.1. Abertura de processo no SEI UFPEL \u201c<\/span><span style=\"font-weight: 400;\">Gradua\u00e7\u00e3o: Processo de Avalia\u00e7\u00e3o de Recondu\u00e7\u00e3o Tutoria PET\u201d;<\/span><\/p>\n<p style=\"text-align: justify;\"><span style=\"font-weight: 400;\">1.2. Inserir e assinar os seguintes documentos SEI: <\/span><\/p>\n<ul>\n<li style=\"text-align: justify;\"><span style=\"font-weight: 400;\">PRE Formul\u00e1rio de Inscri\u00e7\u00e3o Recondu\u00e7\u00e3o Tutoria PET;<\/span><\/li>\n<li>PRE Formul\u00e1rio de autoavalia\u00e7\u00e3o Tutor PET;<\/li>\n<li><span style=\"font-weight: 400;\">PRE Memorial descritivo Tutor PET (memorial das atividades como tutor nos \u00faltimos tr\u00eas anos, abordando os seguintes aspectos: Ensino, Pesquisa, Extens\u00e3o, Gest\u00e3o, Perman\u00eancia, Sustentabilidade, Inova\u00e7\u00e3o, Inclus\u00e3o, em at\u00e9 5 p\u00e1ginas);<\/span><\/li>\n<li><span style=\"font-weight: 400;\">PRE Plano de trabalho Tutor PET (plano com as a\u00e7\u00f5es para os pr\u00f3ximos tr\u00eas anos, em at\u00e9 10 p\u00e1ginas).<\/span><\/li>\n<\/ul>\n<p><span style=\"font-weight: 400;\">1.3. Anexar os documentos que dever\u00e3o ser preparados pelo tutor;<\/span><\/p>\n<ul style=\"text-align: justify;\">\n<li style=\"font-weight: 400;\" aria-level=\"1\"><span style=\"font-weight: 400;\">Planilha do curr\u00edculo (<span style=\"color: #0000ff;\"><a style=\"color: #0000ff;\" href=\"https:\/\/wp.ufpel.edu.br\/cec\/files\/2025\/08\/1.3.4.-Planilha-Curriculo-Tutor-PET-Reconducao.xlsx\">1.3.4. Planilha Curriculo Tutor PET Reconducao<\/a><\/span>); (ap\u00f3s o preenchimento, salvar em PDF para adicionar ao SEI)<\/span><\/li>\n<li style=\"font-weight: 400;\" aria-level=\"1\"><span style=\"font-weight: 400;\">Documenta\u00e7\u00e3o comprobat\u00f3ria da planilha do curr\u00edculo, seguindo o que \u00e9 pedido como comprova\u00e7\u00e3o em cada item.<\/span><\/li>\n<\/ul>\n<p style=\"text-align: justify;\"><span style=\"font-weight: 400;\">1.4. Enviar o processo para o NUPROP.<\/span><\/p>\n<p style=\"text-align: justify;\"><b>2\u00b0 Recebimento e encaminhamento do processo pelo NUPROP:<\/b><\/p>\n<p style=\"text-align: justify;\"><span style=\"font-weight: 400;\">2.1. Enviar o<\/span><span style=\"font-weight: 400;\">\u00a0<a href=\"https:\/\/wp.ufpel.edu.br\/cec\/files\/2025\/04\/2.1.-FORMULARIO-DE-AVALIACAO-DO-TUTOR-PELO-GRUPO.docx\">Formul\u00e1rio de Avalia\u00e7\u00e3o do Tutor pelo Grupo<\/a><\/span><span style=\"font-weight: 400;\">\u00a0para os petianos <\/span><i><span style=\"font-weight: 400;\">(com um prazo de duas semanas para resposta)<\/span><\/i><span style=\"font-weight: 400;\">;<\/span><\/p>\n<p style=\"text-align: justify;\"><span style=\"font-weight: 400;\">2.2. Enviar o <\/span><span style=\"font-weight: 400;\"><a href=\"https:\/\/wp.ufpel.edu.br\/cec\/files\/2025\/04\/2.2.-FORMULARIO-DE-AVALIACAO-DO-DESEMPENHO-DO-TUTOR-PELO-COLEGIADO-para-PETs-de-Curso.docx\">Formul\u00e1rio de Avalia\u00e7\u00e3o do Desempenho do Tutor pelo Colegiado<\/a><\/span><span style=\"font-weight: 400;\">\u00a0para o colegiado <\/span><i><span style=\"font-weight: 400;\">(com um prazo de duas semanas para resposta)<\/span><\/i><span style=\"font-weight: 400;\">; <\/span><span style=\"font-weight: 400;\">(somente para PETs de curso espec\u00edfico)<\/span><\/p>\n<p style=\"text-align: justify;\"><span style=\"font-weight: 400;\">2.3. Enviar o <\/span><span style=\"font-weight: 400;\"><a href=\"https:\/\/wp.ufpel.edu.br\/cec\/files\/2025\/04\/2.3.-FORMULARIO-DE-AVALIACAO-DO-TUTOR-PELA-DIRECAO.docx\">Formul\u00e1rio de Avalia\u00e7\u00e3o do Desempenho do Tutor pela Dire\u00e7\u00e3o<\/a><\/span><span style=\"font-weight: 400;\">\u00a0para a dire\u00e7\u00e3o <i>(com um prazo de duas semanas para resposta)<\/i>;<\/span><\/p>\n<p style=\"text-align: justify;\"><span style=\"font-weight: 400;\">2.4. Preenchimento do <a href=\"https:\/\/wp.ufpel.edu.br\/cec\/files\/2025\/04\/2.4.-Formulario-de-Avaliacao-do-Desempenho-do-Tutor-pelo-Nuprop.docx\">formul\u00e1rio de avalia\u00e7\u00e3o do desempenho do tutor pelo NUPROP<\/a> <\/span><i><span style=\"font-weight: 400;\">(com um prazo de duas semanas para resposta) E<\/span><\/i><span style=\"font-weight: 400;\">;<\/span><\/p>\n<p style=\"text-align: justify;\"><span style=\"font-weight: 400;\">2.5. Montar a Comiss\u00e3o de avalia\u00e7\u00e3o de recondu\u00e7\u00e3o, com 5 membros (1 membro da PRE, 2 tutores e 2 alunos bolsistas), solicitar a Portaria de Composi\u00e7\u00e3o e enviar os formul\u00e1rios para a Comiss\u00e3o.<\/span><\/p>\n<p style=\"text-align: justify;\"><b>3\u00b0 Banca de avalia\u00e7\u00e3o da recondu\u00e7\u00e3o:<\/b><\/p>\n<p style=\"text-align: justify;\"><span style=\"font-weight: 400;\">3.1. Avalia\u00e7\u00e3o <\/span><i><span style=\"font-weight: 400;\">in loco<\/span><\/i><span style=\"font-weight: 400;\"> ao grupo PET para valida\u00e7\u00e3o dos formul\u00e1rios recebidos do NUPROP;<\/span><\/p>\n<p style=\"text-align: justify;\"><span style=\"font-weight: 400;\">3.2. Preencher o formul\u00e1rio<\/span><i><span style=\"font-weight: 400;\"> \u201c<a href=\"https:\/\/wp.ufpel.edu.br\/cec\/files\/2025\/04\/3.2.-Instrumento-de-avaliacao-Reconducao-Tutores-PET-banca.docx\">Instrumento de avalia\u00e7\u00e3o Recondu\u00e7\u00e3o Tutores PET (banca)<\/a>\u201d<\/span><\/i><span style=\"font-weight: 400;\">, com base nos formul\u00e1rios enviados pelo NUPROP (itens 2.1. a 2.4.) e pelos relat\u00f3rios do grupo;<\/span><\/p>\n<p style=\"text-align: justify;\"><span style=\"font-weight: 400;\">3.3. Preenchimento da <a href=\"https:\/\/wp.ufpel.edu.br\/cec\/files\/2025\/04\/3.3.-Notas-Finais.xlsx\">planilha final de notas<\/a>;<\/span><\/p>\n<p style=\"text-align: justify;\"><span style=\"font-weight: 400;\">3.4. Anexar ao processo de recondu\u00e7\u00e3o os documentos gerados pela banca, com o parecer final de aprova\u00e7\u00e3o ou n\u00e3o.<\/span><\/p>\n<p style=\"text-align: justify;\"><span style=\"font-weight: 400;\">3.5. Encaminhar o processo para aprova\u00e7\u00e3o do CLAAPET.\u00a0<\/span><\/p>\n<p style=\"text-align: justify;\"><b>Avalia\u00e7\u00e3o final (para aprova\u00e7\u00e3o da recondu\u00e7\u00e3o o tutor dever\u00e1 atingir nota final igual ou superior a 7 pontos):<\/b><\/p>\n<ul>\n<li style=\"font-weight: 400; text-align: justify;\" aria-level=\"1\"><span style=\"font-weight: 400;\">Nota da comiss\u00e3o, com base em todos os formul\u00e1rios e visita (5 pontos)<\/span><\/li>\n<li style=\"font-weight: 400; text-align: justify;\" aria-level=\"1\"><span style=\"font-weight: 400;\">Nota da planilha do curr\u00edculo (3 pontos) &#8211; sendo 1 para pesquisa, 1 para ensino e 1 para extens\u00e3o)<\/span><\/li>\n<li style=\"font-weight: 400; text-align: justify;\" aria-level=\"1\"><span style=\"font-weight: 400;\">Nota para o planejamento (1 ponto)<\/span><\/li>\n<li style=\"font-weight: 400; text-align: justify;\" aria-level=\"1\"><span style=\"font-weight: 400;\">Nota do memorial (1 ponto)<\/span><\/li>\n<\/ul>\n","protected":false},"excerpt":{"rendered":"<p>O processo todo seguir\u00e1 a seguinte ordem: 1\u00b0 Abertura e envio do processo pelo tutor (3 meses antes de completar 3 anos): 1.1. Abertura de processo no SEI UFPEL \u201cGradua\u00e7\u00e3o: Processo de Avalia\u00e7\u00e3o de Recondu\u00e7\u00e3o Tutoria PET\u201d; 1.2. Inserir e assinar os seguintes documentos SEI: PRE Formul\u00e1rio de Inscri\u00e7\u00e3o Recondu\u00e7\u00e3o Tutoria PET; PRE Formul\u00e1rio de [&hellip;]<\/p>\n","protected":false},"author":252,"featured_media":0,"parent":609,"menu_order":0,"comment_status":"closed","ping_status":"closed","template":"","meta":{"footnotes":""},"class_list":["post-1255","page","type-page","status-publish","hentry"],"_links":{"self":[{"href":"https:\/\/wp.ufpel.edu.br\/cec\/wp-json\/wp\/v2\/pages\/1255","targetHints":{"allow":["GET"]}}],"collection":[{"href":"https:\/\/wp.ufpel.edu.br\/cec\/wp-json\/wp\/v2\/pages"}],"about":[{"href":"https:\/\/wp.ufpel.edu.br\/cec\/wp-json\/wp\/v2\/types\/page"}],"author":[{"embeddable":true,"href":"https:\/\/wp.ufpel.edu.br\/cec\/wp-json\/wp\/v2\/users\/252"}],"replies":[{"embeddable":true,"href":"https:\/\/wp.ufpel.edu.br\/cec\/wp-json\/wp\/v2\/comments?post=1255"}],"version-history":[{"count":11,"href":"https:\/\/wp.ufpel.edu.br\/cec\/wp-json\/wp\/v2\/pages\/1255\/revisions"}],"predecessor-version":[{"id":1329,"href":"https:\/\/wp.ufpel.edu.br\/cec\/wp-json\/wp\/v2\/pages\/1255\/revisions\/1329"}],"up":[{"embeddable":true,"href":"https:\/\/wp.ufpel.edu.br\/cec\/wp-json\/wp\/v2\/pages\/609"}],"wp:attachment":[{"href":"https:\/\/wp.ufpel.edu.br\/cec\/wp-json\/wp\/v2\/media?parent=1255"}],"curies":[{"name":"wp","href":"https:\/\/api.w.org\/{rel}","templated":true}]}}