{"id":1234,"date":"2025-04-04T11:43:03","date_gmt":"2025-04-04T14:43:03","guid":{"rendered":"https:\/\/wp.ufpel.edu.br\/cec\/?page_id=1234"},"modified":"2025-04-04T16:32:36","modified_gmt":"2025-04-04T19:32:36","slug":"pet-saude","status":"publish","type":"page","link":"https:\/\/wp.ufpel.edu.br\/cec\/programas\/pet-saude\/","title":{"rendered":"PET Sa\u00fade (Programa de Educa\u00e7\u00e3o pelo Trabalho para a Sa\u00fade)"},"content":{"rendered":"<p>Institu\u00eddo pelas\u00a0<a class=\"external-link\" title=\"\" href=\"http:\/\/bvsms.saude.gov.br\/bvs\/saudelegis\/gm\/2010\/pri0421_03_03_2010.html\" target=\"_self\" data-tippreview-enabled=\"false\" data-tippreview-image=\"\" data-tippreview-title=\"\">Portarias Interministeriais n\u00b0 421 e n\u00ba 422<\/a>, de 03 de mar\u00e7o de 2010, o <strong>Programa de Educa\u00e7\u00e3o pelo Trabalho para a Sa\u00fade (PET-Sa\u00fade)<\/strong> \u00e9 uma a\u00e7\u00e3o do Minist\u00e9rio da Sa\u00fade e do Minist\u00e9rio da Educa\u00e7\u00e3o, conduzida pela\u00a0<a class=\"external-link\" title=\"\" href=\"https:\/\/www.gov.br\/saude\/pt-br\/composicao\/sgtes\" target=\"_self\" data-tippreview-enabled=\"false\" data-tippreview-image=\"\" data-tippreview-title=\"\">Secretaria de Gest\u00e3o do Trabalho e da Educa\u00e7\u00e3o na Sa\u00fade (SGTES)<\/a>, que visa \u00e0 qualifica\u00e7\u00e3o da integra\u00e7\u00e3o ensino-servi\u00e7o-comunidade, aprimorando, em servi\u00e7o, o conhecimento dos profissionais da sa\u00fade, bem como dos estudantes dos cursos de gradua\u00e7\u00e3o na \u00e1rea da sa\u00fade.<\/p>\n<p>O\u00a0<strong>PET-Sa\u00fade<\/strong>\u00a0tem como pressuposto a educa\u00e7\u00e3o pelo trabalho, sendo um importante dispositivo, voltado para o fortalecimento das a\u00e7\u00f5es de integra\u00e7\u00e3o ensino-servi\u00e7o-comunidade, por meio de atividades que envolvem o ensino, a pesquisa, a extens\u00e3o universit\u00e1ria e a participa\u00e7\u00e3o social.\u00a0Podem apresentar projetos aos editais tem\u00e1ticos do Programa as Institui\u00e7\u00f5es de Ensino Superior<b>\u00a0<\/b>p\u00fablicas e privadas sem fins lucrativos com cursos de gradua\u00e7\u00e3o na \u00e1rea da sa\u00fade em parceria com as Secretarias de Sa\u00fade (Estadual, Distrital e Municipal).<\/p>\n<p><span style=\"color: #000000;\"><strong>O PET-Sa\u00fade oferece bolsas nas seguintes modalidades:<\/strong><\/span><\/p>\n<p><strong>I<\/strong>\u00a0&#8211; inicia\u00e7\u00e3o ao trabalho, destinada a estudantes regularmente matriculados em Institui\u00e7\u00f5es de Educa\u00e7\u00e3o Superior (IES) integrantes do PET Sa\u00fade, com o objetivo de desenvolver viv\u00eancias e produzir conhecimento relevante em \u00e1reas priorit\u00e1rias na produ\u00e7\u00e3o da sa\u00fade;<\/p>\n<p><strong>II<\/strong>\u00a0&#8211; tutoria acad\u00eamica, destinada a professores das IES, integrantes do PET &#8211; Sa\u00fade, que orientem as viv\u00eancias em servi\u00e7o e produzam ou orientem a produ\u00e7\u00e3o de conhecimento relevante na \u00e1rea da sa\u00fade; e<\/p>\n<p><strong>III<\/strong>\u00a0&#8211; preceptoria, destinada a profissionais, pertencentes aos servi\u00e7os de sa\u00fade, que realizem orienta\u00e7\u00e3o em servi\u00e7o a estudantes participantes do Programa.<\/p>\n<p>&nbsp;<\/p>\n<p>A UFPel j\u00e1 participou de v\u00e1rias edi\u00e7\u00f5es do Programa. Os editais de sele\u00e7\u00e3o de Coordenadores, Tutores, Preceptores e de Estudantes Bolsistas de Inicia\u00e7\u00e3o ao Trabalho est\u00e3o dispon\u00edveis no site: <span style=\"color: #0000ff;\"><a style=\"color: #0000ff;\" href=\"https:\/\/wp.ufpel.edu.br\/pre\/editais\/\">https:\/\/wp.ufpel.edu.br\/pre\/editais\/<\/a><\/span><\/p>\n<p><span data-huuid=\"16259528286250418109\">A UFPel possui um COAPES (Contrato Organizativo de A\u00e7\u00e3o P\u00fablica Ensino-Sa\u00fade) ativo, que \u00e9<\/span><span data-huuid=\"16259528286250415564\">\u00a0um acordo entre o SUS e a Educa\u00e7\u00e3o Superior para integrar ensino, servi\u00e7os e comunidade.<span class=\"pjBG2e\" data-cid=\"aee1083a-f14b-4d9d-8d94-c53900d641cb\"><span class=\"UV3uM\"> A vers\u00e3o atual do COAPES para o per\u00edodo 2024\/2029 est\u00e1 dispon\u00edvel no link: <span style=\"color: #0000ff;\"><a style=\"color: #0000ff;\" href=\"https:\/\/wp.ufpel.edu.br\/cec\/files\/2025\/04\/TERMO_CONTRATO_ORGANIZATIVO_ACAO_PUBLICA_ENSINO_SAUDE__2_.pdf\">COAPES 2024\/2029 UFPel-UCPel-SMS<\/a><\/span><\/span><\/span><\/span><\/p>\n<p>No ano de 2025 foi criado o N\u00facleo de Pesquisa e Inova\u00e7\u00e3o em Sa\u00fade Digital (NUPIDIGi) da Universidade Federal de Pelotas (UFPel), que \u00e9 um centro interdisciplinar voltado ao desenvolvimento de solu\u00e7\u00f5es tecnol\u00f3gicas aplicadas \u00e0 sa\u00fade. Seu objetivo \u00e9 integrar pesquisa, inova\u00e7\u00e3o e ensino para promover a digitaliza\u00e7\u00e3o de processos, a telessa\u00fade e a moderniza\u00e7\u00e3o das pr\u00e1ticas assistenciais no Sistema \u00danico de Sa\u00fade (SUS). O NUPIDIGi est\u00e1 registrado na UFPel sob o n\u00famero 585. Um grupo de pesquisa no CNPq tamb\u00e9m foi criado: <span style=\"color: #0000ff;\"><a style=\"color: #0000ff;\" href=\"http:\/\/dgp.cnpq.br\/dgp\/espelhogrupo\/816061\">http:\/\/dgp.cnpq.br\/dgp\/espelhogrupo\/816061<\/a><\/span><\/p>\n<p>Para mais informa\u00e7\u00f5es sobre o Programa PET Sa\u00fade na UFPel entrar em contato com o N\u00facleo de Programas e Projetos (NUPROP) pelo <em>e-mail <strong>nuprop@ufpel.edu.br<\/strong><\/em><\/p>\n<p>&nbsp;<\/p>\n","protected":false},"excerpt":{"rendered":"<p>Institu\u00eddo pelas\u00a0Portarias Interministeriais n\u00b0 421 e n\u00ba 422, de 03 de mar\u00e7o de 2010, o Programa de Educa\u00e7\u00e3o pelo Trabalho para a Sa\u00fade (PET-Sa\u00fade) \u00e9 uma a\u00e7\u00e3o do Minist\u00e9rio da Sa\u00fade e do Minist\u00e9rio da Educa\u00e7\u00e3o, conduzida pela\u00a0Secretaria de Gest\u00e3o do Trabalho e da Educa\u00e7\u00e3o na Sa\u00fade (SGTES), que visa \u00e0 qualifica\u00e7\u00e3o da integra\u00e7\u00e3o ensino-servi\u00e7o-comunidade, [&hellip;]<\/p>\n","protected":false},"author":252,"featured_media":0,"parent":1099,"menu_order":0,"comment_status":"closed","ping_status":"closed","template":"","meta":{"footnotes":""},"class_list":["post-1234","page","type-page","status-publish","hentry"],"_links":{"self":[{"href":"https:\/\/wp.ufpel.edu.br\/cec\/wp-json\/wp\/v2\/pages\/1234","targetHints":{"allow":["GET"]}}],"collection":[{"href":"https:\/\/wp.ufpel.edu.br\/cec\/wp-json\/wp\/v2\/pages"}],"about":[{"href":"https:\/\/wp.ufpel.edu.br\/cec\/wp-json\/wp\/v2\/types\/page"}],"author":[{"embeddable":true,"href":"https:\/\/wp.ufpel.edu.br\/cec\/wp-json\/wp\/v2\/users\/252"}],"replies":[{"embeddable":true,"href":"https:\/\/wp.ufpel.edu.br\/cec\/wp-json\/wp\/v2\/comments?post=1234"}],"version-history":[{"count":12,"href":"https:\/\/wp.ufpel.edu.br\/cec\/wp-json\/wp\/v2\/pages\/1234\/revisions"}],"predecessor-version":[{"id":1250,"href":"https:\/\/wp.ufpel.edu.br\/cec\/wp-json\/wp\/v2\/pages\/1234\/revisions\/1250"}],"up":[{"embeddable":true,"href":"https:\/\/wp.ufpel.edu.br\/cec\/wp-json\/wp\/v2\/pages\/1099"}],"wp:attachment":[{"href":"https:\/\/wp.ufpel.edu.br\/cec\/wp-json\/wp\/v2\/media?parent=1234"}],"curies":[{"name":"wp","href":"https:\/\/api.w.org\/{rel}","templated":true}]}}