{"id":1113,"date":"2023-04-20T14:03:46","date_gmt":"2023-04-20T17:03:46","guid":{"rendered":"https:\/\/wp.ufpel.edu.br\/cec\/?page_id=1113"},"modified":"2025-05-08T15:21:20","modified_gmt":"2025-05-08T18:21:20","slug":"pibid-programa-institucional-de-bolsas-de-iniciacao-a-docencia","status":"publish","type":"page","link":"https:\/\/wp.ufpel.edu.br\/cec\/programas\/pibid-programa-institucional-de-bolsas-de-iniciacao-a-docencia\/","title":{"rendered":"PIBID (Programa Institucional de Bolsas de Inicia\u00e7\u00e3o \u00e0 Doc\u00eancia)"},"content":{"rendered":"<p style=\"text-align: justify;\">O Programa Institucional de Bolsa de Inicia\u00e7\u00e3o \u00e0 Doc\u00eancia (<strong>PIBID<\/strong>) tem por finalidade fomentar a Inicia\u00e7\u00e3o \u00e0 Doc\u00eancia, contribuindo para o aperfei\u00e7oamento da forma\u00e7\u00e3o de docentes em n\u00edvel superior e para a melhoria de qualidade da educa\u00e7\u00e3o b\u00e1sica p\u00fablica brasileira. O PIBID tem por finalidade proporcionar a inser\u00e7\u00e3o no cotidiano das escolas p\u00fablicas de educa\u00e7\u00e3o b\u00e1sica para os discentes da primeira metade dos cursos de licenciatura, contribuindo para o aperfei\u00e7oamento da forma\u00e7\u00e3o de docentes em n\u00edvel superior (cf. Decreto 7.219\/2010).<\/p>\n<p style=\"text-align: justify;\">A partir desse Programa, os estudantes dos cursos de licenciatura, orientados por professores da UFPel, s\u00e3o acolhidos por professores das Escolas Campo \u2013 supervisores do <strong>PIBID<\/strong> \u2013 e s\u00e3o formados para o trabalho pedag\u00f3gico a partir da articula\u00e7\u00e3o entre essas institui\u00e7\u00f5es, contribuindo com o desenvolvimento de projetos e pr\u00e1ticas educativas.<\/p>\n<p style=\"text-align: justify;\">A Universidade Federal de Pelotas (UFPel) participa do <strong>PIBID<\/strong> desde sua primeira edi\u00e7\u00e3o, tendo sido contemplada em todos os Editais do Programa.<\/p>\n<p>Outras informa\u00e7\u00f5es sobre o PIBID UFPel est\u00e3o dispon\u00edveis em <span style=\"color: #0000ff;\"><a style=\"color: #0000ff;\" href=\"https:\/\/wp.ufpel.edu.br\/pibid\/\">https:\/\/wp.ufpel.edu.br\/pibid\/<\/a> <span style=\"color: #000000;\">ou pelo email <strong>pibidufpel2024@gmail.com<\/strong><\/span><\/span><\/p>\n<p>Os editais internos para a sele\u00e7\u00e3o dos estudantes e dos supervisores est\u00e3o dispon\u00edveis na aba Editais do site da PRE (<span style=\"color: #0000ff;\"><a style=\"color: #0000ff;\" href=\"https:\/\/wp.ufpel.edu.br\/pre\/editais\/\">https:\/\/wp.ufpel.edu.br\/pre\/editais\/<\/a><\/span>).<\/p>\n","protected":false},"excerpt":{"rendered":"<p>O Programa Institucional de Bolsa de Inicia\u00e7\u00e3o \u00e0 Doc\u00eancia (PIBID) tem por finalidade fomentar a Inicia\u00e7\u00e3o \u00e0 Doc\u00eancia, contribuindo para o aperfei\u00e7oamento da forma\u00e7\u00e3o de docentes em n\u00edvel superior e para a melhoria de qualidade da educa\u00e7\u00e3o b\u00e1sica p\u00fablica brasileira. O PIBID tem por finalidade proporcionar a inser\u00e7\u00e3o no cotidiano das escolas p\u00fablicas de educa\u00e7\u00e3o [&hellip;]<\/p>\n","protected":false},"author":252,"featured_media":0,"parent":1099,"menu_order":0,"comment_status":"closed","ping_status":"closed","template":"","meta":{"footnotes":""},"class_list":["post-1113","page","type-page","status-publish","hentry"],"_links":{"self":[{"href":"https:\/\/wp.ufpel.edu.br\/cec\/wp-json\/wp\/v2\/pages\/1113","targetHints":{"allow":["GET"]}}],"collection":[{"href":"https:\/\/wp.ufpel.edu.br\/cec\/wp-json\/wp\/v2\/pages"}],"about":[{"href":"https:\/\/wp.ufpel.edu.br\/cec\/wp-json\/wp\/v2\/types\/page"}],"author":[{"embeddable":true,"href":"https:\/\/wp.ufpel.edu.br\/cec\/wp-json\/wp\/v2\/users\/252"}],"replies":[{"embeddable":true,"href":"https:\/\/wp.ufpel.edu.br\/cec\/wp-json\/wp\/v2\/comments?post=1113"}],"version-history":[{"count":7,"href":"https:\/\/wp.ufpel.edu.br\/cec\/wp-json\/wp\/v2\/pages\/1113\/revisions"}],"predecessor-version":[{"id":1301,"href":"https:\/\/wp.ufpel.edu.br\/cec\/wp-json\/wp\/v2\/pages\/1113\/revisions\/1301"}],"up":[{"embeddable":true,"href":"https:\/\/wp.ufpel.edu.br\/cec\/wp-json\/wp\/v2\/pages\/1099"}],"wp:attachment":[{"href":"https:\/\/wp.ufpel.edu.br\/cec\/wp-json\/wp\/v2\/media?parent=1113"}],"curies":[{"name":"wp","href":"https:\/\/api.w.org\/{rel}","templated":true}]}}