{"id":1104,"date":"2023-04-18T15:41:13","date_gmt":"2023-04-18T18:41:13","guid":{"rendered":"https:\/\/wp.ufpel.edu.br\/cec\/?page_id=1104"},"modified":"2023-04-18T15:45:21","modified_gmt":"2023-04-18T18:45:21","slug":"programa-residencia-pedagogica","status":"publish","type":"page","link":"https:\/\/wp.ufpel.edu.br\/cec\/programas\/programa-residencia-pedagogica\/","title":{"rendered":"Programa Resid\u00eancia Pedag\u00f3gica"},"content":{"rendered":"<p style=\"text-align: justify;\">A Universidade Federal de Pelotas participa do Programa Resid\u00eancia Pedag\u00f3gica desde a aprova\u00e7\u00e3o do Projeto Institucional no Edital 01\/2020 da CAPES (Coordena\u00e7\u00e3o de Aperfei\u00e7oamento de Pessoal de N\u00edvel Superior), tendo a sua segunda edi\u00e7\u00e3o no Edital 24\/2022 da CAPES (Coordena\u00e7\u00e3o de Aperfei\u00e7oamento de Pessoal de N\u00edvel Superior).<\/p>\n<p style=\"text-align: justify;\">\nO Projeto institucional do Programa de Resid\u00eancia Pedag\u00f3gica na UFPel (PRP\/UFPel) tem o objetivo geral de aprimorar a forma\u00e7\u00e3o inicial de licenciandos da UFPel, no di\u00e1logo com Preceptores e Docentes Orientadores, ao planejar atividades de ensino, por meio de estudos e de atividades que estimulem a articula\u00e7\u00e3o entre a teoria e a pr\u00e1tica, promovendo a imers\u00e3o dos licenciandos (Residentes) nas escolas e nas Redes p\u00fablicas de Educa\u00e7\u00e3o B\u00e1sica. Atualmente o Programa atua no contexto do Ensino Fundamental e do Ensino M\u00e9dio, contemplando a participa\u00e7\u00e3o em 21 escolas p\u00fablicas da Educa\u00e7\u00e3o B\u00e1sica, com a participa\u00e7\u00e3o de 18 Docentes orientadores, 39 Preceptores (professores de escola), 195 Residentes bolsistas e at\u00e9 39 Residentes volunt\u00e1rios dos Cursos de Licenciatura.<\/p>\n<p style=\"text-align: justify;\">\nO Programa contempla a atua\u00e7\u00e3o de licenciandos dos seguintes cursos: Artes Visuais; Ci\u00eancias Biol\u00f3gicas; Ci\u00eancias Sociais; Dan\u00e7a; Educa\u00e7\u00e3o F\u00edsica; Filosofia; F\u00edsica; Geografia; Hist\u00f3ria; L\u00edngua Inglesa; L\u00edngua Portuguesa; Matem\u00e1tica; M\u00fasica; Pedagogia; Qu\u00edmica; e Teatro.<\/p>\n<p style=\"text-align: justify;\">\nOutras informa\u00e7\u00f5es est\u00e3o dispon\u00edveis em <span style=\"color: #0000ff;\"><a style=\"color: #0000ff;\" href=\"https:\/\/wp.ufpel.edu.br\/residenciapedagogica\/\">https:\/\/wp.ufpel.edu.br\/residenciapedagogica\/<\/a><\/span><\/p>\n","protected":false},"excerpt":{"rendered":"<p>A Universidade Federal de Pelotas participa do Programa Resid\u00eancia Pedag\u00f3gica desde a aprova\u00e7\u00e3o do Projeto Institucional no Edital 01\/2020 da CAPES (Coordena\u00e7\u00e3o de Aperfei\u00e7oamento de Pessoal de N\u00edvel Superior), tendo a sua segunda edi\u00e7\u00e3o no Edital 24\/2022 da CAPES (Coordena\u00e7\u00e3o de Aperfei\u00e7oamento de Pessoal de N\u00edvel Superior). O Projeto institucional do Programa de Resid\u00eancia Pedag\u00f3gica [&hellip;]<\/p>\n","protected":false},"author":252,"featured_media":0,"parent":1099,"menu_order":0,"comment_status":"closed","ping_status":"closed","template":"","meta":{"footnotes":""},"class_list":["post-1104","page","type-page","status-publish","hentry"],"_links":{"self":[{"href":"https:\/\/wp.ufpel.edu.br\/cec\/wp-json\/wp\/v2\/pages\/1104","targetHints":{"allow":["GET"]}}],"collection":[{"href":"https:\/\/wp.ufpel.edu.br\/cec\/wp-json\/wp\/v2\/pages"}],"about":[{"href":"https:\/\/wp.ufpel.edu.br\/cec\/wp-json\/wp\/v2\/types\/page"}],"author":[{"embeddable":true,"href":"https:\/\/wp.ufpel.edu.br\/cec\/wp-json\/wp\/v2\/users\/252"}],"replies":[{"embeddable":true,"href":"https:\/\/wp.ufpel.edu.br\/cec\/wp-json\/wp\/v2\/comments?post=1104"}],"version-history":[{"count":3,"href":"https:\/\/wp.ufpel.edu.br\/cec\/wp-json\/wp\/v2\/pages\/1104\/revisions"}],"predecessor-version":[{"id":1110,"href":"https:\/\/wp.ufpel.edu.br\/cec\/wp-json\/wp\/v2\/pages\/1104\/revisions\/1110"}],"up":[{"embeddable":true,"href":"https:\/\/wp.ufpel.edu.br\/cec\/wp-json\/wp\/v2\/pages\/1099"}],"wp:attachment":[{"href":"https:\/\/wp.ufpel.edu.br\/cec\/wp-json\/wp\/v2\/media?parent=1104"}],"curies":[{"name":"wp","href":"https:\/\/api.w.org\/{rel}","templated":true}]}}