{"id":1099,"date":"2023-04-18T15:36:35","date_gmt":"2023-04-18T18:36:35","guid":{"rendered":"https:\/\/wp.ufpel.edu.br\/cec\/?page_id=1099"},"modified":"2023-04-18T15:47:07","modified_gmt":"2023-04-18T18:47:07","slug":"programas","status":"publish","type":"page","link":"https:\/\/wp.ufpel.edu.br\/cec\/programas\/","title":{"rendered":"Programas"},"content":{"rendered":"<blockquote class=\"wp-embedded-content\" data-secret=\"QiqwH7TtDs\"><p><a href=\"https:\/\/wp.ufpel.edu.br\/cec\/programas\/programa-residencia-pedagogica\/\">Programa Resid\u00eancia Pedag\u00f3gica<\/a><\/p><\/blockquote>\n<p><iframe class=\"wp-embedded-content\" sandbox=\"allow-scripts\" security=\"restricted\" style=\"position: absolute; clip: rect(1px, 1px, 1px, 1px);\" title=\"&#8220;Programa Resid\u00eancia Pedag\u00f3gica&#8221; &#8212; Coordena\u00e7\u00e3o de Ensino e Curr\u00edculo - PRE\" src=\"https:\/\/wp.ufpel.edu.br\/cec\/programas\/programa-residencia-pedagogica\/embed\/#?secret=pYOZg63UCo#?secret=QiqwH7TtDs\" data-secret=\"QiqwH7TtDs\" width=\"500\" height=\"282\" frameborder=\"0\" marginwidth=\"0\" marginheight=\"0\" scrolling=\"no\"><\/iframe><\/p>\n","protected":false},"excerpt":{"rendered":"<p>Programa Resid\u00eancia Pedag\u00f3gica<\/p>\n","protected":false},"author":252,"featured_media":0,"parent":0,"menu_order":0,"comment_status":"closed","ping_status":"closed","template":"","meta":{"footnotes":""},"class_list":["post-1099","page","type-page","status-publish","hentry"],"_links":{"self":[{"href":"https:\/\/wp.ufpel.edu.br\/cec\/wp-json\/wp\/v2\/pages\/1099","targetHints":{"allow":["GET"]}}],"collection":[{"href":"https:\/\/wp.ufpel.edu.br\/cec\/wp-json\/wp\/v2\/pages"}],"about":[{"href":"https:\/\/wp.ufpel.edu.br\/cec\/wp-json\/wp\/v2\/types\/page"}],"author":[{"embeddable":true,"href":"https:\/\/wp.ufpel.edu.br\/cec\/wp-json\/wp\/v2\/users\/252"}],"replies":[{"embeddable":true,"href":"https:\/\/wp.ufpel.edu.br\/cec\/wp-json\/wp\/v2\/comments?post=1099"}],"version-history":[{"count":2,"href":"https:\/\/wp.ufpel.edu.br\/cec\/wp-json\/wp\/v2\/pages\/1099\/revisions"}],"predecessor-version":[{"id":1112,"href":"https:\/\/wp.ufpel.edu.br\/cec\/wp-json\/wp\/v2\/pages\/1099\/revisions\/1112"}],"wp:attachment":[{"href":"https:\/\/wp.ufpel.edu.br\/cec\/wp-json\/wp\/v2\/media?parent=1099"}],"curies":[{"name":"wp","href":"https:\/\/api.w.org\/{rel}","templated":true}]}}