{"id":1036,"date":"2022-07-18T11:28:01","date_gmt":"2022-07-18T14:28:01","guid":{"rendered":"https:\/\/wp.ufpel.edu.br\/cec\/?page_id=1036"},"modified":"2022-09-14T11:03:19","modified_gmt":"2022-09-14T14:03:19","slug":"serie-conhecendo-o-nuprop","status":"publish","type":"page","link":"https:\/\/wp.ufpel.edu.br\/cec\/serie-conhecendo-o-nuprop\/","title":{"rendered":"#s\u00e9rie: Conhecendo o NUPROP"},"content":{"rendered":"<p><span style=\"color: #0000ff;\">#s\u00e9rie: Conhecendo o NUPROP\u00a0 \u00a0 \u00a0 \u00a0 \u00a0 \u00a0 \u00a0 \u00a0 \u00a0 \u00a0 \u00a0 \u00a0 \u00a0 \u00a0 \u00a0 \u00a0 \u00a0<\/span><\/p>\n<p>O NUPROP est\u00e1 fazendo uma s\u00e9rie de reportagens sobre os Programas e Projetos institucionais de ensino da UFPEL, confere aqui:<\/p>\n<blockquote class=\"wp-embedded-content\" data-secret=\"uDArGsNnZq\"><p><a href=\"https:\/\/wp.ufpel.edu.br\/pre\/2022\/09\/14\/multiplicando-o-conhecimento-e-subtraindo-as-duvidas-como-o-projeto-gama-apoia-o-estudante-no-aprendizado-da-matematica\/\">Multiplicando o conhecimento e subtraindo as d\u00favidas: como o Projeto Gama apoia o estudante no aprendizado da matem\u00e1tica<\/a><\/p><\/blockquote>\n<p><iframe class=\"wp-embedded-content\" sandbox=\"allow-scripts\" security=\"restricted\" style=\"position: absolute; clip: rect(1px, 1px, 1px, 1px);\" title=\"&#8220;Multiplicando o conhecimento e subtraindo as d\u00favidas: como o Projeto Gama apoia o estudante no aprendizado da matem\u00e1tica&#8221; &#8212; Pr\u00f3-Reitoria de Ensino\" src=\"https:\/\/wp.ufpel.edu.br\/pre\/2022\/09\/14\/multiplicando-o-conhecimento-e-subtraindo-as-duvidas-como-o-projeto-gama-apoia-o-estudante-no-aprendizado-da-matematica\/embed\/#?secret=DqKLtMDD6B#?secret=uDArGsNnZq\" data-secret=\"uDArGsNnZq\" width=\"500\" height=\"282\" frameborder=\"0\" marginwidth=\"0\" marginheight=\"0\" scrolling=\"no\"><\/iframe><\/p>\n<blockquote class=\"wp-embedded-content\" data-secret=\"tESyftz3Kh\"><p><a href=\"https:\/\/wp.ufpel.edu.br\/pre\/2022\/08\/10\/um-salto-na-minha-vida-pessoal-conheca-o-programa-de-mobilidade-academica-da-ufpel\/\">\u201cUm salto na minha vida pessoal\u201d: conhe\u00e7a o programa de mobilidade acad\u00eamica da UFPel<\/a><\/p><\/blockquote>\n<p><iframe class=\"wp-embedded-content\" sandbox=\"allow-scripts\" security=\"restricted\" style=\"position: absolute; clip: rect(1px, 1px, 1px, 1px);\" title=\"&#8220;\u201cUm salto na minha vida pessoal\u201d: conhe\u00e7a o programa de mobilidade acad\u00eamica da UFPel&#8221; &#8212; Pr\u00f3-Reitoria de Ensino\" src=\"https:\/\/wp.ufpel.edu.br\/pre\/2022\/08\/10\/um-salto-na-minha-vida-pessoal-conheca-o-programa-de-mobilidade-academica-da-ufpel\/embed\/#?secret=XtROzgVIFb#?secret=tESyftz3Kh\" data-secret=\"tESyftz3Kh\" width=\"500\" height=\"282\" frameborder=\"0\" marginwidth=\"0\" marginheight=\"0\" scrolling=\"no\"><\/iframe><\/p>\n<blockquote class=\"wp-embedded-content\" data-secret=\"qYRinsSiSQ\"><p><a href=\"https:\/\/wp.ufpel.edu.br\/pre\/2022\/07\/18\/conheca-o-pet-meteorologia-grupo-com-mais-de-30-anos-de-historia-na-ufpel\/\">Conhe\u00e7a o PET Meteorologia: grupo com mais de 30 anos de hist\u00f3ria na UFPel<\/a><\/p><\/blockquote>\n<p><iframe class=\"wp-embedded-content\" sandbox=\"allow-scripts\" security=\"restricted\" style=\"position: absolute; clip: rect(1px, 1px, 1px, 1px);\" title=\"&#8220;Conhe\u00e7a o PET Meteorologia: grupo com mais de 30 anos de hist\u00f3ria na UFPel&#8221; &#8212; Pr\u00f3-Reitoria de Ensino\" src=\"https:\/\/wp.ufpel.edu.br\/pre\/2022\/07\/18\/conheca-o-pet-meteorologia-grupo-com-mais-de-30-anos-de-historia-na-ufpel\/embed\/#?secret=HhxHEKMxsj#?secret=qYRinsSiSQ\" data-secret=\"qYRinsSiSQ\" width=\"500\" height=\"282\" frameborder=\"0\" marginwidth=\"0\" marginheight=\"0\" scrolling=\"no\"><\/iframe><\/p>\n","protected":false},"excerpt":{"rendered":"<p>#s\u00e9rie: Conhecendo o NUPROP\u00a0 \u00a0 \u00a0 \u00a0 \u00a0 \u00a0 \u00a0 \u00a0 \u00a0 \u00a0 \u00a0 \u00a0 \u00a0 \u00a0 \u00a0 \u00a0 \u00a0 O NUPROP est\u00e1 fazendo uma s\u00e9rie de reportagens sobre os Programas e Projetos institucionais de ensino da UFPEL, confere aqui: Multiplicando o conhecimento e subtraindo as d\u00favidas: como o Projeto Gama apoia o estudante no [&hellip;]<\/p>\n","protected":false},"author":252,"featured_media":0,"parent":0,"menu_order":0,"comment_status":"closed","ping_status":"closed","template":"","meta":{"footnotes":""},"class_list":["post-1036","page","type-page","status-publish","hentry"],"_links":{"self":[{"href":"https:\/\/wp.ufpel.edu.br\/cec\/wp-json\/wp\/v2\/pages\/1036","targetHints":{"allow":["GET"]}}],"collection":[{"href":"https:\/\/wp.ufpel.edu.br\/cec\/wp-json\/wp\/v2\/pages"}],"about":[{"href":"https:\/\/wp.ufpel.edu.br\/cec\/wp-json\/wp\/v2\/types\/page"}],"author":[{"embeddable":true,"href":"https:\/\/wp.ufpel.edu.br\/cec\/wp-json\/wp\/v2\/users\/252"}],"replies":[{"embeddable":true,"href":"https:\/\/wp.ufpel.edu.br\/cec\/wp-json\/wp\/v2\/comments?post=1036"}],"version-history":[{"count":6,"href":"https:\/\/wp.ufpel.edu.br\/cec\/wp-json\/wp\/v2\/pages\/1036\/revisions"}],"predecessor-version":[{"id":1058,"href":"https:\/\/wp.ufpel.edu.br\/cec\/wp-json\/wp\/v2\/pages\/1036\/revisions\/1058"}],"wp:attachment":[{"href":"https:\/\/wp.ufpel.edu.br\/cec\/wp-json\/wp\/v2\/media?parent=1036"}],"curies":[{"name":"wp","href":"https:\/\/api.w.org\/{rel}","templated":true}]}}