{"id":1033,"date":"2022-07-18T11:22:40","date_gmt":"2022-07-18T14:22:40","guid":{"rendered":"https:\/\/wp.ufpel.edu.br\/cec\/?page_id=1033"},"modified":"2022-07-18T11:22:40","modified_gmt":"2022-07-18T14:22:40","slug":"nuprop","status":"publish","type":"page","link":"https:\/\/wp.ufpel.edu.br\/cec\/nuprop\/","title":{"rendered":"NUPROP"},"content":{"rendered":"<p><span style=\"color: #0000ff;\">#s\u00e9rie: Conhecendo o NUPROP<\/span><\/p>\n<p>O NUPROP est\u00e1 fazendo uma s\u00e9rie de reportagens sobre os Programas e Projetos institucionais de ensino da UFPEL, confere aqui!<\/p>\n<p>&nbsp;<\/p>\n<blockquote class=\"wp-embedded-content\" data-secret=\"ApfgcLKs8A\"><p><a href=\"https:\/\/wp.ufpel.edu.br\/pre\/2022\/07\/18\/conheca-o-pet-meteorologia-grupo-com-mais-de-30-anos-de-historia-na-ufpel\/\">Conhe\u00e7a o PET Meteorologia: grupo com mais de 30 anos de hist\u00f3ria na UFPel<\/a><\/p><\/blockquote>\n<p><iframe class=\"wp-embedded-content\" sandbox=\"allow-scripts\" security=\"restricted\" style=\"position: absolute; clip: rect(1px, 1px, 1px, 1px);\" title=\"&#8220;Conhe\u00e7a o PET Meteorologia: grupo com mais de 30 anos de hist\u00f3ria na UFPel&#8221; &#8212; Pr\u00f3-Reitoria de Ensino\" src=\"https:\/\/wp.ufpel.edu.br\/pre\/2022\/07\/18\/conheca-o-pet-meteorologia-grupo-com-mais-de-30-anos-de-historia-na-ufpel\/embed\/#?secret=xMaqyNw4eP#?secret=ApfgcLKs8A\" data-secret=\"ApfgcLKs8A\" width=\"500\" height=\"282\" frameborder=\"0\" marginwidth=\"0\" marginheight=\"0\" scrolling=\"no\"><\/iframe><\/p>\n<p>&nbsp;<\/p>\n","protected":false},"excerpt":{"rendered":"<p>#s\u00e9rie: Conhecendo o NUPROP O NUPROP est\u00e1 fazendo uma s\u00e9rie de reportagens sobre os Programas e Projetos institucionais de ensino da UFPEL, confere aqui! &nbsp; Conhe\u00e7a o PET Meteorologia: grupo com mais de 30 anos de hist\u00f3ria na UFPel &nbsp;<\/p>\n","protected":false},"author":252,"featured_media":0,"parent":0,"menu_order":0,"comment_status":"closed","ping_status":"closed","template":"","meta":{"footnotes":""},"class_list":["post-1033","page","type-page","status-publish","hentry"],"_links":{"self":[{"href":"https:\/\/wp.ufpel.edu.br\/cec\/wp-json\/wp\/v2\/pages\/1033","targetHints":{"allow":["GET"]}}],"collection":[{"href":"https:\/\/wp.ufpel.edu.br\/cec\/wp-json\/wp\/v2\/pages"}],"about":[{"href":"https:\/\/wp.ufpel.edu.br\/cec\/wp-json\/wp\/v2\/types\/page"}],"author":[{"embeddable":true,"href":"https:\/\/wp.ufpel.edu.br\/cec\/wp-json\/wp\/v2\/users\/252"}],"replies":[{"embeddable":true,"href":"https:\/\/wp.ufpel.edu.br\/cec\/wp-json\/wp\/v2\/comments?post=1033"}],"version-history":[{"count":1,"href":"https:\/\/wp.ufpel.edu.br\/cec\/wp-json\/wp\/v2\/pages\/1033\/revisions"}],"predecessor-version":[{"id":1035,"href":"https:\/\/wp.ufpel.edu.br\/cec\/wp-json\/wp\/v2\/pages\/1033\/revisions\/1035"}],"wp:attachment":[{"href":"https:\/\/wp.ufpel.edu.br\/cec\/wp-json\/wp\/v2\/media?parent=1033"}],"curies":[{"name":"wp","href":"https:\/\/api.w.org\/{rel}","templated":true}]}}