{"id":1018,"date":"2022-07-13T15:04:30","date_gmt":"2022-07-13T18:04:30","guid":{"rendered":"https:\/\/wp.ufpel.edu.br\/cec\/?page_id=1018"},"modified":"2024-05-03T08:20:10","modified_gmt":"2024-05-03T11:20:10","slug":"bolsas-de-ensino","status":"publish","type":"page","link":"https:\/\/wp.ufpel.edu.br\/cec\/bolsas-de-ensino\/","title":{"rendered":"Bolsas de Ensino"},"content":{"rendered":"<p style=\"text-align: justify;\">As Bolsas de Inicia\u00e7\u00e3o ao Ensino do Programa de Bolsas Acad\u00eamicas (PBA) da UFPEL destinam-se \u00e0 forma\u00e7\u00e3o acad\u00eamica de discentes regularmente matriculados em cursos de gradua\u00e7\u00e3o, e s\u00e3o necessariamente vinculadas a Projetos de Ensino, subdividindo-se em duas categorias distintas:<\/p>\n<ul style=\"text-align: justify;\">\n<li><strong>Bolsas de Projetos de Ensino,<\/strong>\u00a0que objetivam:<br \/>\na) a reflex\u00e3o sobre o contexto do Projeto Pedag\u00f3gico de Curso, no intuito de contribuir para o aprimoramento e qualifica\u00e7\u00e3o do processo de ensino-aprendizagem, atrav\u00e9s de atividades de car\u00e1ter tempor\u00e1rio;<br \/>\nb) a atua\u00e7\u00e3o do bolsista no desenvolvimento de abordagens did\u00e1tico-pedag\u00f3gicas inovadoras e criativas capazes de impactar positivamente o desempenho acad\u00eamico dos discentes em atividades n\u00e3o disciplinares, a partir do Projeto Pedag\u00f3gico do Curso.<\/li>\n<li><strong>Bolsas de Programas Estrat\u00e9gicos Institucionais<\/strong>, cujo Projeto de Ensino respectivo objetive:<br \/>\num conjunto articulado de a\u00e7\u00f5es com car\u00e1ter institucional, clareza de diretrizes e orienta\u00e7\u00e3o para um objetivo comum, sendo executado a m\u00e9dio e a longo prazo.<\/li>\n<\/ul>\n<p style=\"text-align: justify;\">O processo de sele\u00e7\u00e3o dar-se-\u00e1 por interm\u00e9dio de <a href=\"https:\/\/wp.ufpel.edu.br\/pre\/editais\/\"><span style=\"color: #0000ff;\">Editais espec\u00edficos<\/span><\/a>, publicados anualmente pela Pr\u00f3-Reitoria de Ensino (PRE), os quais estabelecer\u00e3o a vig\u00eancia, os procedimentos e os crit\u00e9rios para habilita\u00e7\u00e3o dos docentes interessados.<\/p>\n<p style=\"text-align: justify;\"><strong>\u00a0 \u00a0<\/strong><\/p>\n<p style=\"text-align: justify;\"><strong>D\u00favidas:\u00a0 nuprop@ufpel.edu.br<\/strong><\/p>\n","protected":false},"excerpt":{"rendered":"<p>As Bolsas de Inicia\u00e7\u00e3o ao Ensino do Programa de Bolsas Acad\u00eamicas (PBA) da UFPEL destinam-se \u00e0 forma\u00e7\u00e3o acad\u00eamica de discentes regularmente matriculados em cursos de gradua\u00e7\u00e3o, e s\u00e3o necessariamente vinculadas a Projetos de Ensino, subdividindo-se em duas categorias distintas: Bolsas de Projetos de Ensino,\u00a0que objetivam: a) a reflex\u00e3o sobre o contexto do Projeto Pedag\u00f3gico de [&hellip;]<\/p>\n","protected":false},"author":252,"featured_media":0,"parent":0,"menu_order":0,"comment_status":"closed","ping_status":"closed","template":"","meta":{"footnotes":""},"class_list":["post-1018","page","type-page","status-publish","hentry"],"_links":{"self":[{"href":"https:\/\/wp.ufpel.edu.br\/cec\/wp-json\/wp\/v2\/pages\/1018","targetHints":{"allow":["GET"]}}],"collection":[{"href":"https:\/\/wp.ufpel.edu.br\/cec\/wp-json\/wp\/v2\/pages"}],"about":[{"href":"https:\/\/wp.ufpel.edu.br\/cec\/wp-json\/wp\/v2\/types\/page"}],"author":[{"embeddable":true,"href":"https:\/\/wp.ufpel.edu.br\/cec\/wp-json\/wp\/v2\/users\/252"}],"replies":[{"embeddable":true,"href":"https:\/\/wp.ufpel.edu.br\/cec\/wp-json\/wp\/v2\/comments?post=1018"}],"version-history":[{"count":4,"href":"https:\/\/wp.ufpel.edu.br\/cec\/wp-json\/wp\/v2\/pages\/1018\/revisions"}],"predecessor-version":[{"id":1173,"href":"https:\/\/wp.ufpel.edu.br\/cec\/wp-json\/wp\/v2\/pages\/1018\/revisions\/1173"}],"wp:attachment":[{"href":"https:\/\/wp.ufpel.edu.br\/cec\/wp-json\/wp\/v2\/media?parent=1018"}],"curies":[{"name":"wp","href":"https:\/\/api.w.org\/{rel}","templated":true}]}}