{"id":5768,"date":"2020-03-05T10:56:37","date_gmt":"2020-03-05T13:56:37","guid":{"rendered":"https:\/\/wp.ufpel.edu.br\/cea\/?page_id=5768"},"modified":"2020-03-05T10:56:38","modified_gmt":"2020-03-05T13:56:38","slug":"projeto-de-acompanhamento-de-ingressantes-pai","status":"publish","type":"page","link":"https:\/\/wp.ufpel.edu.br\/cea\/area-do-ingressante\/projeto-de-acompanhamento-de-ingressantes-pai\/","title":{"rendered":"Projeto de Acompanhamento de Ingressantes (PAI)"},"content":{"rendered":"<p>Caro Ingressante,<\/p>\n<p>Para que voc\u00ea consiga aproveitar as oportunidades e experi\u00eancias que sua nova casa oferece, o grupo <a href=\"https:\/\/wp.ufpel.edu.br\/petea\/\">PET\u2013EA<\/a>, reuniu as principais informa\u00e7\u00f5es em um manual que todo calouro e caloura da agr\u00edcola precisa conhecer para que possa aproveitar todas as possibilidades que o curso tem para te oferecer.<\/p>\n<p><a href=\"https:\/\/wp.ufpel.edu.br\/petea\/1731-2\/\">Acesse o Manual do Ingressante<\/a><\/p>\n","protected":false},"excerpt":{"rendered":"<p>Caro Ingressante, Para que voc\u00ea consiga aproveitar as oportunidades e experi\u00eancias que sua nova casa oferece, o grupo PET\u2013EA, reuniu as principais informa\u00e7\u00f5es em um manual que todo calouro e caloura da agr\u00edcola precisa conhecer para que possa aproveitar todas as possibilidades que o curso tem para te oferecer. Acesse o Manual do Ingressante<\/p>\n","protected":false},"author":123,"featured_media":0,"parent":5756,"menu_order":1,"comment_status":"closed","ping_status":"closed","template":"","meta":{"footnotes":""},"class_list":["post-5768","page","type-page","status-publish","hentry"],"_links":{"self":[{"href":"https:\/\/wp.ufpel.edu.br\/cea\/wp-json\/wp\/v2\/pages\/5768","targetHints":{"allow":["GET"]}}],"collection":[{"href":"https:\/\/wp.ufpel.edu.br\/cea\/wp-json\/wp\/v2\/pages"}],"about":[{"href":"https:\/\/wp.ufpel.edu.br\/cea\/wp-json\/wp\/v2\/types\/page"}],"author":[{"embeddable":true,"href":"https:\/\/wp.ufpel.edu.br\/cea\/wp-json\/wp\/v2\/users\/123"}],"replies":[{"embeddable":true,"href":"https:\/\/wp.ufpel.edu.br\/cea\/wp-json\/wp\/v2\/comments?post=5768"}],"version-history":[{"count":2,"href":"https:\/\/wp.ufpel.edu.br\/cea\/wp-json\/wp\/v2\/pages\/5768\/revisions"}],"predecessor-version":[{"id":5771,"href":"https:\/\/wp.ufpel.edu.br\/cea\/wp-json\/wp\/v2\/pages\/5768\/revisions\/5771"}],"up":[{"embeddable":true,"href":"https:\/\/wp.ufpel.edu.br\/cea\/wp-json\/wp\/v2\/pages\/5756"}],"wp:attachment":[{"href":"https:\/\/wp.ufpel.edu.br\/cea\/wp-json\/wp\/v2\/media?parent=5768"}],"curies":[{"name":"wp","href":"https:\/\/api.w.org\/{rel}","templated":true}]}}