{"id":5295,"date":"2019-02-21T11:09:21","date_gmt":"2019-02-21T14:09:21","guid":{"rendered":"https:\/\/wp.ufpel.edu.br\/cea\/?page_id=5295"},"modified":"2022-06-14T16:17:44","modified_gmt":"2022-06-14T19:17:44","slug":"portarias","status":"publish","type":"page","link":"https:\/\/wp.ufpel.edu.br\/cea\/inicio\/portarias\/","title":{"rendered":"Portarias"},"content":{"rendered":"<p><a href=\"https:\/\/wp.ufpel.edu.br\/cea\/files\/2022\/06\/Portaria-Adamo-e-Humberto-Coordenador-do-Curso-de-Engenharia-Agricola-2022.pdf\">Portaria &#8211; Coordenador do Curso de Engenharia Agr\u00edcola 2022<\/a><\/p>\n<p><a href=\"https:\/\/wp.ufpel.edu.br\/cea\/files\/2021\/09\/SEI_UFPel-1441225-Portaria-Interna.pdf\">Portaria &#8211; Colegiado do Curso 2021<\/a><\/p>\n<p><a href=\"https:\/\/wp.ufpel.edu.br\/cea\/inicio\/portarias\/portaria-nucleo-docente-estruturante-2019\/\" rel=\"attachment wp-att-5752\">Portaria &#8211; N\u00facleo Docente Estruturante &#8211; 2019<\/a><\/p>\n<p><a href=\"https:\/\/wp.ufpel.edu.br\/cea\/files\/2020\/10\/Portaria-Comissao-de-Horas-Livres-e-Complementares.pdf\">Portaria &#8211; Comiss\u00e3o de Horas Livres e Complementares<\/a><\/p>\n<p><a href=\"https:\/\/wp.ufpel.edu.br\/cea\/inicio\/portarias\/sei_ufpel-portaria-48-2018-0274427-portaria-interna-comissao-de-avaliacao-curricular\/\" rel=\"attachment wp-att-5300\">Portaria Comiss\u00e3o de Avalia\u00e7\u00e3o Curricular<\/a><\/p>\n<p><a href=\"https:\/\/wp.ufpel.edu.br\/cea\/inicio\/portarias\/sei_ufpel-portaria-1523-2018-0198945-portaria-revalidacao-de-diplomas\/\" rel=\"attachment wp-att-5301\">Portaria Comiss\u00e3o de Revalida\u00e7\u00e3o de Diplomas<\/a><\/p>\n<p>&nbsp;<\/p>\n","protected":false},"excerpt":{"rendered":"<p>Portaria &#8211; Coordenador do Curso de Engenharia Agr\u00edcola 2022 Portaria &#8211; Colegiado do Curso 2021 Portaria &#8211; N\u00facleo Docente Estruturante &#8211; 2019 Portaria &#8211; Comiss\u00e3o de Horas Livres e Complementares Portaria Comiss\u00e3o de Avalia\u00e7\u00e3o Curricular Portaria Comiss\u00e3o de Revalida\u00e7\u00e3o de Diplomas &nbsp;<\/p>\n","protected":false},"author":123,"featured_media":0,"parent":132,"menu_order":0,"comment_status":"closed","ping_status":"closed","template":"","meta":{"footnotes":""},"class_list":["post-5295","page","type-page","status-publish","hentry"],"_links":{"self":[{"href":"https:\/\/wp.ufpel.edu.br\/cea\/wp-json\/wp\/v2\/pages\/5295","targetHints":{"allow":["GET"]}}],"collection":[{"href":"https:\/\/wp.ufpel.edu.br\/cea\/wp-json\/wp\/v2\/pages"}],"about":[{"href":"https:\/\/wp.ufpel.edu.br\/cea\/wp-json\/wp\/v2\/types\/page"}],"author":[{"embeddable":true,"href":"https:\/\/wp.ufpel.edu.br\/cea\/wp-json\/wp\/v2\/users\/123"}],"replies":[{"embeddable":true,"href":"https:\/\/wp.ufpel.edu.br\/cea\/wp-json\/wp\/v2\/comments?post=5295"}],"version-history":[{"count":10,"href":"https:\/\/wp.ufpel.edu.br\/cea\/wp-json\/wp\/v2\/pages\/5295\/revisions"}],"predecessor-version":[{"id":6409,"href":"https:\/\/wp.ufpel.edu.br\/cea\/wp-json\/wp\/v2\/pages\/5295\/revisions\/6409"}],"up":[{"embeddable":true,"href":"https:\/\/wp.ufpel.edu.br\/cea\/wp-json\/wp\/v2\/pages\/132"}],"wp:attachment":[{"href":"https:\/\/wp.ufpel.edu.br\/cea\/wp-json\/wp\/v2\/media?parent=5295"}],"curies":[{"name":"wp","href":"https:\/\/api.w.org\/{rel}","templated":true}]}}