{"id":4442,"date":"2017-06-29T16:24:31","date_gmt":"2017-06-29T19:24:31","guid":{"rendered":"https:\/\/wp.ufpel.edu.br\/cea\/?page_id=4442"},"modified":"2021-03-31T11:34:17","modified_gmt":"2021-03-31T14:34:17","slug":"tcc","status":"publish","type":"page","link":"https:\/\/wp.ufpel.edu.br\/cea\/atividades-academicas\/tcc\/","title":{"rendered":"TCC"},"content":{"rendered":"<p>Trabalho de Conclus\u00e3o de Curso<\/p>\n<p>Os Trabalhos de Conclus\u00e3o de Curso 1 e 2 ser\u00e3o realizados individualmente e estar\u00e3o sob supervis\u00e3o de um professor orientador. Trata-se de um trabalho te\u00f3rico e pr\u00e1tico, onde dever\u00e3o ser aplicados os conhecimentos adquiridos pelo aluno no decorrer do curso de gradua\u00e7\u00e3o, respeitando os temas de interesse da \u00e1rea de Engenharia de Engenharia Agr\u00edcola.<\/p>\n<p>O Trabalho de Conclus\u00e3o de Curso \u00e9 obrigat\u00f3rio para a integraliza\u00e7\u00e3o do curso e n\u00e3o pode ser substitu\u00eddo por outra atividade.<\/p>\n<p>A tem\u00e1tica a ser abordada deve estar contida no \u00e2mbito das atribui\u00e7\u00f5es profissionais de Engenharia Agr\u00edcola, nas \u00e1reas e sub\u00e1reas de conhecimento profissional acordadas na RESOLU\u00c7\u00c3O do CONFEA N\u00ba 256, DE 27 maio 1978 e da RESOLU\u00c7\u00c3O N\u00b0 1.073, DE 19 DE abril DE 2016, as quais estabelecem as atividades profissionais do Engenheiro Agr\u00edcola, quais sejam:<\/p>\n<p>Conforme mencionado na RESOLU\u00c7\u00c3O N\u00b0 1.073:<\/p>\n<p>Art. 5\u00ba Aos profissionais registrados nos Creas s\u00e3o atribu\u00eddas as atividades profissionais estipuladas nas leis e nos decretos regulamentadores das respectivas profiss\u00f5es, acrescidas das atividades profissionais previstas nas resolu\u00e7\u00f5es do Confea, em vigor, que disp\u00f5em sobre o assunto.<\/p>\n<ul>\n<li>1\u00ba Para efeito de fiscaliza\u00e7\u00e3o do exerc\u00edcio profissional dos profissionais registrados nos Creas, ficam designadas as seguintes atividades profissionais:<\/li>\n<\/ul>\n<p>Atividade 01 \u2013 Gest\u00e3o, supervis\u00e3o, coordena\u00e7\u00e3o, orienta\u00e7\u00e3o t\u00e9cnica.<\/p>\n<p>Atividade 02 \u2013 Coleta de dados, estudo, planejamento, anteprojeto, projeto, detalhamento, dimensionamento e especifica\u00e7\u00e3o.<\/p>\n<p>Atividade 03 \u2013 Estudo de viabilidade t\u00e9cnico-econ\u00f4mica e ambiental.<\/p>\n<p>Atividade 04 \u2013 Assist\u00eancia, assessoria, consultoria.<\/p>\n<p>Atividade 05 \u2013 Dire\u00e7\u00e3o de obra ou servi\u00e7o t\u00e9cnico.<\/p>\n<p>Atividade 06 \u2013 Vistoria, per\u00edcia, inspe\u00e7\u00e3o, avalia\u00e7\u00e3o, monitoramento, laudo, parecer t\u00e9cnico, auditoria, arbitragem.<\/p>\n<p>Atividade 07 \u2013 Desempenho de cargo ou fun\u00e7\u00e3o t\u00e9cnica.<\/p>\n<p>Atividade 08 \u2013 Treinamento, ensino, pesquisa, desenvolvimento, an\u00e1lise, experimenta\u00e7\u00e3o, ensaio, divulga\u00e7\u00e3o t\u00e9cnica, extens\u00e3o.<\/p>\n<p>Atividade 09 \u2013 Elabora\u00e7\u00e3o de or\u00e7amento.<\/p>\n<p>Atividade 10 \u2013 Padroniza\u00e7\u00e3o, mensura\u00e7\u00e3o, controle de qualidade.<\/p>\n<p>Atividade 11 \u2013 Execu\u00e7\u00e3o de obra ou servi\u00e7o t\u00e9cnico.<\/p>\n<p>Atividade 12 \u2013 Fiscaliza\u00e7\u00e3o de obra ou servi\u00e7o t\u00e9cnico.<\/p>\n<p>Atividade 13 \u2013 Produ\u00e7\u00e3o t\u00e9cnica e especializada.<\/p>\n<p>Atividade 14 \u2013 Condu\u00e7\u00e3o de servi\u00e7o t\u00e9cnico.<\/p>\n<p>Atividade 15 \u2013 Condu\u00e7\u00e3o de equipe de produ\u00e7\u00e3o, fabrica\u00e7\u00e3o, instala\u00e7\u00e3o, montagem, opera\u00e7\u00e3o, reforma, restaura\u00e7\u00e3o, reparo ou manuten\u00e7\u00e3o.<\/p>\n<p>Atividade 16 \u2013 Execu\u00e7\u00e3o de produ\u00e7\u00e3o, fabrica\u00e7\u00e3o, instala\u00e7\u00e3o, montagem, opera\u00e7\u00e3o, reforma, restaura\u00e7\u00e3o, reparo ou manuten\u00e7\u00e3o.<\/p>\n<p>Atividade 17 \u2013 Opera\u00e7\u00e3o, manuten\u00e7\u00e3o de equipamento ou instala\u00e7\u00e3o.<\/p>\n<p>Atividade 18 \u2013 Execu\u00e7\u00e3o de desenho t\u00e9cnico.<\/p>\n<ul>\n<li>2\u00ba As atividades profissionais designadas no \u00a7 1\u00ba poder\u00e3o ser atribu\u00eddas de forma integral ou parcial, em seu conjunto ou separadamente, mediante an\u00e1lise do curr\u00edculo escolar e do projeto pedag\u00f3gico do curso de forma\u00e7\u00e3o do profissional, observado o disposto nas leis, nos decretos e nos normativos do Confea, em vigor, que tratam do assunto.<\/li>\n<\/ul>\n<p>Procedimentos para entrega de TTC no Colegiado para envio a biblioteca UFPel.<\/p>\n<p>Alunos poder\u00e3o enviar arquivo final por e-mail em pdf, mas dever\u00e3o entregar o termo de autoriza\u00e7\u00e3o (impresso no colegiado).<\/p>\n<p>Tal termo encontra-se no seguinte link:<\/p>\n<p><a href=\"https:\/\/wp.ufpel.edu.br\/bibcp\/files\/2021\/03\/Termo-de-autorizacao-para-inserir-TCC-e-TCCP-nas-bases-de-dados-da-UFPel-Novo.pdf\">https:\/\/wp.ufpel.edu.br\/bibcp\/files\/2021\/03\/Termo-de-autorizacao-para-inserir-TCC-e-TCCP-nas-bases-de-dados-da-UFPel-Novo.pdf<\/a><\/p>\n<p>Portaria regulamentando o tema:<\/p>\n<p><a href=\"https:\/\/wp.ufpel.edu.br\/cea\/files\/2017\/06\/Portaria-1081-2017-Entrega-de-Trabalhos-Acad%C3%AAmicos-nas-Bibliotecas.pdf\">Portaria 1081-2017 Entrega de Trabalhos Acad\u00eamicos nas Bibliotecas<\/a><\/p>\n","protected":false},"excerpt":{"rendered":"<p>Trabalho de Conclus\u00e3o de Curso Os Trabalhos de Conclus\u00e3o de Curso 1 e 2 ser\u00e3o realizados individualmente e estar\u00e3o sob supervis\u00e3o de um professor orientador. Trata-se de um trabalho te\u00f3rico e pr\u00e1tico, onde dever\u00e3o ser aplicados os conhecimentos adquiridos pelo aluno no decorrer do curso de gradua\u00e7\u00e3o, respeitando os temas de interesse da \u00e1rea de [&hellip;]<\/p>\n","protected":false},"author":123,"featured_media":0,"parent":1060,"menu_order":3,"comment_status":"closed","ping_status":"closed","template":"","meta":{"footnotes":""},"class_list":["post-4442","page","type-page","status-publish","hentry"],"_links":{"self":[{"href":"https:\/\/wp.ufpel.edu.br\/cea\/wp-json\/wp\/v2\/pages\/4442","targetHints":{"allow":["GET"]}}],"collection":[{"href":"https:\/\/wp.ufpel.edu.br\/cea\/wp-json\/wp\/v2\/pages"}],"about":[{"href":"https:\/\/wp.ufpel.edu.br\/cea\/wp-json\/wp\/v2\/types\/page"}],"author":[{"embeddable":true,"href":"https:\/\/wp.ufpel.edu.br\/cea\/wp-json\/wp\/v2\/users\/123"}],"replies":[{"embeddable":true,"href":"https:\/\/wp.ufpel.edu.br\/cea\/wp-json\/wp\/v2\/comments?post=4442"}],"version-history":[{"count":5,"href":"https:\/\/wp.ufpel.edu.br\/cea\/wp-json\/wp\/v2\/pages\/4442\/revisions"}],"predecessor-version":[{"id":6071,"href":"https:\/\/wp.ufpel.edu.br\/cea\/wp-json\/wp\/v2\/pages\/4442\/revisions\/6071"}],"up":[{"embeddable":true,"href":"https:\/\/wp.ufpel.edu.br\/cea\/wp-json\/wp\/v2\/pages\/1060"}],"wp:attachment":[{"href":"https:\/\/wp.ufpel.edu.br\/cea\/wp-json\/wp\/v2\/media?parent=4442"}],"curies":[{"name":"wp","href":"https:\/\/api.w.org\/{rel}","templated":true}]}}