{"id":4227,"date":"2017-03-28T15:09:37","date_gmt":"2017-03-28T18:09:37","guid":{"rendered":"https:\/\/wp.ufpel.edu.br\/cea\/?page_id=4227"},"modified":"2026-03-11T15:51:25","modified_gmt":"2026-03-11T18:51:25","slug":"projeto-pedagogico-2025","status":"publish","type":"page","link":"https:\/\/wp.ufpel.edu.br\/cea\/curso\/curriculo\/projeto-pedagogico-2025\/","title":{"rendered":"Projeto Pedag\u00f3gico 2025"},"content":{"rendered":"<p><a href=\"https:\/\/wp.ufpel.edu.br\/cea\/files\/2026\/03\/PROJETO-PEDAGOGICO-DO-CURSO-DE-ENGENHARIA-AGRICOLA-DA-UFPEL-2025com-codigos.pdf\">PROJETO PEDAG\u00d3GICO DO CURSO DE ENGENHARIA AGR\u00cdCOLA DA UFPEL 2025(com c\u00f3digos)<\/a><\/p>\n","protected":false},"excerpt":{"rendered":"<p>PROJETO PEDAG\u00d3GICO DO CURSO DE ENGENHARIA AGR\u00cdCOLA DA UFPEL 2025(com c\u00f3digos)<\/p>\n","protected":false},"author":123,"featured_media":0,"parent":169,"menu_order":0,"comment_status":"closed","ping_status":"closed","template":"","meta":{"footnotes":""},"class_list":["post-4227","page","type-page","status-publish","hentry"],"_links":{"self":[{"href":"https:\/\/wp.ufpel.edu.br\/cea\/wp-json\/wp\/v2\/pages\/4227","targetHints":{"allow":["GET"]}}],"collection":[{"href":"https:\/\/wp.ufpel.edu.br\/cea\/wp-json\/wp\/v2\/pages"}],"about":[{"href":"https:\/\/wp.ufpel.edu.br\/cea\/wp-json\/wp\/v2\/types\/page"}],"author":[{"embeddable":true,"href":"https:\/\/wp.ufpel.edu.br\/cea\/wp-json\/wp\/v2\/users\/123"}],"replies":[{"embeddable":true,"href":"https:\/\/wp.ufpel.edu.br\/cea\/wp-json\/wp\/v2\/comments?post=4227"}],"version-history":[{"count":4,"href":"https:\/\/wp.ufpel.edu.br\/cea\/wp-json\/wp\/v2\/pages\/4227\/revisions"}],"predecessor-version":[{"id":6550,"href":"https:\/\/wp.ufpel.edu.br\/cea\/wp-json\/wp\/v2\/pages\/4227\/revisions\/6550"}],"up":[{"embeddable":true,"href":"https:\/\/wp.ufpel.edu.br\/cea\/wp-json\/wp\/v2\/pages\/169"}],"wp:attachment":[{"href":"https:\/\/wp.ufpel.edu.br\/cea\/wp-json\/wp\/v2\/media?parent=4227"}],"curies":[{"name":"wp","href":"https:\/\/api.w.org\/{rel}","templated":true}]}}