{"id":4204,"date":"2017-03-03T16:32:31","date_gmt":"2017-03-03T19:32:31","guid":{"rendered":"https:\/\/wp.ufpel.edu.br\/cea\/?page_id=4204"},"modified":"2017-03-03T16:32:31","modified_gmt":"2017-03-03T19:32:31","slug":"atestado-medico","status":"publish","type":"page","link":"https:\/\/wp.ufpel.edu.br\/cea\/inicio\/atestado-medico\/","title":{"rendered":"Atestado M\u00e9dico"},"content":{"rendered":"<div><strong>Regras sobre atestados m\u00e9dicos.<\/strong><\/div>\n<div>&#8211; Atestados m\u00e9dicos inferiores a tr\u00eas dias\u00a0<strong>n\u00e3o<\/strong>\u00a0dever\u00e3o ser encaminhados a Pericia M\u00e9dica, estes dever\u00e3o ser resolvidos no \u00e2mbito do Colegiado do Curso conforme Regulamento do Ensino da Gradua\u00e7\u00e3o.<\/div>\n<div>&#8211; Atestados com mais de tr\u00eas dias dever\u00e3o ser entregues no N\u00facleo de Pericia M\u00e9dica da UFPel\u00a0(situado \u00e0 rua Dr. Cassiano, 424 entre Os\u00f3rio e Deodoro, centro de Pelotas).<\/div>\n<div><\/div>\n<div><strong>Regulamento do Ensino da Gradua\u00e7\u00e3o:<\/strong><\/div>\n<div><em>Art. 68. O discente que, por impedimento legal, doen\u00e7a atestada por servi\u00e7o m\u00e9dico de sa\u00fade ou motivo de for\u00e7a maior, devidamente comprovado, faltar a uma avalia\u00e7\u00e3o, poder\u00e1 realiz\u00e1-la em outro momento, desde que requeira por escrito (formul\u00e1rio dispon\u00edvel no colegiado) ao Colegiado de Curso at\u00e9 3 (tr\u00eas) dias \u00fateis ap\u00f3s a realiza\u00e7\u00e3o da avalia\u00e7\u00e3o anterior.<\/em><\/div>\n","protected":false},"excerpt":{"rendered":"<p>Regras sobre atestados m\u00e9dicos. &#8211; Atestados m\u00e9dicos inferiores a tr\u00eas dias\u00a0n\u00e3o\u00a0dever\u00e3o ser encaminhados a Pericia M\u00e9dica, estes dever\u00e3o ser resolvidos no \u00e2mbito do Colegiado do Curso conforme Regulamento do Ensino da Gradua\u00e7\u00e3o. &#8211; Atestados com mais de tr\u00eas dias dever\u00e3o ser entregues no N\u00facleo de Pericia M\u00e9dica da UFPel\u00a0(situado \u00e0 rua Dr. Cassiano, 424 entre [&hellip;]<\/p>\n","protected":false},"author":123,"featured_media":0,"parent":132,"menu_order":4,"comment_status":"closed","ping_status":"closed","template":"","meta":{"footnotes":""},"class_list":["post-4204","page","type-page","status-publish","hentry"],"_links":{"self":[{"href":"https:\/\/wp.ufpel.edu.br\/cea\/wp-json\/wp\/v2\/pages\/4204","targetHints":{"allow":["GET"]}}],"collection":[{"href":"https:\/\/wp.ufpel.edu.br\/cea\/wp-json\/wp\/v2\/pages"}],"about":[{"href":"https:\/\/wp.ufpel.edu.br\/cea\/wp-json\/wp\/v2\/types\/page"}],"author":[{"embeddable":true,"href":"https:\/\/wp.ufpel.edu.br\/cea\/wp-json\/wp\/v2\/users\/123"}],"replies":[{"embeddable":true,"href":"https:\/\/wp.ufpel.edu.br\/cea\/wp-json\/wp\/v2\/comments?post=4204"}],"version-history":[{"count":4,"href":"https:\/\/wp.ufpel.edu.br\/cea\/wp-json\/wp\/v2\/pages\/4204\/revisions"}],"predecessor-version":[{"id":4209,"href":"https:\/\/wp.ufpel.edu.br\/cea\/wp-json\/wp\/v2\/pages\/4204\/revisions\/4209"}],"up":[{"embeddable":true,"href":"https:\/\/wp.ufpel.edu.br\/cea\/wp-json\/wp\/v2\/pages\/132"}],"wp:attachment":[{"href":"https:\/\/wp.ufpel.edu.br\/cea\/wp-json\/wp\/v2\/media?parent=4204"}],"curies":[{"name":"wp","href":"https:\/\/api.w.org\/{rel}","templated":true}]}}