{"id":4140,"date":"2016-12-15T14:42:30","date_gmt":"2016-12-15T16:42:30","guid":{"rendered":"https:\/\/wp.ufpel.edu.br\/cea\/?page_id=4140"},"modified":"2017-03-03T15:26:45","modified_gmt":"2017-03-03T18:26:45","slug":"nulab","status":"publish","type":"page","link":"https:\/\/wp.ufpel.edu.br\/cea\/laboratorios\/nulab\/","title":{"rendered":"NULAB"},"content":{"rendered":"<blockquote class=\"wp-embedded-content\" data-secret=\"oALyNGaNoI\"><p><a href=\"https:\/\/wp.ufpel.edu.br\/nulab\/ceng\/engenharia-agricola\/\">Engenharia Agr\u00edcola<\/a><\/p><\/blockquote>\n<p><iframe class=\"wp-embedded-content\" sandbox=\"allow-scripts\" security=\"restricted\" style=\"position: absolute; clip: rect(1px, 1px, 1px, 1px);\" title=\"&#8220;Engenharia Agr\u00edcola&#8221; &#8212; N\u00facleo Geral de Laborat\u00f3rios\" src=\"https:\/\/wp.ufpel.edu.br\/nulab\/ceng\/engenharia-agricola\/embed\/#?secret=irygelO7Dt#?secret=oALyNGaNoI\" data-secret=\"oALyNGaNoI\" width=\"500\" height=\"282\" frameborder=\"0\" marginwidth=\"0\" marginheight=\"0\" scrolling=\"no\"><\/iframe><\/p>\n","protected":false},"excerpt":{"rendered":"<p>Engenharia Agr\u00edcola<\/p>\n","protected":false},"author":123,"featured_media":0,"parent":4190,"menu_order":10,"comment_status":"closed","ping_status":"closed","template":"","meta":{"footnotes":""},"class_list":["post-4140","page","type-page","status-publish","hentry"],"_links":{"self":[{"href":"https:\/\/wp.ufpel.edu.br\/cea\/wp-json\/wp\/v2\/pages\/4140","targetHints":{"allow":["GET"]}}],"collection":[{"href":"https:\/\/wp.ufpel.edu.br\/cea\/wp-json\/wp\/v2\/pages"}],"about":[{"href":"https:\/\/wp.ufpel.edu.br\/cea\/wp-json\/wp\/v2\/types\/page"}],"author":[{"embeddable":true,"href":"https:\/\/wp.ufpel.edu.br\/cea\/wp-json\/wp\/v2\/users\/123"}],"replies":[{"embeddable":true,"href":"https:\/\/wp.ufpel.edu.br\/cea\/wp-json\/wp\/v2\/comments?post=4140"}],"version-history":[{"count":1,"href":"https:\/\/wp.ufpel.edu.br\/cea\/wp-json\/wp\/v2\/pages\/4140\/revisions"}],"predecessor-version":[{"id":4142,"href":"https:\/\/wp.ufpel.edu.br\/cea\/wp-json\/wp\/v2\/pages\/4140\/revisions\/4142"}],"up":[{"embeddable":true,"href":"https:\/\/wp.ufpel.edu.br\/cea\/wp-json\/wp\/v2\/pages\/4190"}],"wp:attachment":[{"href":"https:\/\/wp.ufpel.edu.br\/cea\/wp-json\/wp\/v2\/media?parent=4140"}],"curies":[{"name":"wp","href":"https:\/\/api.w.org\/{rel}","templated":true}]}}