{"id":3899,"date":"2016-06-27T15:49:45","date_gmt":"2016-06-27T18:49:45","guid":{"rendered":"https:\/\/wp.ufpel.edu.br\/cea\/?page_id=3899"},"modified":"2016-09-16T17:48:57","modified_gmt":"2016-09-16T20:48:57","slug":"diretorio-academico","status":"publish","type":"page","link":"https:\/\/wp.ufpel.edu.br\/cea\/diretorio-academico\/","title":{"rendered":"DA-EA"},"content":{"rendered":"<p>Site do <strong>Diret\u00f3rio Acad\u00eamico<\/strong> do Curso de Engenharia Agr\u00edcola:<\/p>\n<p><a href=\"https:\/\/wp.ufpel.edu.br\/daagricola\/\">DACEA<\/a><\/p>\n<p>&nbsp;<\/p>\n<p>&nbsp;<\/p>\n","protected":false},"excerpt":{"rendered":"<p>Site do Diret\u00f3rio Acad\u00eamico do Curso de Engenharia Agr\u00edcola: DACEA &nbsp; &nbsp;<\/p>\n","protected":false},"author":123,"featured_media":0,"parent":0,"menu_order":11,"comment_status":"closed","ping_status":"closed","template":"","meta":{"footnotes":""},"class_list":["post-3899","page","type-page","status-publish","hentry"],"_links":{"self":[{"href":"https:\/\/wp.ufpel.edu.br\/cea\/wp-json\/wp\/v2\/pages\/3899","targetHints":{"allow":["GET"]}}],"collection":[{"href":"https:\/\/wp.ufpel.edu.br\/cea\/wp-json\/wp\/v2\/pages"}],"about":[{"href":"https:\/\/wp.ufpel.edu.br\/cea\/wp-json\/wp\/v2\/types\/page"}],"author":[{"embeddable":true,"href":"https:\/\/wp.ufpel.edu.br\/cea\/wp-json\/wp\/v2\/users\/123"}],"replies":[{"embeddable":true,"href":"https:\/\/wp.ufpel.edu.br\/cea\/wp-json\/wp\/v2\/comments?post=3899"}],"version-history":[{"count":3,"href":"https:\/\/wp.ufpel.edu.br\/cea\/wp-json\/wp\/v2\/pages\/3899\/revisions"}],"predecessor-version":[{"id":4076,"href":"https:\/\/wp.ufpel.edu.br\/cea\/wp-json\/wp\/v2\/pages\/3899\/revisions\/4076"}],"wp:attachment":[{"href":"https:\/\/wp.ufpel.edu.br\/cea\/wp-json\/wp\/v2\/media?parent=3899"}],"curies":[{"name":"wp","href":"https:\/\/api.w.org\/{rel}","templated":true}]}}