{"id":2736,"date":"2012-10-19T12:27:41","date_gmt":"2012-10-19T12:27:41","guid":{"rendered":"https:\/\/wp.ufpel.edu.br\/cea\/?page_id=2736"},"modified":"2021-08-05T10:32:17","modified_gmt":"2021-08-05T13:32:17","slug":"correcao-de-matriculas","status":"publish","type":"page","link":"https:\/\/wp.ufpel.edu.br\/cea\/inicio\/correcao-de-matriculas\/","title":{"rendered":"Corre\u00e7\u00e3o de Matr\u00edculas \/ Matr\u00edcula Especial"},"content":{"rendered":"<p>&nbsp;<\/p>\n<ul>\n<li><strong>Corre\u00e7\u00e3o de matr\u00edcula<\/strong><\/li>\n<\/ul>\n<p>O aluno que desejar corrigir sua matr\u00edcula, tanto incluindo quanto excluindo disciplinas, poder\u00e1 faz\u00ea-lo no per\u00edodo estipulado pelo <a href=\"https:\/\/wp.ufpel.edu.br\/cra\/calendarios-academicos\/\">calend\u00e1rio acad\u00eamico<\/a>.<\/p>\n<p>As informa\u00e7\u00f5es sobre a corre\u00e7\u00e3o de matr\u00edculas podem ser encontradas em: <a href=\"https:\/\/wp.ufpel.edu.br\/cra\/correcao-de-matricula\/\">https:\/\/wp.ufpel.edu.br\/cra\/correcao-de-matricula\/<\/a>.<\/p>\n<ul>\n<li><strong>Matr\u00edcula Especial<\/strong><\/li>\n<\/ul>\n<p>O aluno que necessita realizar matr\u00edcula especial em outro curso, dever\u00e1 solicitar no per\u00edodo estipulado pelo <a href=\"https:\/\/wp.ufpel.edu.br\/cra\/calendarios-academicos\/\">calend\u00e1rio acad\u00eamico<\/a>.<\/p>\n<p>As informa\u00e7\u00f5es sobre a matr\u00edculas especiais podem ser encontradas em: <a href=\"https:\/\/wp.ufpel.edu.br\/cra\/matricula-especial\/\">https:\/\/wp.ufpel.edu.br\/cra\/matricula-especial\/<\/a>.<\/p>\n<p>&nbsp;<\/p>\n","protected":false},"excerpt":{"rendered":"<p>&nbsp; Corre\u00e7\u00e3o de matr\u00edcula O aluno que desejar corrigir sua matr\u00edcula, tanto incluindo quanto excluindo disciplinas, poder\u00e1 faz\u00ea-lo no per\u00edodo estipulado pelo calend\u00e1rio acad\u00eamico. As informa\u00e7\u00f5es sobre a corre\u00e7\u00e3o de matr\u00edculas podem ser encontradas em: https:\/\/wp.ufpel.edu.br\/cra\/correcao-de-matricula\/. Matr\u00edcula Especial O aluno que necessita realizar matr\u00edcula especial em outro curso, dever\u00e1 solicitar no per\u00edodo estipulado pelo calend\u00e1rio [&hellip;]<\/p>\n","protected":false},"author":123,"featured_media":0,"parent":132,"menu_order":2,"comment_status":"closed","ping_status":"closed","template":"","meta":{"footnotes":""},"class_list":["post-2736","page","type-page","status-publish","hentry"],"_links":{"self":[{"href":"https:\/\/wp.ufpel.edu.br\/cea\/wp-json\/wp\/v2\/pages\/2736","targetHints":{"allow":["GET"]}}],"collection":[{"href":"https:\/\/wp.ufpel.edu.br\/cea\/wp-json\/wp\/v2\/pages"}],"about":[{"href":"https:\/\/wp.ufpel.edu.br\/cea\/wp-json\/wp\/v2\/types\/page"}],"author":[{"embeddable":true,"href":"https:\/\/wp.ufpel.edu.br\/cea\/wp-json\/wp\/v2\/users\/123"}],"replies":[{"embeddable":true,"href":"https:\/\/wp.ufpel.edu.br\/cea\/wp-json\/wp\/v2\/comments?post=2736"}],"version-history":[{"count":8,"href":"https:\/\/wp.ufpel.edu.br\/cea\/wp-json\/wp\/v2\/pages\/2736\/revisions"}],"predecessor-version":[{"id":6267,"href":"https:\/\/wp.ufpel.edu.br\/cea\/wp-json\/wp\/v2\/pages\/2736\/revisions\/6267"}],"up":[{"embeddable":true,"href":"https:\/\/wp.ufpel.edu.br\/cea\/wp-json\/wp\/v2\/pages\/132"}],"wp:attachment":[{"href":"https:\/\/wp.ufpel.edu.br\/cea\/wp-json\/wp\/v2\/media?parent=2736"}],"curies":[{"name":"wp","href":"https:\/\/api.w.org\/{rel}","templated":true}]}}