{"id":2611,"date":"2012-06-25T09:57:59","date_gmt":"2012-06-25T12:57:59","guid":{"rendered":"https:\/\/wp.ufpel.edu.br\/cea\/?page_id=2611"},"modified":"2017-03-03T15:56:12","modified_gmt":"2017-03-03T18:56:12","slug":"acesso-ao-sistema-academico","status":"publish","type":"page","link":"https:\/\/wp.ufpel.edu.br\/cea\/alunos\/acesso-ao-sistema-academico\/","title":{"rendered":"ACESSO AO SISTEMA ACAD\u00caMICO"},"content":{"rendered":"<p>Para fazer a solicita\u00e7\u00e3o de matr\u00edcula online, voc\u00ea precisar\u00e1 de uma senha para acessar o <a href=\"http:\/\/gol.ufpel.edu.br\/extranet\/consultas-alunosufpel\/\">Sistema de Gest\u00e3o Acad\u00eamica &#8211; Consulta de Alunos<\/a><\/p>\n<p>&#8211; OBTEN\u00c7\u00c3O DA SENHA DE ACESSO AO SISTEMA ACAD\u00caMICO:<\/p>\n<p>1\u00ba \u2013 Acesse a pagina do Sistema Acad\u00eamico : <a href=\"https:\/\/cobalto.ufpel.edu.br\/\">https:\/\/cobalto.ufpel.edu.br\/<\/a>;<br \/>\n2\u00ba \u2013 Preencha com o seu CPF;<br \/>\n3\u00ba \u2013 Responda as informa\u00e7\u00f5es solicitadas uma a uma e anote sua senha .<\/p>\n<p>D\u00favidas: Atendimento Coordenadoria de Registros Acad\u00eamicos (CRA) (3284-4067)<\/p>\n<p>Caso n\u00e3o consiga, <em>por qualquer motivo<\/em>, dirija-se ao Atendimento presencial da Coordenadoria de Registros Acad\u00eamicos (CRA), com seu documento de RG &#8211;<em> n\u00e3o atendemos por e-mail ou telefone, somente presencial.<\/em><\/p>\n<p><strong>N\u00c3O DEIXE PARA OBTER A SENHA NA \u00daLTIMA HORA, FA\u00c7A AGORA!<\/strong><\/p>\n","protected":false},"excerpt":{"rendered":"<p>Para fazer a solicita\u00e7\u00e3o de matr\u00edcula online, voc\u00ea precisar\u00e1 de uma senha para acessar o Sistema de Gest\u00e3o Acad\u00eamica &#8211; Consulta de Alunos &#8211; OBTEN\u00c7\u00c3O DA SENHA DE ACESSO AO SISTEMA ACAD\u00caMICO: 1\u00ba \u2013 Acesse a pagina do Sistema Acad\u00eamico : https:\/\/cobalto.ufpel.edu.br\/; 2\u00ba \u2013 Preencha com o seu CPF; 3\u00ba \u2013 Responda as informa\u00e7\u00f5es solicitadas [&hellip;]<\/p>\n","protected":false},"author":123,"featured_media":0,"parent":2127,"menu_order":0,"comment_status":"closed","ping_status":"closed","template":"template-onecolumn.php","meta":{"footnotes":""},"class_list":["post-2611","page","type-page","status-publish","hentry"],"_links":{"self":[{"href":"https:\/\/wp.ufpel.edu.br\/cea\/wp-json\/wp\/v2\/pages\/2611","targetHints":{"allow":["GET"]}}],"collection":[{"href":"https:\/\/wp.ufpel.edu.br\/cea\/wp-json\/wp\/v2\/pages"}],"about":[{"href":"https:\/\/wp.ufpel.edu.br\/cea\/wp-json\/wp\/v2\/types\/page"}],"author":[{"embeddable":true,"href":"https:\/\/wp.ufpel.edu.br\/cea\/wp-json\/wp\/v2\/users\/123"}],"replies":[{"embeddable":true,"href":"https:\/\/wp.ufpel.edu.br\/cea\/wp-json\/wp\/v2\/comments?post=2611"}],"version-history":[{"count":3,"href":"https:\/\/wp.ufpel.edu.br\/cea\/wp-json\/wp\/v2\/pages\/2611\/revisions"}],"predecessor-version":[{"id":4197,"href":"https:\/\/wp.ufpel.edu.br\/cea\/wp-json\/wp\/v2\/pages\/2611\/revisions\/4197"}],"up":[{"embeddable":true,"href":"https:\/\/wp.ufpel.edu.br\/cea\/wp-json\/wp\/v2\/pages\/2127"}],"wp:attachment":[{"href":"https:\/\/wp.ufpel.edu.br\/cea\/wp-json\/wp\/v2\/media?parent=2611"}],"curies":[{"name":"wp","href":"https:\/\/api.w.org\/{rel}","templated":true}]}}