{"id":2434,"date":"2012-04-11T19:18:34","date_gmt":"2012-04-11T19:18:34","guid":{"rendered":"https:\/\/wp.ufpel.edu.br\/cea\/"},"modified":"2018-04-16T15:34:41","modified_gmt":"2018-04-16T18:34:41","slug":"documentos","status":"publish","type":"page","link":"https:\/\/wp.ufpel.edu.br\/cea\/atividades-academicas\/estagios\/documentos\/","title":{"rendered":"Documentos de Est\u00e1gio"},"content":{"rendered":"<p><strong>Proposta de Est\u00e1gio<\/strong> &#8211; Encaminhada \u00e0 Comiss\u00e3o de Est\u00e1gios para aprova\u00e7\u00e3o.<\/p>\n<ul>\n<li><a title=\"Proposta de Est\u00e1gio\" href=\"..\/files\/2012\/04\/Proposta-de-Est%C3%A1gio.doc\" target=\"_self\">Proposta de Est\u00e1gio<\/a><\/li>\n<\/ul>\n<p><strong>Termo de Compromisso<\/strong> &#8211; Celebrado entre a Institui\u00e7\u00e3o de Ensino, a Parte Concedente e o Estagi\u00e1rio.<\/p>\n<ul>\n<li><a title=\"Termo de Compromisso UFPel como INSTITUI\u00c7\u00c3O DE ENSINO\" href=\"https:\/\/wp.ufpel.edu.br\/cea\/files\/2012\/04\/Termo-de-Compromisso-UFPel-como-INSTITUICAO-DE-ENSINO.doc\" target=\"_self\">Termo de Compromisso UFPel como INSTITUICAO DE ENSINO<\/a><\/li>\n<li><a title=\"Termo de Compromisso UFPel como PARTE CONCEDENTE\" href=\"https:\/\/wp.ufpel.edu.br\/cea\/files\/2012\/04\/Termo-de-Compromisso-UFPel-como-PARTE-CONCEDENTE.doc\" target=\"_self\">Termo de Compromisso UFPel como PARTE CONCEDENTE<\/a><\/li>\n<\/ul>\n<p><strong>Plano de Trabalho<\/strong> &#8211; Parte integrante do Termo de Compromisso.<\/p>\n<ul>\n<li><a href=\"https:\/\/wp.ufpel.edu.br\/cea\/files\/2012\/04\/Plano-de-Trabalho.doc\">Plano de Trabalho<\/a><\/li>\n<\/ul>\n<p><strong>Termo Aditivo de Estagio<\/strong><\/p>\n<ul>\n<li><a href=\"https:\/\/wp.ufpel.edu.br\/cea\/files\/2012\/04\/Termo-Aditivo-de-Estagio.doc\">Termo Aditivo de Estagio<\/a><\/li>\n<\/ul>\n<p><strong>Controle de Frequ\u00eancia Mensal de Estagi\u00e1rio<\/strong><\/p>\n<ul>\n<li><a href=\"https:\/\/wp.ufpel.edu.br\/cea\/files\/2012\/04\/Controle-de-Frequ\u00eancia-Mensal-de-Estagi\u00e1rio.doc\">Controle de Frequ\u00eancia Mensal de Estagi\u00e1rio<\/a><\/li>\n<\/ul>\n<p><strong>Solicita\u00e7\u00e3o de Certificado de Est\u00e1gio<\/strong><\/p>\n<ul>\n<li><a href=\"https:\/\/wp.ufpel.edu.br\/cea\/files\/2012\/04\/Solicita\u00e7\u00e3o-de-Certificado-de-Est\u00e1gio.doc\">Solicita\u00e7\u00e3o de Certificado de Est\u00e1gio<\/a><\/li>\n<\/ul>\n","protected":false},"excerpt":{"rendered":"<p>Proposta de Est\u00e1gio &#8211; Encaminhada \u00e0 Comiss\u00e3o de Est\u00e1gios para aprova\u00e7\u00e3o. Proposta de Est\u00e1gio Termo de Compromisso &#8211; Celebrado entre a Institui\u00e7\u00e3o de Ensino, a Parte Concedente e o Estagi\u00e1rio. Termo de Compromisso UFPel como INSTITUICAO DE ENSINO Termo de Compromisso UFPel como PARTE CONCEDENTE Plano de Trabalho &#8211; Parte integrante do Termo de Compromisso. [&hellip;]<\/p>\n","protected":false},"author":123,"featured_media":0,"parent":1089,"menu_order":3,"comment_status":"closed","ping_status":"closed","template":"","meta":{"footnotes":""},"class_list":["post-2434","page","type-page","status-publish","hentry"],"_links":{"self":[{"href":"https:\/\/wp.ufpel.edu.br\/cea\/wp-json\/wp\/v2\/pages\/2434","targetHints":{"allow":["GET"]}}],"collection":[{"href":"https:\/\/wp.ufpel.edu.br\/cea\/wp-json\/wp\/v2\/pages"}],"about":[{"href":"https:\/\/wp.ufpel.edu.br\/cea\/wp-json\/wp\/v2\/types\/page"}],"author":[{"embeddable":true,"href":"https:\/\/wp.ufpel.edu.br\/cea\/wp-json\/wp\/v2\/users\/123"}],"replies":[{"embeddable":true,"href":"https:\/\/wp.ufpel.edu.br\/cea\/wp-json\/wp\/v2\/comments?post=2434"}],"version-history":[{"count":6,"href":"https:\/\/wp.ufpel.edu.br\/cea\/wp-json\/wp\/v2\/pages\/2434\/revisions"}],"predecessor-version":[{"id":4959,"href":"https:\/\/wp.ufpel.edu.br\/cea\/wp-json\/wp\/v2\/pages\/2434\/revisions\/4959"}],"up":[{"embeddable":true,"href":"https:\/\/wp.ufpel.edu.br\/cea\/wp-json\/wp\/v2\/pages\/1089"}],"wp:attachment":[{"href":"https:\/\/wp.ufpel.edu.br\/cea\/wp-json\/wp\/v2\/media?parent=2434"}],"curies":[{"name":"wp","href":"https:\/\/api.w.org\/{rel}","templated":true}]}}