{"id":2431,"date":"2012-04-11T19:53:52","date_gmt":"2012-04-11T19:53:52","guid":{"rendered":"https:\/\/wp.ufpel.edu.br\/cea\/"},"modified":"2012-08-31T14:19:09","modified_gmt":"2012-08-31T14:19:09","slug":"obrigatorio","status":"publish","type":"page","link":"https:\/\/wp.ufpel.edu.br\/cea\/atividades-academicas\/estagios\/obrigatorio\/","title":{"rendered":"Est\u00e1gio Obrigat\u00f3rio"},"content":{"rendered":"<p><strong>Carga Hor\u00e1ria<\/strong><\/p>\n<p><strong>&#8211; <\/strong>No m\u00ednimo 180 horas, podendo ser\u00a0feita em mais de uma empresa, desde que em per\u00edodos de pelo menos\u00a030 dias\u00a0e carga hor\u00e1ria igual ou superior a 60 h em cada empresa.<\/p>\n<p><strong>Dura\u00e7\u00e3o<\/strong><\/p>\n<p><strong>&#8211; <\/strong>N\u00e3o pode exceder 2 (dois) anos, com exce\u00e7\u00e3o de alunos portadores de defici\u00eancia.<\/p>\n<p><strong>Jornada<\/strong><\/p>\n<p>A jornada de atividades em est\u00e1gio a ser cumprida pelo estudante, dever\u00e1 compatibilizar-se com seu hor\u00e1rio escolar e com o hor\u00e1rio da parte em que venha a ocorrer o est\u00e1gio.<strong><br \/>\n<\/strong><\/p>\n<p>&#8211; Per\u00edodo de Aulas: 6 h\/dia &#8211; 30 h\/semana<br \/>\n&#8211; Per\u00edodo deExames: 3 h\/dia &#8211; 15 h\/semana<br \/>\n&#8211; Per\u00edodo de F\u00e9rias: 8 h\/dia &#8211; 40 h\/semana<\/p>\n<p><strong>Pr\u00e9-requisitos<\/strong><\/p>\n<p>&#8211; Ser aluno regular do Curso de Engenharia Agr\u00edcola;<br \/>\n&#8211; Ter integralizado 198 cr\u00e9ditos;<br \/>\n&#8211; Aprova\u00e7\u00e3o nas disciplinas b\u00e1sicas da \u00e1rea de interesse do est\u00e1gio;<br \/>\n&#8211; Aprova\u00e7\u00e3o da <a title=\"Proposta de Est\u00e1gio\" href=\"https:\/\/wp.ufpel.edu.br\/cea\/files\/2012\/04\/Proposta-de-Est\u00e1gio.doc\" target=\"_self\">Proposta de Est\u00e1gio<\/a> pela Comiss\u00e3o de Est\u00e1gios<br \/>\n&#8211; Assinatura do <a title=\"Documentos\" href=\"https:\/\/wp.ufpel.edu.br\/cea\/atividades-academicas\/estagios\/documentos\" target=\"_self\">Termo de Compromisso<\/a><\/p>\n<p><strong>Documentos<\/strong><\/p>\n<p>&#8211; Confira os documentos no link a seguir:\u00a0 <a title=\"Documentos\" href=\"https:\/\/wp.ufpel.edu.br\/cea\/atividades-academicas\/estagios\/documentos\">Documentos de Est\u00e1gio<\/a><\/p>\n<p><strong><br \/>\nMatr\u00edcula<\/strong><\/p>\n<p>&#8211; As matr\u00edculas na atividade de Est\u00e1gio Supervisionado ser\u00e3o feitas nos per\u00edodos estabelecidos semestralmente pelo Calend\u00e1rio Acad\u00eamico da UFPel.<\/p>\n<p>&#8211; Poder\u00e3o requerer matr\u00edcula na atividade de Est\u00e1gio Supervisionado os alunos regularmente matriculados no Curso de Engenharia Agr\u00edcola e que:<\/p>\n<p>a)\u00a0\u00a0\u00a0\u00a0\u00a0 tenham integralizado no m\u00ednimo 198 cr\u00e9ditos;<\/p>\n<p>b)\u00a0\u00a0\u00a0\u00a0\u00a0 tenham sido aprovados nas disciplinas b\u00e1sicas da \u00e1rea de interesse do est\u00e1gio.<\/p>\n<p>&#8211; O Colegiado de Curso de Engenharia Agr\u00edcola poder\u00e1 aceitar a matr\u00edcula na atividade de Est\u00e1gio Supervisionado de aluno que esteja estagiando ou que j\u00e1 tenha conclu\u00eddo seu est\u00e1gio, desde que atendidas as demais exig\u00eancias e pr\u00e9-requisitos, devendo o aluno se matricular na atividade de Est\u00e1gio Supervisionado no semestre seguinte \u00e0quele do in\u00edcio de seu est\u00e1gio.<\/p>\n<p><strong><br \/>\nPrazos<\/strong><\/p>\n<p><strong><br \/>\nCr\u00e9ditos<\/strong><\/p>\n<p><strong><br \/>\nRelat\u00f3rios<\/strong><\/p>\n<p><strong><br \/>\nOrienta\u00e7\u00e3o<\/strong><\/p>\n<p><strong><br \/>\n<strong>Comiss\u00e3o de Est\u00e1gios<\/strong><br \/>\n<\/strong><\/p>\n<p>&#8211; Perante o Curso de Engenharia Agr\u00edcola, s\u00f3 ter\u00e3o validade os est\u00e1gios realizados sob supervis\u00e3o da Comiss\u00e3o de Est\u00e1gios.<\/p>\n","protected":false},"excerpt":{"rendered":"<p>Carga Hor\u00e1ria &#8211; No m\u00ednimo 180 horas, podendo ser\u00a0feita em mais de uma empresa, desde que em per\u00edodos de pelo menos\u00a030 dias\u00a0e carga hor\u00e1ria igual ou superior a 60 h em cada empresa. Dura\u00e7\u00e3o &#8211; N\u00e3o pode exceder 2 (dois) anos, com exce\u00e7\u00e3o de alunos portadores de defici\u00eancia. Jornada A jornada de atividades em est\u00e1gio [&hellip;]<\/p>\n","protected":false},"author":123,"featured_media":0,"parent":1089,"menu_order":1,"comment_status":"closed","ping_status":"open","template":"template-onecolumn.php","meta":{"footnotes":""},"class_list":["post-2431","page","type-page","status-publish","hentry"],"_links":{"self":[{"href":"https:\/\/wp.ufpel.edu.br\/cea\/wp-json\/wp\/v2\/pages\/2431","targetHints":{"allow":["GET"]}}],"collection":[{"href":"https:\/\/wp.ufpel.edu.br\/cea\/wp-json\/wp\/v2\/pages"}],"about":[{"href":"https:\/\/wp.ufpel.edu.br\/cea\/wp-json\/wp\/v2\/types\/page"}],"author":[{"embeddable":true,"href":"https:\/\/wp.ufpel.edu.br\/cea\/wp-json\/wp\/v2\/users\/123"}],"replies":[{"embeddable":true,"href":"https:\/\/wp.ufpel.edu.br\/cea\/wp-json\/wp\/v2\/comments?post=2431"}],"version-history":[{"count":6,"href":"https:\/\/wp.ufpel.edu.br\/cea\/wp-json\/wp\/v2\/pages\/2431\/revisions"}],"predecessor-version":[{"id":2446,"href":"https:\/\/wp.ufpel.edu.br\/cea\/wp-json\/wp\/v2\/pages\/2431\/revisions\/2446"}],"up":[{"embeddable":true,"href":"https:\/\/wp.ufpel.edu.br\/cea\/wp-json\/wp\/v2\/pages\/1089"}],"wp:attachment":[{"href":"https:\/\/wp.ufpel.edu.br\/cea\/wp-json\/wp\/v2\/media?parent=2431"}],"curies":[{"name":"wp","href":"https:\/\/api.w.org\/{rel}","templated":true}]}}