{"id":2308,"date":"2012-03-09T18:06:38","date_gmt":"2012-03-09T18:06:38","guid":{"rendered":"https:\/\/wp.ufpel.edu.br\/cea\/"},"modified":"2017-03-03T15:58:34","modified_gmt":"2017-03-03T18:58:34","slug":"apresentacao","status":"publish","type":"page","link":"https:\/\/wp.ufpel.edu.br\/cea\/alunos\/ingressantes\/apresentacao\/","title":{"rendered":"Apresenta\u00e7\u00e3o"},"content":{"rendered":"<p>Caros alunos ingressantes.<\/p>\n<p>Vimos por meio deste, dar as boas vindas aos alunos Ingressantes no curso de Engenharia Agr\u00edcola, e trazer algumas informa\u00e7\u00f5es necess\u00e1rias para um bom in\u00edcio de semestre.<\/p>\n<h4><strong style=\"font-size: 1.2em;line-height: 1.5em\">Informa\u00e7\u00f5es Gerais:<\/strong><\/h4>\n<p>Todas as informa\u00e7\u00f5es aqui contidas est\u00e3o dispon\u00edveis no site do curso <a href=\"https:\/\/wp.ufpel.edu.br\/cea\" target=\"_self\">wp.ufpel.edu.br\/cea<\/a>, qualquer d\u00favida n\u00e3o respondida atrav\u00e9s do site, entre em contato com o colegiado do curso.<\/p>\n<p>Para deix\u00e1-los atualizados de tudo que acontece no curso, utilizamos algumas ferramentas como <strong>Email e<\/strong>\u00a0<strong>Site.<\/strong><\/p>\n<p><strong style=\"font-size: 1.2em;line-height: 1.5em\">Contato:<\/strong><\/p>\n<p><strong>Telefone:<\/strong> (53) <strong>3284-1694<\/strong><br \/>\n<strong>Email:<\/strong> <a href=\"mailto:ccea.ufpel@gmail.com\" target=\"_blank\">ccea.ufpel@gmail.com<\/a><br \/>\n<strong>Site:<\/strong> <a href=\"..\/..\/cea\" target=\"_blank\">wp.ufpel.edu.br\/cea<\/a><br \/>\n<strong><br \/>\n<\/strong><\/p>\n","protected":false},"excerpt":{"rendered":"<p>Caros alunos ingressantes. Vimos por meio deste, dar as boas vindas aos alunos Ingressantes no curso de Engenharia Agr\u00edcola, e trazer algumas informa\u00e7\u00f5es necess\u00e1rias para um bom in\u00edcio de semestre. Informa\u00e7\u00f5es Gerais: Todas as informa\u00e7\u00f5es aqui contidas est\u00e3o dispon\u00edveis no site do curso wp.ufpel.edu.br\/cea, qualquer d\u00favida n\u00e3o respondida atrav\u00e9s do site, entre em contato com [&hellip;]<\/p>\n","protected":false},"author":123,"featured_media":0,"parent":2131,"menu_order":0,"comment_status":"closed","ping_status":"closed","template":"template-onecolumn.php","meta":{"footnotes":""},"class_list":["post-2308","page","type-page","status-publish","hentry"],"_links":{"self":[{"href":"https:\/\/wp.ufpel.edu.br\/cea\/wp-json\/wp\/v2\/pages\/2308","targetHints":{"allow":["GET"]}}],"collection":[{"href":"https:\/\/wp.ufpel.edu.br\/cea\/wp-json\/wp\/v2\/pages"}],"about":[{"href":"https:\/\/wp.ufpel.edu.br\/cea\/wp-json\/wp\/v2\/types\/page"}],"author":[{"embeddable":true,"href":"https:\/\/wp.ufpel.edu.br\/cea\/wp-json\/wp\/v2\/users\/123"}],"replies":[{"embeddable":true,"href":"https:\/\/wp.ufpel.edu.br\/cea\/wp-json\/wp\/v2\/comments?post=2308"}],"version-history":[{"count":9,"href":"https:\/\/wp.ufpel.edu.br\/cea\/wp-json\/wp\/v2\/pages\/2308\/revisions"}],"predecessor-version":[{"id":4199,"href":"https:\/\/wp.ufpel.edu.br\/cea\/wp-json\/wp\/v2\/pages\/2308\/revisions\/4199"}],"up":[{"embeddable":true,"href":"https:\/\/wp.ufpel.edu.br\/cea\/wp-json\/wp\/v2\/pages\/2131"}],"wp:attachment":[{"href":"https:\/\/wp.ufpel.edu.br\/cea\/wp-json\/wp\/v2\/media?parent=2308"}],"curies":[{"name":"wp","href":"https:\/\/api.w.org\/{rel}","templated":true}]}}