{"id":2191,"date":"2012-02-28T20:41:18","date_gmt":"2012-02-28T23:41:18","guid":{"rendered":"https:\/\/wp.ufpel.edu.br\/cea\/"},"modified":"2021-08-05T09:52:02","modified_gmt":"2021-08-05T12:52:02","slug":"formularios","status":"publish","type":"page","link":"https:\/\/wp.ufpel.edu.br\/cea\/formularios\/","title":{"rendered":"Formul\u00e1rios"},"content":{"rendered":"<p>Formul\u00e1rio de Entrega do TCC:<\/p>\n<p><a href=\"https:\/\/wp.ufpel.edu.br\/cea\/files\/2012\/02\/Termo-de-autoriza\u00e7\u00e3o-TCC-e-TCCP.pdf\">Termo-de-autoriza\u00e7\u00e3o-TCC-e-TCCP<\/a><\/p>\n<p>&nbsp;<\/p>\n<p>Formul\u00e1rio para solicitar aproveitamento de disciplina:<\/p>\n<p><a href=\"https:\/\/wp.ufpel.edu.br\/cea\/files\/2012\/02\/Formul\u00e1rio-Aproveitamento-de-Disciplina.pdf\">formulario-aproveitamento-de-disciplina<\/a><\/p>\n<p>Informa\u00e7\u00f5es: <a href=\"https:\/\/wp.ufpel.edu.br\/cra\/aproveitamento-de-disciplina\/\">https:\/\/wp.ufpel.edu.br\/cra\/aproveitamento-de-disciplina\/<\/a><\/p>\n<p>&nbsp;<\/p>\n<p>Formul\u00e1rio para solicitar trancamento de disciplina:<\/p>\n<p><a href=\"https:\/\/wp.ufpel.edu.br\/cea\/files\/2012\/02\/Formul\u00e1rio-Trancamento-de-Disciplina.pdf\">Formul\u00e1rio-Trancamento-de-Disciplina<\/a><\/p>\n<p>Informa\u00e7\u00f5es: <a href=\"https:\/\/wp.ufpel.edu.br\/cra\/trancamentos\/\">https:\/\/wp.ufpel.edu.br\/cra\/trancamentos\/<\/a><\/p>\n<p>&nbsp;<\/p>\n<p>Formul\u00e1rio para solicitar Trancamento Geral de Matr\u00edcula:<\/p>\n<p><a href=\"https:\/\/wp.ufpel.edu.br\/cea\/files\/2012\/02\/Trancamento-Geral-de-Matr\u00edcula.pdf\">Trancamento Geral de Matr\u00edcula<\/a><\/p>\n<p>Informa\u00e7\u00f5es: <a href=\"https:\/\/wp.ufpel.edu.br\/cra\/trancamentos\/\">https:\/\/wp.ufpel.edu.br\/cra\/trancamentos\/<\/a><\/p>\n<p>&nbsp;<\/p>\n<p>Termo de Compromisso de Est\u00e1gio:<\/p>\n<p><a href=\"https:\/\/wp.ufpel.edu.br\/cea\/files\/2012\/02\/Termo-de-Compromisso-UFPel-como-INSTITUICAO-DE-ENSINO.doc\">Termo de Compromisso UFPel como INSTITUICAO DE ENSINO<\/a><\/p>\n<p>&nbsp;<\/p>\n<p>Formul\u00e1rio para solicitar avalia\u00e7\u00e3o de horas Complementares:<\/p>\n<p><a href=\"https:\/\/wp.ufpel.edu.br\/cea\/formularios\/formulario_solicitacao_horas_complementares_junho-2019\/\" rel=\"attachment wp-att-5453\">Formulario_Solicitacao_Horas_Complementares_Junho.2019<\/a><\/p>\n<p>&nbsp;<\/p>\n<p>Formul\u00e1rio para solicitar avalia\u00e7\u00e3o de horas Livres:<\/p>\n<p><a href=\"https:\/\/wp.ufpel.edu.br\/cea\/formularios\/formulario_solicitacao_horas_livres_junho-2019\/\" rel=\"attachment wp-att-5452\">Formulario_Solicitacao_Horas_Livres_Junho.2019<\/a><\/p>\n<p>&nbsp;<\/p>\n<p>Solicita\u00e7\u00e3o de Cola\u00e7\u00e3o de Grau:<\/p>\n<p><a href=\"https:\/\/wp.ufpel.edu.br\/cea\/files\/2012\/02\/Solicita\u00e7\u00e3o-de-Cola\u00e7\u00e3o-de-Grau.docx\">solicitacao-de-colacao-de-grau<\/a><\/p>\n<p>&nbsp;<\/p>\n<p>Cadastro de Comiss\u00e3o de Formatura:<\/p>\n<p><a href=\"https:\/\/wp.ufpel.edu.br\/cea\/files\/2012\/02\/Cadastro-de-Comiss\u00e3o-de-Formatura.docx\">cadastro-de-comissao-de-formatura<\/a><\/p>\n","protected":false},"excerpt":{"rendered":"<p>Formul\u00e1rio de Entrega do TCC: Termo-de-autoriza\u00e7\u00e3o-TCC-e-TCCP &nbsp; Formul\u00e1rio para solicitar aproveitamento de disciplina: formulario-aproveitamento-de-disciplina Informa\u00e7\u00f5es: https:\/\/wp.ufpel.edu.br\/cra\/aproveitamento-de-disciplina\/ &nbsp; Formul\u00e1rio para solicitar trancamento de disciplina: Formul\u00e1rio-Trancamento-de-Disciplina Informa\u00e7\u00f5es: https:\/\/wp.ufpel.edu.br\/cra\/trancamentos\/ &nbsp; Formul\u00e1rio para solicitar Trancamento Geral de Matr\u00edcula: Trancamento Geral de Matr\u00edcula Informa\u00e7\u00f5es: https:\/\/wp.ufpel.edu.br\/cra\/trancamentos\/ &nbsp; Termo de Compromisso de Est\u00e1gio: Termo de Compromisso UFPel como INSTITUICAO DE ENSINO &nbsp; [&hellip;]<\/p>\n","protected":false},"author":123,"featured_media":0,"parent":0,"menu_order":10,"comment_status":"closed","ping_status":"closed","template":"","meta":{"footnotes":""},"class_list":["post-2191","page","type-page","status-publish","hentry"],"_links":{"self":[{"href":"https:\/\/wp.ufpel.edu.br\/cea\/wp-json\/wp\/v2\/pages\/2191","targetHints":{"allow":["GET"]}}],"collection":[{"href":"https:\/\/wp.ufpel.edu.br\/cea\/wp-json\/wp\/v2\/pages"}],"about":[{"href":"https:\/\/wp.ufpel.edu.br\/cea\/wp-json\/wp\/v2\/types\/page"}],"author":[{"embeddable":true,"href":"https:\/\/wp.ufpel.edu.br\/cea\/wp-json\/wp\/v2\/users\/123"}],"replies":[{"embeddable":true,"href":"https:\/\/wp.ufpel.edu.br\/cea\/wp-json\/wp\/v2\/comments?post=2191"}],"version-history":[{"count":23,"href":"https:\/\/wp.ufpel.edu.br\/cea\/wp-json\/wp\/v2\/pages\/2191\/revisions"}],"predecessor-version":[{"id":6264,"href":"https:\/\/wp.ufpel.edu.br\/cea\/wp-json\/wp\/v2\/pages\/2191\/revisions\/6264"}],"wp:attachment":[{"href":"https:\/\/wp.ufpel.edu.br\/cea\/wp-json\/wp\/v2\/media?parent=2191"}],"curies":[{"name":"wp","href":"https:\/\/api.w.org\/{rel}","templated":true}]}}