{"id":2074,"date":"2012-02-28T16:24:20","date_gmt":"2012-02-28T16:24:20","guid":{"rendered":"https:\/\/wp.ufpel.edu.br\/cea\/"},"modified":"2021-08-05T10:25:03","modified_gmt":"2021-08-05T13:25:03","slug":"aproveitamento","status":"publish","type":"page","link":"https:\/\/wp.ufpel.edu.br\/cea\/inicio\/aproveitamento\/","title":{"rendered":"Aproveitamento de Disciplinas"},"content":{"rendered":"<p>O aluno dever\u00e1 preencher o formul\u00e1rio e lev\u00e1-lo ao colegiado, acompanhado de hist\u00f3rico escolar e conte\u00fado program\u00e1tico da disciplina a ser aproveitada.<\/p>\n<p><a href=\"https:\/\/wp.ufpel.edu.br\/cea\/files\/2012\/02\/Formul\u00e1rio-Aproveitamento-de-Disciplina.pdf\">formulario-aproveitamento-de-disciplina<\/a><\/p>\n<p>&nbsp;<\/p>\n<p>Informa\u00e7\u00f5es:\u00a0<a href=\"https:\/\/wp.ufpel.edu.br\/cra\/aproveitamento-de-disciplina\/\">https:\/\/wp.ufpel.edu.br\/cra\/aproveitamento-de-disciplina\/<\/a><\/p>\n","protected":false},"excerpt":{"rendered":"<p>O aluno dever\u00e1 preencher o formul\u00e1rio e lev\u00e1-lo ao colegiado, acompanhado de hist\u00f3rico escolar e conte\u00fado program\u00e1tico da disciplina a ser aproveitada. formulario-aproveitamento-de-disciplina &nbsp; Informa\u00e7\u00f5es:\u00a0https:\/\/wp.ufpel.edu.br\/cra\/aproveitamento-de-disciplina\/<\/p>\n","protected":false},"author":123,"featured_media":0,"parent":132,"menu_order":1,"comment_status":"closed","ping_status":"closed","template":"","meta":{"footnotes":""},"class_list":["post-2074","page","type-page","status-publish","hentry"],"_links":{"self":[{"href":"https:\/\/wp.ufpel.edu.br\/cea\/wp-json\/wp\/v2\/pages\/2074","targetHints":{"allow":["GET"]}}],"collection":[{"href":"https:\/\/wp.ufpel.edu.br\/cea\/wp-json\/wp\/v2\/pages"}],"about":[{"href":"https:\/\/wp.ufpel.edu.br\/cea\/wp-json\/wp\/v2\/types\/page"}],"author":[{"embeddable":true,"href":"https:\/\/wp.ufpel.edu.br\/cea\/wp-json\/wp\/v2\/users\/123"}],"replies":[{"embeddable":true,"href":"https:\/\/wp.ufpel.edu.br\/cea\/wp-json\/wp\/v2\/comments?post=2074"}],"version-history":[{"count":23,"href":"https:\/\/wp.ufpel.edu.br\/cea\/wp-json\/wp\/v2\/pages\/2074\/revisions"}],"predecessor-version":[{"id":6266,"href":"https:\/\/wp.ufpel.edu.br\/cea\/wp-json\/wp\/v2\/pages\/2074\/revisions\/6266"}],"up":[{"embeddable":true,"href":"https:\/\/wp.ufpel.edu.br\/cea\/wp-json\/wp\/v2\/pages\/132"}],"wp:attachment":[{"href":"https:\/\/wp.ufpel.edu.br\/cea\/wp-json\/wp\/v2\/media?parent=2074"}],"curies":[{"name":"wp","href":"https:\/\/api.w.org\/{rel}","templated":true}]}}