{"id":2048,"date":"2012-02-15T13:46:11","date_gmt":"2012-02-15T13:46:11","guid":{"rendered":"https:\/\/wp.ufpel.edu.br\/cea\/"},"modified":"2017-03-03T16:05:53","modified_gmt":"2017-03-03T19:05:53","slug":"formandos","status":"publish","type":"page","link":"https:\/\/wp.ufpel.edu.br\/cea\/alunos\/formandos\/","title":{"rendered":"Formandos"},"content":{"rendered":"<h2 style=\"text-align: center\"><strong><span style=\"color: #ff0000\">Aten\u00e7\u00e3o !!!<\/span><\/strong><\/h2>\n<p>Alunos formandos devem se matricular em Est\u00e1gio Curricular Profissionalizante (1640124), caso ainda n\u00e3o tenham feito em semestres anteriores.<\/p>\n<p>Aqueles que j\u00e1 realizaram a matr\u00edcula em Est\u00e1gio Curricular Profissionalizante (1640124) em semestres anteriores, devem faze-la novamente <strong>se for a \u00fanica disciplina dispon\u00edvel<\/strong>, ou seja, j\u00e1 tenha conclu\u00eddo todas as disciplinas, restando apenas a realiza\u00e7\u00e3o ou defesa de est\u00e1gio. Isso se faz necess\u00e1rio para manter v\u00ednculo com o curso.<\/p>\n<p>&nbsp;<\/p>\n<h2 style=\"text-align: center\"><strong><span style=\"color: #ff0000\">Aten\u00e7\u00e3o !!!<\/span><\/strong><\/h2>\n<p>Alunos Formandos devem se organizar atrav\u00e9s de uma comiss\u00e3o de formatura e entregar no colegiado os seguintes formul\u00e1rios:<\/p>\n<p>Um formul\u00e1rio da Comiss\u00e3o:\u00a0<a href=\"https:\/\/wp.ufpel.edu.br\/cea\/files\/2012\/02\/Cadastro-de-Comiss\u00e3o-de-Formatura.docx\">cadastro-de-comissao-de-formatura<\/a><\/p>\n<p>Cada formando deve entregar:\u00a0<a href=\"https:\/\/wp.ufpel.edu.br\/cea\/files\/2012\/02\/Solicita\u00e7\u00e3o-de-Cola\u00e7\u00e3o-de-Grau.docx\">solicitacao-de-colacao-de-grau<\/a><\/p>\n<p>&nbsp;<\/p>\n<p>Maiores informa\u00e7\u00f5es entre em contato com o colegiado do curso.<\/p>\n","protected":false},"excerpt":{"rendered":"<p>Aten\u00e7\u00e3o !!! Alunos formandos devem se matricular em Est\u00e1gio Curricular Profissionalizante (1640124), caso ainda n\u00e3o tenham feito em semestres anteriores. Aqueles que j\u00e1 realizaram a matr\u00edcula em Est\u00e1gio Curricular Profissionalizante (1640124) em semestres anteriores, devem faze-la novamente se for a \u00fanica disciplina dispon\u00edvel, ou seja, j\u00e1 tenha conclu\u00eddo todas as disciplinas, restando apenas a realiza\u00e7\u00e3o [&hellip;]<\/p>\n","protected":false},"author":123,"featured_media":0,"parent":2127,"menu_order":5,"comment_status":"closed","ping_status":"closed","template":"template-onecolumn.php","meta":{"footnotes":""},"class_list":["post-2048","page","type-page","status-publish","hentry"],"_links":{"self":[{"href":"https:\/\/wp.ufpel.edu.br\/cea\/wp-json\/wp\/v2\/pages\/2048","targetHints":{"allow":["GET"]}}],"collection":[{"href":"https:\/\/wp.ufpel.edu.br\/cea\/wp-json\/wp\/v2\/pages"}],"about":[{"href":"https:\/\/wp.ufpel.edu.br\/cea\/wp-json\/wp\/v2\/types\/page"}],"author":[{"embeddable":true,"href":"https:\/\/wp.ufpel.edu.br\/cea\/wp-json\/wp\/v2\/users\/123"}],"replies":[{"embeddable":true,"href":"https:\/\/wp.ufpel.edu.br\/cea\/wp-json\/wp\/v2\/comments?post=2048"}],"version-history":[{"count":13,"href":"https:\/\/wp.ufpel.edu.br\/cea\/wp-json\/wp\/v2\/pages\/2048\/revisions"}],"predecessor-version":[{"id":4201,"href":"https:\/\/wp.ufpel.edu.br\/cea\/wp-json\/wp\/v2\/pages\/2048\/revisions\/4201"}],"up":[{"embeddable":true,"href":"https:\/\/wp.ufpel.edu.br\/cea\/wp-json\/wp\/v2\/pages\/2127"}],"wp:attachment":[{"href":"https:\/\/wp.ufpel.edu.br\/cea\/wp-json\/wp\/v2\/media?parent=2048"}],"curies":[{"name":"wp","href":"https:\/\/api.w.org\/{rel}","templated":true}]}}