{"id":188,"date":"2011-09-26T10:31:01","date_gmt":"2011-09-26T13:31:01","guid":{"rendered":"https:\/\/wp.ufpel.edu.br\/cea\/"},"modified":"2018-12-05T14:57:42","modified_gmt":"2018-12-05T16:57:42","slug":"cr","status":"publish","type":"page","link":"https:\/\/wp.ufpel.edu.br\/cea\/curso\/areas\/cr\/","title":{"rendered":"Constru\u00e7\u00f5es Rurais e Ambi\u00eancia"},"content":{"rendered":"<p>Visando integrar e relacionar conte\u00fados da \u00e1rea de Constru\u00e7\u00f5es Rurais e Ambi\u00eancia, a disciplina de Projeto de Edifica\u00e7\u00f5es Agr\u00edcolas busca estabelecer a interdisciplinaridade de forma aplicada atrav\u00e9s da elabora\u00e7\u00e3o de um projeto de edifica\u00e7\u00e3o. Ao longo do desenvolvimento do projeto, as etapas de avalia\u00e7\u00e3o de conceitos exigem aplicar, de forma integrada, os conhecimentos provenientes de outras disciplinas do Curso. Assim, a disciplina prop\u00f5e desenvolver pesquisas tem\u00e1ticas e bibliogr\u00e1ficas e realizar visitas t\u00e9cnicas e atividades individuais e\/ou em equipe com foco no assunto na edifica\u00e7\u00e3o a ser projetada e no exerc\u00edcio profissional nesta \u00e1rea de forma\u00e7\u00e3o.<\/p>\n","protected":false},"excerpt":{"rendered":"<p>Visando integrar e relacionar conte\u00fados da \u00e1rea de Constru\u00e7\u00f5es Rurais e Ambi\u00eancia, a disciplina de Projeto de Edifica\u00e7\u00f5es Agr\u00edcolas busca estabelecer a interdisciplinaridade de forma aplicada atrav\u00e9s da elabora\u00e7\u00e3o de um projeto de edifica\u00e7\u00e3o. Ao longo do desenvolvimento do projeto, as etapas de avalia\u00e7\u00e3o de conceitos exigem aplicar, de forma integrada, os conhecimentos provenientes de [&hellip;]<\/p>\n","protected":false},"author":123,"featured_media":0,"parent":175,"menu_order":4,"comment_status":"closed","ping_status":"closed","template":"","meta":{"footnotes":""},"class_list":["post-188","page","type-page","status-publish","hentry"],"_links":{"self":[{"href":"https:\/\/wp.ufpel.edu.br\/cea\/wp-json\/wp\/v2\/pages\/188","targetHints":{"allow":["GET"]}}],"collection":[{"href":"https:\/\/wp.ufpel.edu.br\/cea\/wp-json\/wp\/v2\/pages"}],"about":[{"href":"https:\/\/wp.ufpel.edu.br\/cea\/wp-json\/wp\/v2\/types\/page"}],"author":[{"embeddable":true,"href":"https:\/\/wp.ufpel.edu.br\/cea\/wp-json\/wp\/v2\/users\/123"}],"replies":[{"embeddable":true,"href":"https:\/\/wp.ufpel.edu.br\/cea\/wp-json\/wp\/v2\/comments?post=188"}],"version-history":[{"count":60,"href":"https:\/\/wp.ufpel.edu.br\/cea\/wp-json\/wp\/v2\/pages\/188\/revisions"}],"predecessor-version":[{"id":5210,"href":"https:\/\/wp.ufpel.edu.br\/cea\/wp-json\/wp\/v2\/pages\/188\/revisions\/5210"}],"up":[{"embeddable":true,"href":"https:\/\/wp.ufpel.edu.br\/cea\/wp-json\/wp\/v2\/pages\/175"}],"wp:attachment":[{"href":"https:\/\/wp.ufpel.edu.br\/cea\/wp-json\/wp\/v2\/media?parent=188"}],"curies":[{"name":"wp","href":"https:\/\/api.w.org\/{rel}","templated":true}]}}