{"id":179,"date":"2011-09-26T10:27:12","date_gmt":"2011-09-26T13:27:12","guid":{"rendered":"https:\/\/wp.ufpel.edu.br\/cea\/"},"modified":"2012-02-28T18:24:18","modified_gmt":"2012-02-28T18:24:18","slug":"er","status":"publish","type":"page","link":"https:\/\/wp.ufpel.edu.br\/cea\/curso\/areas\/er\/","title":{"rendered":"Energiza\u00e7\u00e3o Rural"},"content":{"rendered":"<h4><strong>Principais atribui\u00e7\u00f5es<\/strong><\/h4>\n<ul>\n<li> Projetos de distribui\u00e7\u00e3o e utiliza\u00e7\u00e3o de energia el\u00e9trica;<\/li>\n<\/ul>\n<ul>\n<li> Transforma\u00e7\u00e3o de energia hidr\u00e1ulica em el\u00e9trica e\/ou mec\u00e2nica;<\/li>\n<\/ul>\n<ul>\n<li> Aproveitamento de formas de energia renov\u00e1veis, como solar, e\u00f3lica e biomassa;<\/li>\n<\/ul>\n<ul>\n<li> Sele\u00e7\u00e3o de m\u00e1quinas el\u00e9tricas (geradores e motores), transformadores e demais componentes usados em instala\u00e7\u00f5es el\u00e9tricas;<\/li>\n<\/ul>\n<ul>\n<li> An\u00e1lise da demanda de energia em propriedades e instala\u00e7\u00f5es rurais;<\/li>\n<\/ul>\n<ul>\n<li> Orienta\u00e7\u00e3o de consumidores para o uso racional de energia el\u00e9trica em empresas e propriedades agr\u00edcolas.<\/li>\n<\/ul>\n<h4><a title=\"Docentes\" href=\"https:\/\/wp.ufpel.edu.br\/cea\/apresentacao\/docentes#er\" target=\"_self\"><strong>Docentes<\/strong><\/a><\/h4>\n","protected":false},"excerpt":{"rendered":"<p>Principais atribui\u00e7\u00f5es Projetos de distribui\u00e7\u00e3o e utiliza\u00e7\u00e3o de energia el\u00e9trica; Transforma\u00e7\u00e3o de energia hidr\u00e1ulica em el\u00e9trica e\/ou mec\u00e2nica; Aproveitamento de formas de energia renov\u00e1veis, como solar, e\u00f3lica e biomassa; Sele\u00e7\u00e3o de m\u00e1quinas el\u00e9tricas (geradores e motores), transformadores e demais componentes usados em instala\u00e7\u00f5es el\u00e9tricas; An\u00e1lise da demanda de energia em propriedades e instala\u00e7\u00f5es rurais; Orienta\u00e7\u00e3o [&hellip;]<\/p>\n","protected":false},"author":123,"featured_media":0,"parent":175,"menu_order":1,"comment_status":"closed","ping_status":"closed","template":"template-onecolumn.php","meta":{"footnotes":""},"class_list":["post-179","page","type-page","status-publish","hentry"],"_links":{"self":[{"href":"https:\/\/wp.ufpel.edu.br\/cea\/wp-json\/wp\/v2\/pages\/179","targetHints":{"allow":["GET"]}}],"collection":[{"href":"https:\/\/wp.ufpel.edu.br\/cea\/wp-json\/wp\/v2\/pages"}],"about":[{"href":"https:\/\/wp.ufpel.edu.br\/cea\/wp-json\/wp\/v2\/types\/page"}],"author":[{"embeddable":true,"href":"https:\/\/wp.ufpel.edu.br\/cea\/wp-json\/wp\/v2\/users\/123"}],"replies":[{"embeddable":true,"href":"https:\/\/wp.ufpel.edu.br\/cea\/wp-json\/wp\/v2\/comments?post=179"}],"version-history":[{"count":67,"href":"https:\/\/wp.ufpel.edu.br\/cea\/wp-json\/wp\/v2\/pages\/179\/revisions"}],"predecessor-version":[{"id":2153,"href":"https:\/\/wp.ufpel.edu.br\/cea\/wp-json\/wp\/v2\/pages\/179\/revisions\/2153"}],"up":[{"embeddable":true,"href":"https:\/\/wp.ufpel.edu.br\/cea\/wp-json\/wp\/v2\/pages\/175"}],"wp:attachment":[{"href":"https:\/\/wp.ufpel.edu.br\/cea\/wp-json\/wp\/v2\/media?parent=179"}],"curies":[{"name":"wp","href":"https:\/\/api.w.org\/{rel}","templated":true}]}}