{"id":177,"date":"2011-09-26T10:26:37","date_gmt":"2011-09-26T13:26:37","guid":{"rendered":"https:\/\/wp.ufpel.edu.br\/cea\/"},"modified":"2012-02-28T18:24:17","modified_gmt":"2012-02-28T18:24:17","slug":"ma","status":"publish","type":"page","link":"https:\/\/wp.ufpel.edu.br\/cea\/curso\/areas\/ma\/","title":{"rendered":"Mec\u00e2nica Agr\u00edcola"},"content":{"rendered":"<h4><strong>Principais atribui\u00e7\u00f5es<\/strong><\/h4>\n<ul>\n<li>Desenvolver projetos e ensaios de m\u00e1quinas e implementos agr\u00edcolas;<\/li>\n<\/ul>\n<ul>\n<li>Projetar, calcular e construir componentes e conjuntos empregados no processo da produ\u00e7\u00e3o agr\u00edcola;<\/li>\n<\/ul>\n<ul>\n<li>Selecionar, utilizar e otimizar economicamente m\u00e1quinas e implementos agr\u00edcolas utilizados no preparo do solo, plantio, cultivo, colheita, transporte e manuseio de produtos agr\u00edcolas.<\/li>\n<\/ul>\n<h4><a title=\"Docentes\" href=\"https:\/\/wp.ufpel.edu.br\/cea\/apresentacao\/docentes#ma\"><strong>Docentes<\/strong><\/a><\/h4>\n","protected":false},"excerpt":{"rendered":"<p>Principais atribui\u00e7\u00f5es Desenvolver projetos e ensaios de m\u00e1quinas e implementos agr\u00edcolas; Projetar, calcular e construir componentes e conjuntos empregados no processo da produ\u00e7\u00e3o agr\u00edcola; Selecionar, utilizar e otimizar economicamente m\u00e1quinas e implementos agr\u00edcolas utilizados no preparo do solo, plantio, cultivo, colheita, transporte e manuseio de produtos agr\u00edcolas. Docentes<\/p>\n","protected":false},"author":123,"featured_media":0,"parent":175,"menu_order":0,"comment_status":"closed","ping_status":"closed","template":"template-onecolumn.php","meta":{"footnotes":""},"class_list":["post-177","page","type-page","status-publish","hentry"],"_links":{"self":[{"href":"https:\/\/wp.ufpel.edu.br\/cea\/wp-json\/wp\/v2\/pages\/177","targetHints":{"allow":["GET"]}}],"collection":[{"href":"https:\/\/wp.ufpel.edu.br\/cea\/wp-json\/wp\/v2\/pages"}],"about":[{"href":"https:\/\/wp.ufpel.edu.br\/cea\/wp-json\/wp\/v2\/types\/page"}],"author":[{"embeddable":true,"href":"https:\/\/wp.ufpel.edu.br\/cea\/wp-json\/wp\/v2\/users\/123"}],"replies":[{"embeddable":true,"href":"https:\/\/wp.ufpel.edu.br\/cea\/wp-json\/wp\/v2\/comments?post=177"}],"version-history":[{"count":63,"href":"https:\/\/wp.ufpel.edu.br\/cea\/wp-json\/wp\/v2\/pages\/177\/revisions"}],"predecessor-version":[{"id":2152,"href":"https:\/\/wp.ufpel.edu.br\/cea\/wp-json\/wp\/v2\/pages\/177\/revisions\/2152"}],"up":[{"embeddable":true,"href":"https:\/\/wp.ufpel.edu.br\/cea\/wp-json\/wp\/v2\/pages\/175"}],"wp:attachment":[{"href":"https:\/\/wp.ufpel.edu.br\/cea\/wp-json\/wp\/v2\/media?parent=177"}],"curies":[{"name":"wp","href":"https:\/\/api.w.org\/{rel}","templated":true}]}}