{"id":175,"date":"2011-09-26T10:25:49","date_gmt":"2011-09-26T13:25:49","guid":{"rendered":"https:\/\/wp.ufpel.edu.br\/cea\/"},"modified":"2012-02-28T18:24:17","modified_gmt":"2012-02-28T18:24:17","slug":"areas","status":"publish","type":"page","link":"https:\/\/wp.ufpel.edu.br\/cea\/curso\/areas\/","title":{"rendered":"\u00c1reas do Curso"},"content":{"rendered":"<p>O curso de Engenharia Agr\u00edcola abrange uma seq\u00fc\u00eancia de disciplinas e  atividades, que de acordo com as atribui\u00e7\u00f5es profissionais do engenheiro  agr\u00edcola pode-se classificar os diversos campos de atividades em \u00e1reas  de conhecimento, ficando definidas, assim, cinco \u00e1reas:<\/p>\n<ul>\n<li><a title=\"Mec\u00e2nica Agr\u00edcola\" href=\"https:\/\/wp.ufpel.edu.br\/cea\/curso\/areas\/ma\/\" target=\"_self\">Mec\u00e2nica Agr\u00edcola<\/a><\/li>\n<li><a title=\"Energiza\u00e7\u00e3o Rural\" href=\"https:\/\/wp.ufpel.edu.br\/cea\/curso\/areas\/er\/\" target=\"_self\">Energiza\u00e7\u00e3o Rural<\/a><\/li>\n<li><a title=\"Processamento de Produtos Agropecu\u00e1rios\" href=\"https:\/\/wp.ufpel.edu.br\/cea\/curso\/areas\/ppa\/\" target=\"_self\">Processamento de Produtos Agropecu\u00e1rios<\/a><\/li>\n<li><a title=\"Engenharia de \u00c1gua e Solos\" href=\"https:\/\/wp.ufpel.edu.br\/cea\/curso\/areas\/eas\/\" target=\"_self\">Engenharia de \u00c1gua e Solos<\/a><\/li>\n<li><a title=\"Constru\u00e7\u00f5es Rurais\" href=\"https:\/\/wp.ufpel.edu.br\/cea\/curso\/areas\/cr\/\" target=\"_self\">Constru\u00e7\u00f5es Rurais<\/a><\/li>\n<\/ul>\n","protected":false},"excerpt":{"rendered":"<p>O curso de Engenharia Agr\u00edcola abrange uma seq\u00fc\u00eancia de disciplinas e atividades, que de acordo com as atribui\u00e7\u00f5es profissionais do engenheiro agr\u00edcola pode-se classificar os diversos campos de atividades em \u00e1reas de conhecimento, ficando definidas, assim, cinco \u00e1reas: Mec\u00e2nica Agr\u00edcola Energiza\u00e7\u00e3o Rural Processamento de Produtos Agropecu\u00e1rios Engenharia de \u00c1gua e Solos Constru\u00e7\u00f5es Rurais<\/p>\n","protected":false},"author":123,"featured_media":0,"parent":162,"menu_order":4,"comment_status":"closed","ping_status":"closed","template":"template-onecolumn.php","meta":{"footnotes":""},"class_list":["post-175","page","type-page","status-publish","hentry"],"_links":{"self":[{"href":"https:\/\/wp.ufpel.edu.br\/cea\/wp-json\/wp\/v2\/pages\/175","targetHints":{"allow":["GET"]}}],"collection":[{"href":"https:\/\/wp.ufpel.edu.br\/cea\/wp-json\/wp\/v2\/pages"}],"about":[{"href":"https:\/\/wp.ufpel.edu.br\/cea\/wp-json\/wp\/v2\/types\/page"}],"author":[{"embeddable":true,"href":"https:\/\/wp.ufpel.edu.br\/cea\/wp-json\/wp\/v2\/users\/123"}],"replies":[{"embeddable":true,"href":"https:\/\/wp.ufpel.edu.br\/cea\/wp-json\/wp\/v2\/comments?post=175"}],"version-history":[{"count":65,"href":"https:\/\/wp.ufpel.edu.br\/cea\/wp-json\/wp\/v2\/pages\/175\/revisions"}],"predecessor-version":[{"id":2151,"href":"https:\/\/wp.ufpel.edu.br\/cea\/wp-json\/wp\/v2\/pages\/175\/revisions\/2151"}],"up":[{"embeddable":true,"href":"https:\/\/wp.ufpel.edu.br\/cea\/wp-json\/wp\/v2\/pages\/162"}],"wp:attachment":[{"href":"https:\/\/wp.ufpel.edu.br\/cea\/wp-json\/wp\/v2\/media?parent=175"}],"curies":[{"name":"wp","href":"https:\/\/api.w.org\/{rel}","templated":true}]}}