{"id":171,"date":"2011-09-26T10:21:22","date_gmt":"2011-09-26T13:21:22","guid":{"rendered":"https:\/\/wp.ufpel.edu.br\/cea\/"},"modified":"2012-02-28T18:24:17","modified_gmt":"2012-02-28T18:24:17","slug":"perfil","status":"publish","type":"page","link":"https:\/\/wp.ufpel.edu.br\/cea\/curso\/perfil\/","title":{"rendered":"Perfil Profissional"},"content":{"rendered":"<h4><strong>Perfil Profissional do Egresso do curso de Engenharia Agr\u00edcola.<\/strong><\/h4>\n<p>O Engenheiro Agr\u00edcola \u00e9 o profissional que possui uma vis\u00e3o integrada  do desenvolvimento da cadeia sist\u00eamica agr\u00edcola e que aplica as Ci\u00eancias  Exatas e a Tecnologia \u00e0 Agricultura, levando em considera\u00e7\u00e3o os fatores  ambientais, econ\u00f4micos e sociais. Assim, o Engenheiro Agr\u00edcola se vale  de uma s\u00f3lida forma\u00e7\u00e3o em F\u00edsica e Matem\u00e1tica para atuar na interface  entre a Engenharia e a Agricultura, buscando a solu\u00e7\u00e3o de problemas nos  sistemas produtivos.<\/p>\n<h4><strong>Atribui\u00e7\u00f5es Profissionais<br \/>\n<\/strong><\/h4>\n<p>As atividades do Engenheiro Agr\u00edcola s\u00e3o reguladas pelo Conselho Federal de Engenharia, Arquitetura e Agronomia (CONFEA). A Resolu\u00e7\u00e3o n\u00b0 256, de 27 de maio de 1978, apresenta a seguinte reda\u00e7\u00e3o:<\/p>\n<p>Compete ao Engenheiro Agr\u00edcola o desempenho das atividades 01 a 18 do Artigo 1o da Resolu\u00e7\u00e3o 218 do CONFEA, referentes \u00e0 aplica\u00e7\u00e3o de conhecimentos tecnol\u00f3gicos para a solu\u00e7\u00e3o de problemas relacionados \u00e0 produ\u00e7\u00e3o agr\u00edcola, envolvendo energia, transporte, sistemas estruturais e equipamentos, nas \u00e1reas de solos e \u00e1guas, constru\u00e7\u00f5es para fins rurais, eletrifica\u00e7\u00e3o, m\u00e1quinas e implementos agr\u00edcolas, processamento e armazenamento de produtos agr\u00edcolas, controle de polui\u00e7\u00e3o em meio rural, seus servi\u00e7os afins e correlatos.<\/p>\n<h4><strong>Mercado de Trabalho<\/strong><\/h4>\n<p>As atividades profissionais do Engenheiro Agr\u00edcola poder\u00e3o ser desenvolvidas em diversos campos, como:<\/p>\n<p>&#8211; Empresas agr\u00edcolas;<br \/>\n&#8211; Empresas de consultoria e projetos;<br \/>\n&#8211; Ind\u00fastrias de m\u00e1quinas e implementos agr\u00edcolas;<br \/>\n&#8211; Institui\u00e7\u00f5es p\u00fablicas de pesquisa e desenvolvimento tecnol\u00f3gico;<br \/>\n&#8211; Institui\u00e7\u00f5es p\u00fablicas de desenvolvimento regional;<br \/>\n&#8211; Magist\u00e9rio superior e de n\u00edvel m\u00e9dio.<\/p>\n","protected":false},"excerpt":{"rendered":"<p>Perfil Profissional do Egresso do curso de Engenharia Agr\u00edcola. O Engenheiro Agr\u00edcola \u00e9 o profissional que possui uma vis\u00e3o integrada do desenvolvimento da cadeia sist\u00eamica agr\u00edcola e que aplica as Ci\u00eancias Exatas e a Tecnologia \u00e0 Agricultura, levando em considera\u00e7\u00e3o os fatores ambientais, econ\u00f4micos e sociais. Assim, o Engenheiro Agr\u00edcola se vale de uma s\u00f3lida [&hellip;]<\/p>\n","protected":false},"author":123,"featured_media":0,"parent":162,"menu_order":3,"comment_status":"closed","ping_status":"open","template":"template-onecolumn.php","meta":{"footnotes":""},"class_list":["post-171","page","type-page","status-publish","hentry"],"_links":{"self":[{"href":"https:\/\/wp.ufpel.edu.br\/cea\/wp-json\/wp\/v2\/pages\/171","targetHints":{"allow":["GET"]}}],"collection":[{"href":"https:\/\/wp.ufpel.edu.br\/cea\/wp-json\/wp\/v2\/pages"}],"about":[{"href":"https:\/\/wp.ufpel.edu.br\/cea\/wp-json\/wp\/v2\/types\/page"}],"author":[{"embeddable":true,"href":"https:\/\/wp.ufpel.edu.br\/cea\/wp-json\/wp\/v2\/users\/123"}],"replies":[{"embeddable":true,"href":"https:\/\/wp.ufpel.edu.br\/cea\/wp-json\/wp\/v2\/comments?post=171"}],"version-history":[{"count":64,"href":"https:\/\/wp.ufpel.edu.br\/cea\/wp-json\/wp\/v2\/pages\/171\/revisions"}],"predecessor-version":[{"id":2150,"href":"https:\/\/wp.ufpel.edu.br\/cea\/wp-json\/wp\/v2\/pages\/171\/revisions\/2150"}],"up":[{"embeddable":true,"href":"https:\/\/wp.ufpel.edu.br\/cea\/wp-json\/wp\/v2\/pages\/162"}],"wp:attachment":[{"href":"https:\/\/wp.ufpel.edu.br\/cea\/wp-json\/wp\/v2\/media?parent=171"}],"curies":[{"name":"wp","href":"https:\/\/api.w.org\/{rel}","templated":true}]}}