{"id":167,"date":"2011-09-26T10:19:35","date_gmt":"2011-09-26T13:19:35","guid":{"rendered":"https:\/\/wp.ufpel.edu.br\/cea\/"},"modified":"2017-07-13T16:37:06","modified_gmt":"2017-07-13T19:37:06","slug":"proposta","status":"publish","type":"page","link":"https:\/\/wp.ufpel.edu.br\/cea\/curso\/proposta\/","title":{"rendered":"Proposta"},"content":{"rendered":"<p><strong>OBJETIVO<\/strong><\/p>\n<p>O Curso de Engenharia Agr\u00edcola da UFPel tem por objetivo geral formar profissionais capazes de solucionar problemas de engenharia, relacionados com o setor agr\u00edcola, nas \u00e1reas de Mec\u00e2nica Agr\u00edcola, de Energiza\u00e7\u00e3o Rural, de Engenharia de \u00c1gua e Solo, de Constru\u00e7\u00f5es Rurais e Ambi\u00eancia e de Processamento de Produtos Agr\u00edcolas.<\/p>\n<p><strong>PERFIL DO CURSO<\/strong><\/p>\n<p><strong>Denomina\u00e7\u00e3o: <\/strong>Curso de Engenharia Agr\u00edcola;<br \/>\n<strong>Modalidade: <\/strong>Engenharia;<br \/>\n<strong>Titula\u00e7\u00e3o Conferida: <\/strong>Engenheiro Agr\u00edcola;<br \/>\n<strong>Dura\u00e7\u00e3o do Curso: <\/strong>10 semestres;<br \/>\n<strong>Carga Hor\u00e1ria Total do Curso: <\/strong>4.879 horas;<br \/>\n<strong>Turno: <\/strong>integral;<br \/>\n<strong>N\u00famero de Vagas Oferecidas: <\/strong>40 ENEM + 4 PAVE = 44 Anuais;<br \/>\n<strong>Regime Acad\u00eamico: <\/strong>semestral;<br \/>\n<strong>Ato de Reconhecimento do Curso: <\/strong>Decreto Presidencial n<sup>o<\/sup> 81.295\/78; <strong>Portaria de Renova\u00e7\u00e3o de Reconhecimento do Curso:\u00a0<a href=\"https:\/\/wp.ufpel.edu.br\/cea\/files\/2011\/09\/Port.688.2017-renova\u00e7\u00e3o-de-reconhecimento.pdf\">Port.688.2017-renova\u00e7\u00e3o de reconhecimento<\/a><\/strong><br \/>\n<strong>Unidade Acad\u00eamica: <\/strong>Centro de Engenharias;<br \/>\n<strong>Dura\u00e7\u00e3o do Curso:<\/strong> M\u00ednimo &#8211; nove semestres \/ M\u00e1ximo &#8211; dezesseis semestres.<\/p>\n","protected":false},"excerpt":{"rendered":"<p>OBJETIVO O Curso de Engenharia Agr\u00edcola da UFPel tem por objetivo geral formar profissionais capazes de solucionar problemas de engenharia, relacionados com o setor agr\u00edcola, nas \u00e1reas de Mec\u00e2nica Agr\u00edcola, de Energiza\u00e7\u00e3o Rural, de Engenharia de \u00c1gua e Solo, de Constru\u00e7\u00f5es Rurais e Ambi\u00eancia e de Processamento de Produtos Agr\u00edcolas. PERFIL DO CURSO Denomina\u00e7\u00e3o: Curso [&hellip;]<\/p>\n","protected":false},"author":123,"featured_media":0,"parent":162,"menu_order":1,"comment_status":"closed","ping_status":"closed","template":"template-onecolumn.php","meta":{"footnotes":""},"class_list":["post-167","page","type-page","status-publish","hentry"],"_links":{"self":[{"href":"https:\/\/wp.ufpel.edu.br\/cea\/wp-json\/wp\/v2\/pages\/167","targetHints":{"allow":["GET"]}}],"collection":[{"href":"https:\/\/wp.ufpel.edu.br\/cea\/wp-json\/wp\/v2\/pages"}],"about":[{"href":"https:\/\/wp.ufpel.edu.br\/cea\/wp-json\/wp\/v2\/types\/page"}],"author":[{"embeddable":true,"href":"https:\/\/wp.ufpel.edu.br\/cea\/wp-json\/wp\/v2\/users\/123"}],"replies":[{"embeddable":true,"href":"https:\/\/wp.ufpel.edu.br\/cea\/wp-json\/wp\/v2\/comments?post=167"}],"version-history":[{"count":67,"href":"https:\/\/wp.ufpel.edu.br\/cea\/wp-json\/wp\/v2\/pages\/167\/revisions"}],"predecessor-version":[{"id":4455,"href":"https:\/\/wp.ufpel.edu.br\/cea\/wp-json\/wp\/v2\/pages\/167\/revisions\/4455"}],"up":[{"embeddable":true,"href":"https:\/\/wp.ufpel.edu.br\/cea\/wp-json\/wp\/v2\/pages\/162"}],"wp:attachment":[{"href":"https:\/\/wp.ufpel.edu.br\/cea\/wp-json\/wp\/v2\/media?parent=167"}],"curies":[{"name":"wp","href":"https:\/\/api.w.org\/{rel}","templated":true}]}}