{"id":1633,"date":"2011-11-21T15:32:08","date_gmt":"2011-11-21T18:32:08","guid":{"rendered":"https:\/\/wp.ufpel.edu.br\/cea\/"},"modified":"2012-02-28T21:01:03","modified_gmt":"2012-02-29T00:01:03","slug":"ingressantes","status":"publish","type":"page","link":"https:\/\/wp.ufpel.edu.br\/cea\/inicio\/ingressantes\/","title":{"rendered":"Ingressantes"},"content":{"rendered":"<p><strong><a href=\"https:\/\/wp.ufpel.edu.br\/cea\/inicio\/faq\/ingressantes#1\">1. N\u00e3o sei meu n\u00famero de matr\u00edcula: quem pode me informar?<\/a><\/strong><br \/>\n<strong><a href=\"https:\/\/wp.ufpel.edu.br\/cea\/inicio\/faq\/ingressantes#2\">2. Esqueci ou n\u00e3o cadastrei minha senha: como devo proceder?<\/a><\/strong><br \/>\n<strong><a href=\"https:\/\/wp.ufpel.edu.br\/cea\/inicio\/faq\/ingressantes#3\">3. Onde solicito minha carteirinha de estudante?<\/a><\/strong><\/p>\n<p><!-- 1. N\u00e3o sei meu n\u00famero de matr\u00edcula: quem pode me informar? --><br \/>\n<strong><a name=\"1\"><\/a>1. N\u00e3o sei meu n\u00famero de matr\u00edcula: quem pode me informar?<\/strong><br \/>\nO n\u00famero da matr\u00edcula pode ser informado pelo Colegiado de Curso ou pela Ger\u00eancia de Atendimento e Informa\u00e7\u00e3o (GAI-DRA) mediante apresenta\u00e7\u00e3o de documento de identifica\u00e7\u00e3o (RG, preferencialmente) com foto. O n\u00famero de matr\u00edcula n\u00e3o pode ser fornecido por telefone nem por e-mail.<\/p>\n<p style=\"text-align: right\"><a title=\"F.A.Q.\" href=\"https:\/\/wp.ufpel.edu.br\/cea\/inicio\/faq\/\" target=\"_self\">F.A.Q.<\/a>  ||  <a href=\"#\">Voltar<\/a><\/p>\n<p><!-- 2. Esqueci ou n\u00e3o cadastrei minha senha: como devo proceder? --><br \/>\n<strong><a name=\"2\"><\/a>2. Esqueci ou n\u00e3o cadastrei minha senha: como devo proceder?<\/strong><br \/>\nAcesse a p\u00e1gina do <a href=\"http:\/\/db2.ufpel.edu.br\/extranet\/consultas-alunosufpel\/\" target=\"_self\">Sistema Acad\u00eamico<\/a>, clique no \u00edtem \u201cSe voc\u00ea esqueceu ou ainda n\u00e3o cadastrou sua senha\u201d, responda as informa\u00e7\u00f5es solicitadas uma a uma e anote sua senha. Caso haja problema de cadastro com informa\u00e7\u00f5es incorretas sobre data de nascimento, RG, CPF, etc, apresente-se na Ger\u00eancia de Atendimento e Informa\u00e7\u00e3o (GAI-DRA) com seu documento de identidade. Alunos ingressantes n\u00e3o ter\u00e3o acesso a senha no primeiro m\u00eas de aula, embora possuam n\u00famero de matr\u00edcula. O acesso ser\u00e1 gerado em data divulgada pelo DRA.<\/p>\n<p style=\"text-align: right\"><a title=\"F.A.Q.\" href=\"https:\/\/wp.ufpel.edu.br\/cea\/inicio\/faq\/\" target=\"_self\">F.A.Q.<\/a>  ||  <a href=\"#\">Voltar<\/a><\/p>\n<p><!-- 3. Onde consigo informa\u00e7\u00f5es sobre o curso (hor\u00e1rio e local das aulas, disciplinas, grade curricular, atestados, etc)? --><br \/>\n<strong><a name=\"3\"><\/a>3. Onde consigo informa\u00e7\u00f5es sobre o curso (hor\u00e1rio e local das aulas, disciplinas, grade curricular, atestados, etc)?<\/strong><br \/>\nNo site do Curso voc\u00ea encontra essas informa\u00e7\u00f5es, por\u00e9m, caso a sua d\u00favida n\u00e3o esteja respondida no site, entre em contato com o a secretaria do curso atrav\u00e9s do formul\u00e1rio <a href=\"https:\/\/wp.ufpel.edu.br\/cea\/apresentacao\/contato\" target=\"_self\">Contato<\/a>.<\/p>\n<p style=\"text-align: right\"><a title=\"F.A.Q.\" href=\"https:\/\/wp.ufpel.edu.br\/cea\/inicio\/faq\/\" target=\"_self\">F.A.Q.<\/a>  ||  <a href=\"#\">Voltar<\/a><\/p>\n","protected":false},"excerpt":{"rendered":"<p>1. N\u00e3o sei meu n\u00famero de matr\u00edcula: quem pode me informar? 2. Esqueci ou n\u00e3o cadastrei minha senha: como devo proceder? 3. Onde solicito minha carteirinha de estudante? 1. N\u00e3o sei meu n\u00famero de matr\u00edcula: quem pode me informar? O n\u00famero da matr\u00edcula pode ser informado pelo Colegiado de Curso ou pela Ger\u00eancia de Atendimento [&hellip;]<\/p>\n","protected":false},"author":123,"featured_media":0,"parent":132,"menu_order":1,"comment_status":"closed","ping_status":"open","template":"template-onecolumn.php","meta":{"footnotes":""},"class_list":["post-1633","page","type-page","status-publish","hentry"],"_links":{"self":[{"href":"https:\/\/wp.ufpel.edu.br\/cea\/wp-json\/wp\/v2\/pages\/1633","targetHints":{"allow":["GET"]}}],"collection":[{"href":"https:\/\/wp.ufpel.edu.br\/cea\/wp-json\/wp\/v2\/pages"}],"about":[{"href":"https:\/\/wp.ufpel.edu.br\/cea\/wp-json\/wp\/v2\/types\/page"}],"author":[{"embeddable":true,"href":"https:\/\/wp.ufpel.edu.br\/cea\/wp-json\/wp\/v2\/users\/123"}],"replies":[{"embeddable":true,"href":"https:\/\/wp.ufpel.edu.br\/cea\/wp-json\/wp\/v2\/comments?post=1633"}],"version-history":[{"count":19,"href":"https:\/\/wp.ufpel.edu.br\/cea\/wp-json\/wp\/v2\/pages\/1633\/revisions"}],"predecessor-version":[{"id":2231,"href":"https:\/\/wp.ufpel.edu.br\/cea\/wp-json\/wp\/v2\/pages\/1633\/revisions\/2231"}],"up":[{"embeddable":true,"href":"https:\/\/wp.ufpel.edu.br\/cea\/wp-json\/wp\/v2\/pages\/132"}],"wp:attachment":[{"href":"https:\/\/wp.ufpel.edu.br\/cea\/wp-json\/wp\/v2\/media?parent=1633"}],"curies":[{"name":"wp","href":"https:\/\/api.w.org\/{rel}","templated":true}]}}