{"id":1618,"date":"2011-11-21T11:08:48","date_gmt":"2011-11-21T14:08:48","guid":{"rendered":"https:\/\/wp.ufpel.edu.br\/cea\/"},"modified":"2012-02-28T21:01:03","modified_gmt":"2012-02-29T00:01:03","slug":"duvidasgerais","status":"publish","type":"page","link":"https:\/\/wp.ufpel.edu.br\/cea\/inicio\/duvidasgerais\/","title":{"rendered":"D\u00favidas Gerais"},"content":{"rendered":"<p><strong><a href=\"https:\/\/wp.ufpel.edu.br\/cea\/inicio\/faq\/duvidasgerais#1\">1. Estou em d\u00e9bito com o DRA em rela\u00e7\u00e3o a documentos pendentes da minha matr\u00edcula: o que preciso levar ao DRA?<\/a><\/strong><br \/>\n<strong><a href=\"https:\/\/wp.ufpel.edu.br\/cea\/inicio\/faq\/duvidasgerais#2\">2. Onde solicito minha carteirinha de estudante?<\/a><\/strong><br \/>\n<strong><a href=\"https:\/\/wp.ufpel.edu.br\/cea\/inicio\/faq\/duvidasgerais#3\">3. Onde solicito minha carteirinha de estudante?<\/a><\/strong><\/p>\n<p><!-- 1. Estou em d\u00e9bito com o DRA em rela\u00e7\u00e3o a documentos pendentes da minha matr\u00edcula: o que preciso levar ao DRA? --><br \/>\n<strong><a name=\"1\"><\/a>1. Estou em d\u00e9bito com o DRA em rela\u00e7\u00e3o a documentos pendentes da minha matr\u00edcula: o que preciso levar ao DRA?<\/strong><br \/>\nUma c\u00f3pia autenticada ou c\u00f3pia simples acompanhada do documento original. Os documentos podem ser entregues pessoalmente, por terceiros ou enviados pelo correio (veja a se\u00e7\u00e3o <a title=\"Contato - DRA\" href=\"http:\/\/www.ufpel.edu.br\/alunos\/atendimento.php?link=contato\" target=\"_self\">Contato<\/a>). O DRA n\u00e3o fica com documentos originais em sua guarda para quita\u00e7\u00e3o do d\u00e9bito.<\/p>\n<p style=\"text-align: right\"><a title=\"F.A.Q.\" href=\"https:\/\/wp.ufpel.edu.br\/cea\/inicio\/faq\/\" target=\"_self\">F.A.Q.<\/a>  ||  <a href=\"#\">Voltar<\/a><\/p>\n<p><strong><a name=\"2\"><\/a>2. Onde solicito minha carteirinha de estudante?<\/strong><br \/>\nJunto ao Diret\u00f3rio Central dos Estudantes (DCE), na Pra\u00e7a Coronel Pedro Os\u00f3rio, n\u00b0 62 \u2013 Fone (53) 33058937.<\/p>\n<p style=\"text-align: right\"><a title=\"F.A.Q.\" href=\"https:\/\/wp.ufpel.edu.br\/cea\/inicio\/faq\/\" target=\"_self\">F.A.Q.<\/a>  ||  <a href=\"#\">Voltar<\/a><\/p>\n<p><strong><a name=\"3\"><\/a>3. Onde obtenho informa\u00e7\u00f5es sobre os programas de assist\u00eancia estudantil (bolsa alimenta\u00e7\u00e3o, transporte, moradia&#8230;)?<\/strong><br \/>\nJunto a Pr\u00f3-Reitoria de Assuntos Estudantis \u2013 Coordenadoria de Benef\u00edcios, na Rua Tr\u00eas de Maio, n\u00b0 852 (em frente a Faculdade de Direito) \u2013 Fone (53) 32277509 ou em seu site <a title=\"https:\/\/wp.ufpel.edu.br\/prae\/\" href=\"https:\/\/wp.ufpel.edu.br\/prae\/\" target=\"_self\">https:\/\/wp.ufpel.edu.br\/prae\/<\/a>. Lembramos que o DRA n\u00e3o fornece mais do que esta informa\u00e7\u00e3o sobre a PRAE &#8211; todas as demais devem ser inqueridas junto a ela.<\/p>\n<p style=\"text-align: right\"><a title=\"F.A.Q.\" href=\"https:\/\/wp.ufpel.edu.br\/cea\/inicio\/faq\/\" target=\"_self\">F.A.Q.<\/a>  ||  <a href=\"#\">Voltar<\/a><\/p>\n","protected":false},"excerpt":{"rendered":"<p>1. Estou em d\u00e9bito com o DRA em rela\u00e7\u00e3o a documentos pendentes da minha matr\u00edcula: o que preciso levar ao DRA? 2. Onde solicito minha carteirinha de estudante? 3. Onde solicito minha carteirinha de estudante? 1. Estou em d\u00e9bito com o DRA em rela\u00e7\u00e3o a documentos pendentes da minha matr\u00edcula: o que preciso levar ao [&hellip;]<\/p>\n","protected":false},"author":123,"featured_media":0,"parent":132,"menu_order":0,"comment_status":"closed","ping_status":"open","template":"template-onecolumn.php","meta":{"footnotes":""},"class_list":["post-1618","page","type-page","status-publish","hentry"],"_links":{"self":[{"href":"https:\/\/wp.ufpel.edu.br\/cea\/wp-json\/wp\/v2\/pages\/1618","targetHints":{"allow":["GET"]}}],"collection":[{"href":"https:\/\/wp.ufpel.edu.br\/cea\/wp-json\/wp\/v2\/pages"}],"about":[{"href":"https:\/\/wp.ufpel.edu.br\/cea\/wp-json\/wp\/v2\/types\/page"}],"author":[{"embeddable":true,"href":"https:\/\/wp.ufpel.edu.br\/cea\/wp-json\/wp\/v2\/users\/123"}],"replies":[{"embeddable":true,"href":"https:\/\/wp.ufpel.edu.br\/cea\/wp-json\/wp\/v2\/comments?post=1618"}],"version-history":[{"count":26,"href":"https:\/\/wp.ufpel.edu.br\/cea\/wp-json\/wp\/v2\/pages\/1618\/revisions"}],"predecessor-version":[{"id":2230,"href":"https:\/\/wp.ufpel.edu.br\/cea\/wp-json\/wp\/v2\/pages\/1618\/revisions\/2230"}],"up":[{"embeddable":true,"href":"https:\/\/wp.ufpel.edu.br\/cea\/wp-json\/wp\/v2\/pages\/132"}],"wp:attachment":[{"href":"https:\/\/wp.ufpel.edu.br\/cea\/wp-json\/wp\/v2\/media?parent=1618"}],"curies":[{"name":"wp","href":"https:\/\/api.w.org\/{rel}","templated":true}]}}