{"id":146,"date":"2011-09-26T09:56:04","date_gmt":"2011-09-26T12:56:04","guid":{"rendered":"https:\/\/wp.ufpel.edu.br\/cea\/"},"modified":"2023-10-20T16:36:11","modified_gmt":"2023-10-20T19:36:11","slug":"docentes","status":"publish","type":"page","link":"https:\/\/wp.ufpel.edu.br\/cea\/curso\/docentes\/","title":{"rendered":"Docentes"},"content":{"rendered":"<p>Rela\u00e7\u00e3o de Docentes do Curso de Engenharia agr\u00edcola vinculados ao CEng.<br \/>\n<!-- Mec\u00e2nica Agr\u00edcola --><\/p>\n<h2><span style=\"color: #000000;\"><strong><a name=\"ma\"><\/a>Mec\u00e2nica Agr\u00edcola<\/strong><\/span><\/h2>\n<h4><span style=\"color: #008000;\"><strong>Prof. Dr. Carlos Ant\u00f4nio da Costa Tillmann<\/strong><\/span><\/h4>\n<p><strong>Email:<\/strong> <a href=\"carlos_tillmann@ufpel.tche.br\" target=\"_blank\" rel=\"noopener\">carlos_tillmann@ufpel.tche.br<\/a><br \/>\n<strong>Curr\u00edculo Lattes:<\/strong> <span style=\"color: #000000;\"><a href=\"http:\/\/lattes.cnpq.br\/6907519513433053\" target=\"_blank\" rel=\"noopener\">http:\/\/lattes.cnpq.br\/6907519513433053<\/a><\/span><\/p>\n<h4><span style=\"color: #008000;\"><strong>Prof. Dr. Daniel Castro<\/strong><\/span><\/h4>\n<p><strong>Email:<\/strong> daniel.maciel@ufpel.edu.br<br \/>\n<strong>Curr\u00edculo Lattes:<\/strong> <a href=\"http:\/\/lattes.cnpq.br\/9006391328523355\">http:\/\/lattes.cnpq.br\/9006391328523355<\/a><\/p>\n<h4><span style=\"color: #008000;\"><strong>Prof. Dr. Gilson Sim\u00f5es Porci\u00fancula<\/strong><\/span><\/h4>\n<p><strong>Email:<\/strong> <a href=\"gilson.porciuncula@gmail.com\" target=\"_blank\" rel=\"noopener\">gilson.porciuncula@gmail.com<\/a><br \/>\n<strong>Curr\u00edculo Lattes:<\/strong> <a href=\"http:\/\/lattes.cnpq.br\/1455474364995693\" target=\"_blank\" rel=\"noopener\">http:\/\/lattes.cnpq.br\/1455474364995693<\/a><\/p>\n<h4><span style=\"color: #008000;\"><strong>Prof. Dr. Giusepe Stefanello<\/strong><\/span><\/h4>\n<p><strong>Email:<\/strong> giusepest@gmail.com<br \/>\n<strong>Curr\u00edculo Lattes:<\/strong> <a href=\"http:\/\/lattes.cnpq.br\/4037570080977346\">http:\/\/lattes.cnpq.br\/4037570080977346<\/a><\/p>\n<h4><span style=\"color: #008000;\"><strong>Prof. Dr. Roger Toscan Spagnolo<\/strong><\/span><\/h4>\n<p><strong>Email:<\/strong> roger.toscan@gmail.com<br \/>\n<strong>Curr\u00edculo Lattes:<\/strong> <a href=\"http:\/\/lattes.cnpq.br\/2978901012746459\">http:\/\/lattes.cnpq.br\/2978901012746459<\/a><\/p>\n<p><!-- Energiza\u00e7\u00e3o Rural --><\/p>\n<h2><span style=\"color: #000000;\"><strong><a name=\"er\"><\/a>Energiza\u00e7\u00e3o Rural<\/strong><\/span><\/h2>\n<h4><span style=\"color: #008000;\"><strong>Prof. Dr. \u00c1damo de Sousa Ara\u00fajo<\/strong><\/span><\/h4>\n<p><strong>Email:<\/strong> adamo.araujo@ufpel.edu.br<br \/>\n<strong>Curr\u00edculo Lattes:<\/strong> <a href=\"http:\/\/lattes.cnpq.br\/0262952916541413\">http:\/\/lattes.cnpq.br\/0262952916541413<\/a><\/p>\n<h4><span style=\"color: #008000;\"><strong>Prof\u00aa. Dr\u00aa. Cla\u00fadia Fernanda lemons e Silva<\/strong><\/span><\/h4>\n<p><strong>Email:<\/strong>\u00a0<a href=\"claudia.lemons@ufpel.edu.br\" target=\"_blank\" rel=\"noopener\">claudia.lemons@ufpel.edu.br<\/a><br \/>\n<strong>Curr\u00edculo Lattes:<\/strong>\u00a0<a href=\"http:\/\/lattes.cnpq.br\/8387065724345198\" target=\"_blank\" rel=\"noopener\">http:\/\/lattes.cnpq.br\/8387065724345198<\/a><\/p>\n<p><!-- Processamento de Produtos Agropecu\u00e1rios --><\/p>\n<h2><span style=\"color: #000000;\"><strong><a name=\"ppa\"><\/a>Processamento de Produtos Agropecu\u00e1rios<\/strong><\/span><\/h2>\n<h4><span style=\"color: #008000;\"><strong>Prof\u00aa. Dr. Gizele Ingrid Gadotti<\/strong><\/span><\/h4>\n<p><strong>Email:<\/strong> <a href=\"mailto:gigadotti@hotmail.com\" target=\"_blank\" rel=\"noopener\">gigadotti@hotmail.co<\/a>m<br \/>\n<strong>Curr\u00edculo Lattes:<\/strong> <a href=\"http:\/\/lattes.cnpq.br\/4110765012494684\">http:\/\/lattes.cnpq.br\/4110765012494684<\/a><\/p>\n<h4><span style=\"color: #008000;\"><strong>Prof. Dr. Ricardo Scherer Pohndorf<\/strong><\/span><\/h4>\n<p><strong>Email:<\/strong> ricardoscherer.eng@gmail.com<br \/>\n<strong>Curr\u00edculo Lattes:<\/strong> <a href=\"http:\/\/lattes.cnpq.br\/2938197159101592\">http:\/\/lattes.cnpq.br\/2938197159101592<\/a><\/p>\n<p><!-- Engenharia de \u00c1gua e Solos --><\/p>\n<h2><span style=\"color: #000000;\"><strong><a name=\"eas\"><\/a>Engenharia de \u00c1gua e Solos<\/strong><\/span><\/h2>\n<h4><span style=\"color: #008000;\"><strong>Prof\u00aa. Dr\u00aa. Claudia Fernanda Almeida Teixeira<\/strong><\/span><\/h4>\n<p><strong>Email:<\/strong> <a href=\"cfteixei@ig.com.br\">cfteixei@ig.com.br<\/a><br \/>\n<strong>Curr\u00edculo Lattes:<\/strong> <a href=\"http:\/\/lattes.cnpq.br\/0140129324988355\" target=\"_blank\" rel=\"noopener\">http:\/\/lattes.cnpq.br\/0140129324988355<\/a><\/p>\n<h4><span style=\"color: #008000;\"><strong>Prof. Dr. Leandro Sanzi Aquino<\/strong><\/span><\/h4>\n<p><strong>Email: <\/strong>leandrosaq@gmail.com<br \/>\n<strong>Curr\u00edculo Lattes: <\/strong>h<a href=\"ttp:\/\/lattes.cnpq.br\/0904829777175394\">ttp:\/\/lattes.cnpq.br\/0904829777175394<\/a><\/p>\n<h4><span style=\"color: #008000;\"><strong>Prof\u00aa. Dr\u00aa. Rita de C\u00e1ssia Fraga Dam\u00e9<\/strong><\/span><\/h4>\n<p><strong>Email:<\/strong> <a href=\"ritah2o@hotmail.com\" target=\"_blank\" rel=\"noopener\">ritah2o@hotmail.com<\/a><br \/>\n<strong>Curr\u00edculo Lattes:<\/strong> <a href=\"http:\/\/lattes.cnpq.br\/9421021176282511\" target=\"_blank\" rel=\"noopener\">http:\/\/lattes.cnpq.br\/9421021176282511<\/a><\/p>\n<p><!-- Constru\u00e7\u00f5es Rurais --><\/p>\n<h2><span style=\"color: #000000;\"><strong><a name=\"cr\"><\/a>Constru\u00e7\u00f5es Rurais<\/strong><\/span><\/h2>\n<h4><span style=\"color: #008000;\"><strong>\u00a0<\/strong><\/span><span style=\"color: #008000;\"><strong>Prof. Dr.\u00a0Angela Azevedo de Azevedo<\/strong><\/span><\/h4>\n<p><strong>Email:<\/strong>\u00a0azevedoufpel@gmail.com<br \/>\n<strong>Curr\u00edculo Lattes: <\/strong><a href=\"http:\/\/lattes.cnpq.br\/0236094501023081\">http:\/\/lattes.cnpq.br\/0236094501023081<\/a><\/p>\n<h4><span style=\"color: #008000;\"><strong>Prof. Dr. Humberto dias Viana<\/strong><\/span><\/h4>\n<p><strong>Email:<\/strong> humbertodvianna@gmail.com<br \/>\n<strong>Curr\u00edculo Lattes:<\/strong> <a href=\"http:\/\/lattes.cnpq.br\/3769788394891400\">http:\/\/lattes.cnpq.br\/3769788394891400<\/a><\/p>\n","protected":false},"excerpt":{"rendered":"<p>Rela\u00e7\u00e3o de Docentes do Curso de Engenharia agr\u00edcola vinculados ao CEng. Mec\u00e2nica Agr\u00edcola Prof. Dr. Carlos Ant\u00f4nio da Costa Tillmann Email: carlos_tillmann@ufpel.tche.br Curr\u00edculo Lattes: http:\/\/lattes.cnpq.br\/6907519513433053 Prof. Dr. Daniel Castro Email: daniel.maciel@ufpel.edu.br Curr\u00edculo Lattes: http:\/\/lattes.cnpq.br\/9006391328523355 Prof. Dr. Gilson Sim\u00f5es Porci\u00fancula Email: gilson.porciuncula@gmail.com Curr\u00edculo Lattes: http:\/\/lattes.cnpq.br\/1455474364995693 Prof. Dr. Giusepe Stefanello Email: giusepest@gmail.com Curr\u00edculo Lattes: http:\/\/lattes.cnpq.br\/4037570080977346 Prof. Dr. [&hellip;]<\/p>\n","protected":false},"author":123,"featured_media":0,"parent":162,"menu_order":1,"comment_status":"closed","ping_status":"closed","template":"","meta":{"footnotes":""},"class_list":["post-146","page","type-page","status-publish","hentry"],"_links":{"self":[{"href":"https:\/\/wp.ufpel.edu.br\/cea\/wp-json\/wp\/v2\/pages\/146","targetHints":{"allow":["GET"]}}],"collection":[{"href":"https:\/\/wp.ufpel.edu.br\/cea\/wp-json\/wp\/v2\/pages"}],"about":[{"href":"https:\/\/wp.ufpel.edu.br\/cea\/wp-json\/wp\/v2\/types\/page"}],"author":[{"embeddable":true,"href":"https:\/\/wp.ufpel.edu.br\/cea\/wp-json\/wp\/v2\/users\/123"}],"replies":[{"embeddable":true,"href":"https:\/\/wp.ufpel.edu.br\/cea\/wp-json\/wp\/v2\/comments?post=146"}],"version-history":[{"count":106,"href":"https:\/\/wp.ufpel.edu.br\/cea\/wp-json\/wp\/v2\/pages\/146\/revisions"}],"predecessor-version":[{"id":6498,"href":"https:\/\/wp.ufpel.edu.br\/cea\/wp-json\/wp\/v2\/pages\/146\/revisions\/6498"}],"up":[{"embeddable":true,"href":"https:\/\/wp.ufpel.edu.br\/cea\/wp-json\/wp\/v2\/pages\/162"}],"wp:attachment":[{"href":"https:\/\/wp.ufpel.edu.br\/cea\/wp-json\/wp\/v2\/media?parent=146"}],"curies":[{"name":"wp","href":"https:\/\/api.w.org\/{rel}","templated":true}]}}