{"id":118,"date":"2011-09-01T08:33:53","date_gmt":"2011-09-01T11:33:53","guid":{"rendered":"https:\/\/wp.ufpel.edu.br\/cea\/"},"modified":"2017-03-03T15:43:58","modified_gmt":"2017-03-03T18:43:58","slug":"historico","status":"publish","type":"page","link":"https:\/\/wp.ufpel.edu.br\/cea\/curso\/historico\/","title":{"rendered":"Hist\u00f3rico"},"content":{"rendered":"<p>Pioneiro no pa\u00eds, o Curso de Engenharia Agr\u00edcola da Universidade Federal de Pelotas foi criado em 27 de outubro de 1972 e reconhecido pelo Minist\u00e9rio da Educa\u00e7\u00e3o e da Cultura em 2 de fevereiro de 1978, sendo oficializado atrav\u00e9s do Decreto Presidencial no 81.295\/78.<\/p>\n<p>Sua cria\u00e7\u00e3o resultou dos estudos iniciados em 1970 pela Universidade Federal de Pelotas, contando com o apoio do Instituto Interamericano de Ci\u00eancias Agr\u00e1rias (IICA), \u00f3rg\u00e3o da Organiza\u00e7\u00e3o dos Estados Americanos (OEA), do Conselho Nacional de Pesquisa (CNPq) e da Organiza\u00e7\u00e3o das Na\u00e7\u00f5es Unidas para Agricultura e Alimenta\u00e7\u00e3o (FAO).<\/p>\n<p>Embora a primeira turma de alunos tenha iniciado seus estudos em mar\u00e7o de 1973, o curr\u00edculo m\u00ednimo para cursos de gradua\u00e7\u00e3o em Engenharia Agr\u00edcola s\u00f3 foi fixado pelo Conselho Federal de Educa\u00e7\u00e3o em agosto de 1974, atrav\u00e9s de sua Resolu\u00e7\u00e3o no 31. Neste mesmo ano, o Curso de Engenharia Agr\u00edcola da Universidade Federal de Pelotas elaborou seu primeiro curr\u00edculo pleno.<\/p>\n<p>A partir de ent\u00e3o, tendo uma vis\u00e3o mais clara das necessidades do mercado de trabalho e considerando as atribui\u00e7\u00f5es profissionais do Engenheiro Agr\u00edcola, modifica\u00e7\u00f5es curriculares t\u00eam sido introduzidas periodicamente.<\/p>\n<p>Desde o ano de 1977, quando aconteceu a solenidade de gradua\u00e7\u00e3o da primeira turma de Engenheiros Agr\u00edcolas do Brasil (foto ao lado), at\u00e9 a presente data, a Faculdade de Engenharia Agr\u00edcola formou mais de 450 profissionais, que hoje atuam por todo o Brasil e mesmo no Exterior.<\/p>\n<p style=\"text-align: center\"><a href=\"https:\/\/wp.ufpel.edu.br\/cea\/files\/2011\/09\/form_30anos_res.jpg\"><img class=\"aligncenter size-full wp-image-781\" src=\"https:\/\/wp.ufpel.edu.br\/cea\/files\/2011\/09\/form_30anos_res.jpg\" alt=\"\" width=\"347\" height=\"220\" srcset=\"https:\/\/wp.ufpel.edu.br\/cea\/files\/2011\/09\/form_30anos_res.jpg 347w, https:\/\/wp.ufpel.edu.br\/cea\/files\/2011\/09\/form_30anos_res-300x190.jpg 300w\" sizes=\"(max-width: 347px) 100vw, 347px\" \/><\/a><span style=\"font-size: small\"><strong>ENGENHARIA AGR\u00cdCOLA COMPLETA 30 ANOS NO BRASIL<\/strong><\/span><br \/>\n<span style=\"font-size: x-small\"><br \/>\n<\/span><\/p>\n<p>Clique <a title=\"ENGENHARIA AGR\u00cdCOLA COMPLETA 30 ANOS NO BRASIL\" href=\"https:\/\/wp.ufpel.edu.br\/cea\/files\/2011\/10\/EA30Anos.pdf\"> aqui<\/a> para acessar um excelente texto sobre a cria\u00e7\u00e3o do Curso de Engenharia Agr\u00edcola da UFPel, de autoria do Prof. Elmar Wagner.<\/p>\n","protected":false},"excerpt":{"rendered":"<p>Pioneiro no pa\u00eds, o Curso de Engenharia Agr\u00edcola da Universidade Federal de Pelotas foi criado em 27 de outubro de 1972 e reconhecido pelo Minist\u00e9rio da Educa\u00e7\u00e3o e da Cultura em 2 de fevereiro de 1978, sendo oficializado atrav\u00e9s do Decreto Presidencial no 81.295\/78. Sua cria\u00e7\u00e3o resultou dos estudos iniciados em 1970 pela Universidade Federal [&hellip;]<\/p>\n","protected":false},"author":123,"featured_media":0,"parent":162,"menu_order":0,"comment_status":"closed","ping_status":"closed","template":"template-onecolumn.php","meta":{"footnotes":""},"class_list":["post-118","page","type-page","status-publish","hentry"],"_links":{"self":[{"href":"https:\/\/wp.ufpel.edu.br\/cea\/wp-json\/wp\/v2\/pages\/118","targetHints":{"allow":["GET"]}}],"collection":[{"href":"https:\/\/wp.ufpel.edu.br\/cea\/wp-json\/wp\/v2\/pages"}],"about":[{"href":"https:\/\/wp.ufpel.edu.br\/cea\/wp-json\/wp\/v2\/types\/page"}],"author":[{"embeddable":true,"href":"https:\/\/wp.ufpel.edu.br\/cea\/wp-json\/wp\/v2\/users\/123"}],"replies":[{"embeddable":true,"href":"https:\/\/wp.ufpel.edu.br\/cea\/wp-json\/wp\/v2\/comments?post=118"}],"version-history":[{"count":70,"href":"https:\/\/wp.ufpel.edu.br\/cea\/wp-json\/wp\/v2\/pages\/118\/revisions"}],"predecessor-version":[{"id":4195,"href":"https:\/\/wp.ufpel.edu.br\/cea\/wp-json\/wp\/v2\/pages\/118\/revisions\/4195"}],"up":[{"embeddable":true,"href":"https:\/\/wp.ufpel.edu.br\/cea\/wp-json\/wp\/v2\/pages\/162"}],"wp:attachment":[{"href":"https:\/\/wp.ufpel.edu.br\/cea\/wp-json\/wp\/v2\/media?parent=118"}],"curies":[{"name":"wp","href":"https:\/\/api.w.org\/{rel}","templated":true}]}}