{"id":1121,"date":"2011-10-28T09:55:59","date_gmt":"2011-10-28T12:55:59","guid":{"rendered":"https:\/\/wp.ufpel.edu.br\/cea\/"},"modified":"2020-03-10T11:21:31","modified_gmt":"2020-03-10T14:21:31","slug":"informacoes","status":"publish","type":"page","link":"https:\/\/wp.ufpel.edu.br\/cea\/atividades-academicas\/estagios\/informacoes\/","title":{"rendered":"Informa\u00e7\u00f5es"},"content":{"rendered":"<p><strong>TIPOS DE EST\u00c1GIOS<\/strong><\/p>\n<ul>\n<li><strong><a title=\"Est\u00e1gio Obrigat\u00f3rio\" href=\"https:\/\/wp.ufpel.edu.br\/cea\/atividades-academicas\/estagios\/obrigatorio\" target=\"_self\" rel=\"noopener noreferrer\">Obrigat\u00f3rio ou curricular:<\/a><\/strong> \u00e9 aquele definido como tal no projeto pedag\u00f3gico do curso, cuja carga hor\u00e1ria \u00e9 requisito para aprova\u00e7\u00e3o e obten\u00e7\u00e3o de diploma.<\/li>\n<\/ul>\n<ul>\n<li><strong><a title=\"Est\u00e1gio N\u00e3o Obrigat\u00f3rio\" href=\"https:\/\/wp.ufpel.edu.br\/cea\/atividades-academicas\/estagios\/nao-obrigatorio\" target=\"_self\" rel=\"noopener noreferrer\">N\u00e3o-obrigat\u00f3rio:<\/a><\/strong> \u00e9 aquele desenvolvido como atividade opcional, acrescida \u00e0 carga hor\u00e1ria regular obrigat\u00f3ria.<\/li>\n<\/ul>\n<p><b>CADASTRO DE SEGURO PARA ALUNOS EM EST\u00c1GIO<\/b><\/p>\n<ul>\n<li>A UFPEL disponibiliza para os alunos\u00a0<span class=\"il\">seguro<\/span>\u00a0gratuito para est\u00e1gio.<br \/>\nO aluno deve pedir por e-mail para a coordena\u00e7\u00e3o do curso at\u00e9 dia 18 de cada m\u00eas. O\u00a0<span class=\"il\">seguro<\/span>\u00a0come\u00e7ar\u00e1 sua vig\u00eancia no dia 1\u00ba do pr\u00f3ximo m\u00eas. O cadastro \u00e9 feito pela coordena\u00e7\u00e3o no Cobalto. O aluno deve\u00a0 programar-se com anteced\u00eancia.<br \/>\nSomente h\u00e1 cobertura para alunos em est\u00e1gio obrigat\u00f3rio, independente do local de est\u00e1gio, ou aos acad\u00eamicos em est\u00e1gio n\u00e3o obrigat\u00f3rio realizado na pr\u00f3pria UFPEL.<\/li>\n<\/ul>\n<p><strong>Dados do Seguro:\u00a0<\/strong><\/p>\n<ul>\n<li><strong>COMPANHIA DE SEGUROS PREVID\u00caNCIA DO SUL\u200b &#8211; PREVISUL, CNPJ N\u00ba\u00a092.751.213\/0001-73. \u2013\u00a0<\/strong><strong> AP\u00d3LICE DE SEGURO ACIDENTES PESSOAIS \u2013 N\u00ba Ap\u00f3lice:\u00a0<b>15509820001399<\/b> &#8211; Valor 10mil<\/strong><\/li>\n<\/ul>\n","protected":false},"excerpt":{"rendered":"<p>TIPOS DE EST\u00c1GIOS Obrigat\u00f3rio ou curricular: \u00e9 aquele definido como tal no projeto pedag\u00f3gico do curso, cuja carga hor\u00e1ria \u00e9 requisito para aprova\u00e7\u00e3o e obten\u00e7\u00e3o de diploma. N\u00e3o-obrigat\u00f3rio: \u00e9 aquele desenvolvido como atividade opcional, acrescida \u00e0 carga hor\u00e1ria regular obrigat\u00f3ria. CADASTRO DE SEGURO PARA ALUNOS EM EST\u00c1GIO A UFPEL disponibiliza para os alunos\u00a0seguro\u00a0gratuito para est\u00e1gio. [&hellip;]<\/p>\n","protected":false},"author":123,"featured_media":0,"parent":1089,"menu_order":0,"comment_status":"closed","ping_status":"closed","template":"","meta":{"footnotes":""},"class_list":["post-1121","page","type-page","status-publish","hentry"],"_links":{"self":[{"href":"https:\/\/wp.ufpel.edu.br\/cea\/wp-json\/wp\/v2\/pages\/1121","targetHints":{"allow":["GET"]}}],"collection":[{"href":"https:\/\/wp.ufpel.edu.br\/cea\/wp-json\/wp\/v2\/pages"}],"about":[{"href":"https:\/\/wp.ufpel.edu.br\/cea\/wp-json\/wp\/v2\/types\/page"}],"author":[{"embeddable":true,"href":"https:\/\/wp.ufpel.edu.br\/cea\/wp-json\/wp\/v2\/users\/123"}],"replies":[{"embeddable":true,"href":"https:\/\/wp.ufpel.edu.br\/cea\/wp-json\/wp\/v2\/comments?post=1121"}],"version-history":[{"count":15,"href":"https:\/\/wp.ufpel.edu.br\/cea\/wp-json\/wp\/v2\/pages\/1121\/revisions"}],"predecessor-version":[{"id":5777,"href":"https:\/\/wp.ufpel.edu.br\/cea\/wp-json\/wp\/v2\/pages\/1121\/revisions\/5777"}],"up":[{"embeddable":true,"href":"https:\/\/wp.ufpel.edu.br\/cea\/wp-json\/wp\/v2\/pages\/1089"}],"wp:attachment":[{"href":"https:\/\/wp.ufpel.edu.br\/cea\/wp-json\/wp\/v2\/media?parent=1121"}],"curies":[{"name":"wp","href":"https:\/\/api.w.org\/{rel}","templated":true}]}}