{"id":1089,"date":"2011-10-28T09:38:08","date_gmt":"2011-10-28T12:38:08","guid":{"rendered":"https:\/\/wp.ufpel.edu.br\/cea\/"},"modified":"2017-03-03T16:57:36","modified_gmt":"2017-03-03T19:57:36","slug":"estagios","status":"publish","type":"page","link":"https:\/\/wp.ufpel.edu.br\/cea\/atividades-academicas\/estagios\/","title":{"rendered":"Est\u00e1gios"},"content":{"rendered":"<p>Os est\u00e1gios s\u00e3o atividades que enriquecem o aprendizado, aproximando a teoria vivenciada no curso da realidade do mercado de trabalho. Al\u00e9m de proporcionar um aprendizado pr\u00e1tico muito importante, um est\u00e1gio bem feito pode ser a porta de entrada para mercado de trabalho.<\/p>\n<p>Est\u00e1gios podem ser realizado em locais como:<\/p>\n<ul>\n<li>\n<h6>Empresas e propriedades agr\u00edcolas;<\/h6>\n<\/li>\n<\/ul>\n<ul>\n<li>\n<h6>F\u00e1bricas e ind\u00fastrias de equipamentos e maquin\u00e1rio destinado \u00e0s atividades agr\u00edcolas;<\/h6>\n<\/li>\n<\/ul>\n<ul>\n<li>\n<h6>Institui\u00e7\u00f5es p\u00fablicas cujo \u00e2mbito de atua\u00e7\u00e3o coincida com \u00e1reas de conhecimento da Engenharia Agr\u00edcola;<\/h6>\n<\/li>\n<\/ul>\n<ul>\n<li>\n<h6>Empresas de consultoria, projetos e planejamento agr\u00edcola<\/h6>\n<\/li>\n<\/ul>\n<ul>\n<li>\n<h6>Institui\u00e7\u00f5es p\u00fablicas de pesquisa e desenvolvimento tecnol\u00f3gico.<\/h6>\n<\/li>\n<\/ul>\n<p>Todo o aluno do Curso de Engenharia Agr\u00edcola deve fazer pelo menos um est\u00e1gio supervisionado, que \u00e9 obrigat\u00f3rio. Outros est\u00e1gios, embora n\u00e3o constem no curr\u00edculo padr\u00e3o do Curso, servir\u00e3o para fornecer ao aluno maior experi\u00eancia e valorizar seu <em>curriculum vitae<\/em>.<\/p>\n","protected":false},"excerpt":{"rendered":"<p>Os est\u00e1gios s\u00e3o atividades que enriquecem o aprendizado, aproximando a teoria vivenciada no curso da realidade do mercado de trabalho. Al\u00e9m de proporcionar um aprendizado pr\u00e1tico muito importante, um est\u00e1gio bem feito pode ser a porta de entrada para mercado de trabalho. Est\u00e1gios podem ser realizado em locais como: Empresas e propriedades agr\u00edcolas; F\u00e1bricas e [&hellip;]<\/p>\n","protected":false},"author":123,"featured_media":0,"parent":1060,"menu_order":1,"comment_status":"closed","ping_status":"closed","template":"template-onecolumn.php","meta":{"footnotes":""},"class_list":["post-1089","page","type-page","status-publish","hentry"],"_links":{"self":[{"href":"https:\/\/wp.ufpel.edu.br\/cea\/wp-json\/wp\/v2\/pages\/1089","targetHints":{"allow":["GET"]}}],"collection":[{"href":"https:\/\/wp.ufpel.edu.br\/cea\/wp-json\/wp\/v2\/pages"}],"about":[{"href":"https:\/\/wp.ufpel.edu.br\/cea\/wp-json\/wp\/v2\/types\/page"}],"author":[{"embeddable":true,"href":"https:\/\/wp.ufpel.edu.br\/cea\/wp-json\/wp\/v2\/users\/123"}],"replies":[{"embeddable":true,"href":"https:\/\/wp.ufpel.edu.br\/cea\/wp-json\/wp\/v2\/comments?post=1089"}],"version-history":[{"count":16,"href":"https:\/\/wp.ufpel.edu.br\/cea\/wp-json\/wp\/v2\/pages\/1089\/revisions"}],"predecessor-version":[{"id":4189,"href":"https:\/\/wp.ufpel.edu.br\/cea\/wp-json\/wp\/v2\/pages\/1089\/revisions\/4189"}],"up":[{"embeddable":true,"href":"https:\/\/wp.ufpel.edu.br\/cea\/wp-json\/wp\/v2\/pages\/1060"}],"wp:attachment":[{"href":"https:\/\/wp.ufpel.edu.br\/cea\/wp-json\/wp\/v2\/media?parent=1089"}],"curies":[{"name":"wp","href":"https:\/\/api.w.org\/{rel}","templated":true}]}}