{"id":925,"date":"2023-10-10T15:31:34","date_gmt":"2023-10-10T18:31:34","guid":{"rendered":"https:\/\/wp.ufpel.edu.br\/cdtec\/?page_id=925"},"modified":"2025-10-08T11:36:09","modified_gmt":"2025-10-08T14:36:09","slug":"historico-de-coordenacoes","status":"publish","type":"page","link":"https:\/\/wp.ufpel.edu.br\/cdtec\/cursos\/historico-de-coordenacoes","title":{"rendered":"Hist\u00f3rico de Coordena\u00e7\u00f5es"},"content":{"rendered":"<h1>Gradua\u00e7\u00e3o<\/h1>\n<h2>Biotecnologia<\/h2>\n<ul>\n<li>Tiago Veiras Collares (2008)<\/li>\n<li>Luciano da Silva Pinto (2012)<\/li>\n<li>Cl\u00e1udia Pinho Hartleben (2014)<\/li>\n<li>Luciano da Silva Pinto (2015)<\/li>\n<li>Priscila Marques Moura de Leon (2017)<\/li>\n<li>Vanessa Galli (2021)<\/li>\n<li>Thais Larre Oliveira Bohn (2023)<\/li>\n<li>Mariana H\u00e4rter Remi\u00e3o (2024)<\/li>\n<\/ul>\n<h2>Ci\u00eancia da Computa\u00e7\u00e3o<\/h2>\n<ul>\n<li>Gil Carlos Rodrigues Medeiros (Inform\u00e1tica, 1994)<\/li>\n<li>Fl\u00e1via Braga de Azambuja (Ci\u00eancia da Computa\u00e7\u00e3o, 2001)<\/li>\n<li>Carlos Ant\u00f4nio Pereira Campani (2006)<\/li>\n<li>Lucas Ferrari de Oliveira (2008)<\/li>\n<li>Paulo Roberto Ferreira Jr. (2009)<\/li>\n<li>Mauricio Lima Pilla (2013)<\/li>\n<li>Luciana Foss (2015)<\/li>\n<li>Tatiana Aires Tavares (2017)<\/li>\n<li>Ana Marilza Pernas Fleischmann (2019)<\/li>\n<li>Guilherme Tomaschewski Netto (2021, 2025)<\/li>\n<li>Lisane Brisolara de Brisolara (2023)<\/li>\n<\/ul>\n<h2>Engenharia de Computa\u00e7\u00e3o<\/h2>\n<ul>\n<li>Julio Carlos Balzano de Mattos (2010)<\/li>\n<li>Leomar Soares da Rosa Jr (2015)<\/li>\n<li>Rafael Iankowski Soares (2017)<\/li>\n<li>Andr\u00e9 Rauber Du Bois (2019)<\/li>\n<li>Alan Carlos Junior Rossetto (2021)<\/li>\n<li>Rafael Burlamaqui do Amaral (2023)<\/li>\n<li>Marcelo Schiavon Porto (2025)<\/li>\n<\/ul>\n<h2>Engenharia de Materiais<\/h2>\n<ul>\n<li>Neftal\u00ed Lenin Villareal Carre\u00f1o (2009)<\/li>\n<li>Margarete Regina Freitas Gon\u00e7alves (2012)<\/li>\n<li>Cesar Antonio Oropesa Avellaneda (2013, 2015)<\/li>\n<li>Fernando Machado Machado (2017)<\/li>\n<li>Amanda Dantas de Oliveira (2018)<\/li>\n<li>Cristiane Wienke Raubach (2021)<\/li>\n<li>S\u00e9rgio da Silva Cava (2023)<\/li>\n<\/ul>\n<h2>Engenharia H\u00eddrica<\/h2>\n<ul>\n<li>Gilberto Loguercio Collares (2009)<\/li>\n<li>Idel Cristiana Bigliardi Milani (2013)<\/li>\n<li>Mauricio Dai Pra (2015)<\/li>\n<li>Juliana Pertille da Silva (2017)<\/li>\n<li>Ricardo Scherer Pohndorf (2019)<\/li>\n<li>Felipe de Lucia Lobo (2021)<\/li>\n<li>Luis Eduardo Akiyoshi Sanches Suzuki (2023, 2025)<\/li>\n<\/ul>\n<h1>P\u00f3s-gradua\u00e7\u00e3o<\/h1>\n<h2>Biotecnologia<\/h2>\n<ul>\n<li>Carlos Gil Tunes (Cenbiot, 1986)<\/li>\n<li>Jos\u00e9 Ant\u00f4nio Guimar\u00e3es Aleixo (Cenbiot, 1993)<\/li>\n<li>Jos\u00e9 Ant\u00f4nio Guimar\u00e3es Aleixo (PPG Biotecnologia, 1994)<\/li>\n<li>Odir Ant\u00f4nio Dellagostin (2007)<\/li>\n<li>F\u00e1bio Pereira Leivas Leite (2010)<\/li>\n<li>Tiago Veiras Collares (2011, 2015)<\/li>\n<li>Fabiana Kommling Seixas (2012)<\/li>\n<li>Fabr\u00edcio Rochedo Concei\u00e7\u00e3o (2013)<\/li>\n<li>Lucielli Savegnago (2017)<\/li>\n<li>Fabiana Kommling Seixas (2020)<\/li>\n<li>Sibele Borsuk (2022, 2024)<\/li>\n<\/ul>\n<h2>Computa\u00e7\u00e3o<\/h2>\n<ul>\n<li>Gerson Geraldo Homrich Cavalheiro (2011, 2017)<\/li>\n<li>Felipe de Souza Marques (2013)<\/li>\n<li>Ricardo Matsumura Araujo (2015)<\/li>\n<li>Marcelo Schiavon Porto (2019)<\/li>\n<li>Bruno Zatt (2021)<\/li>\n<li>Guilherme Ribeiro Corr\u00eaa (2023)<\/li>\n<li>Andr\u00e9 Rauber Du Bois (2025)<\/li>\n<\/ul>\n<h2>Ci\u00eancia e Engenharia de Materiais<\/h2>\n<ul>\n<li>Neftal\u00ed Lenin Villareal Carre\u00f1o (2010, 2018, 2019, 2021)<\/li>\n<li>S\u00e9rgio da Silva Cava (2011, 2013)<\/li>\n<li>Margarete Regina Freitas Gon\u00e7alves (2015, 2017)<\/li>\n<li>Andr\u00e9 Luiz Missio (2023, 2025)<\/li>\n<\/ul>\n<h2>Recursos H\u00eddricos<\/h2>\n<ul>\n<li>Gilberto Loguercio Collares (2011)<\/li>\n<li>Samuel Beskow (2013, 2015)<\/li>\n<li>Lessandro Coll Faria (2017, 2019)<\/li>\n<li>Tamara Leitzke Caldeira Beskow (2021)<\/li>\n<li>Andr\u00e9 Becker Nunes (2022)<\/li>\n<li>Tamara Leitzke Caldeira Beskow (2024)<\/li>\n<\/ul>\n","protected":false},"excerpt":{"rendered":"<p>Gradua\u00e7\u00e3o Biotecnologia Tiago Veiras Collares (2008) Luciano da Silva Pinto (2012) Cl\u00e1udia Pinho Hartleben (2014) Luciano da Silva Pinto (2015) Priscila Marques Moura de Leon (2017) Vanessa Galli (2021) Thais Larre Oliveira Bohn (2023) Mariana H\u00e4rter Remi\u00e3o (2024) Ci\u00eancia da Computa\u00e7\u00e3o Gil Carlos Rodrigues Medeiros (Inform\u00e1tica, 1994) Fl\u00e1via Braga de Azambuja (Ci\u00eancia da Computa\u00e7\u00e3o, 2001) [&hellip;]<\/p>\n","protected":false},"author":930,"featured_media":0,"parent":67,"menu_order":0,"comment_status":"closed","ping_status":"closed","template":"","meta":{"jetpack_post_was_ever_published":false,"footnotes":""},"class_list":["post-925","page","type-page","status-publish","hentry"],"jetpack_sharing_enabled":true,"jetpack_shortlink":"https:\/\/wp.me\/PaZFu0-eV","jetpack_likes_enabled":true,"_links":{"self":[{"href":"https:\/\/wp.ufpel.edu.br\/cdtec\/wp-json\/wp\/v2\/pages\/925","targetHints":{"allow":["GET"]}}],"collection":[{"href":"https:\/\/wp.ufpel.edu.br\/cdtec\/wp-json\/wp\/v2\/pages"}],"about":[{"href":"https:\/\/wp.ufpel.edu.br\/cdtec\/wp-json\/wp\/v2\/types\/page"}],"author":[{"embeddable":true,"href":"https:\/\/wp.ufpel.edu.br\/cdtec\/wp-json\/wp\/v2\/users\/930"}],"replies":[{"embeddable":true,"href":"https:\/\/wp.ufpel.edu.br\/cdtec\/wp-json\/wp\/v2\/comments?post=925"}],"version-history":[{"count":2,"href":"https:\/\/wp.ufpel.edu.br\/cdtec\/wp-json\/wp\/v2\/pages\/925\/revisions"}],"predecessor-version":[{"id":1334,"href":"https:\/\/wp.ufpel.edu.br\/cdtec\/wp-json\/wp\/v2\/pages\/925\/revisions\/1334"}],"up":[{"embeddable":true,"href":"https:\/\/wp.ufpel.edu.br\/cdtec\/wp-json\/wp\/v2\/pages\/67"}],"wp:attachment":[{"href":"https:\/\/wp.ufpel.edu.br\/cdtec\/wp-json\/wp\/v2\/media?parent=925"}],"curies":[{"name":"wp","href":"https:\/\/api.w.org\/{rel}","templated":true}]}}