{"id":83,"date":"2019-05-06T21:10:39","date_gmt":"2019-05-07T00:10:39","guid":{"rendered":"https:\/\/wp.ufpel.edu.br\/cdtec\/?page_id=83"},"modified":"2025-10-08T10:33:25","modified_gmt":"2025-10-08T13:33:25","slug":"documentos","status":"publish","type":"page","link":"https:\/\/wp.ufpel.edu.br\/cdtec\/documentos","title":{"rendered":"Documentos"},"content":{"rendered":"<p>Prazos para Solicita\u00e7\u00e3o de Afastamento \u00e0 Servi\u00e7o no Pa\u00eds e do Pa\u00eds<\/p>\n<p>Prazos:<br \/>\nSolicita\u00e7\u00e3o de Autoriza\u00e7\u00e3o para <strong>Afastamento do Pa\u00eds<\/strong>: Anteced\u00eancia no m\u00ednimo de 40 dias do in\u00edcio da miss\u00e3o.<br \/>\n<strong>Viagem dentro do pa\u00eds<\/strong>: com anteced\u00eancia de no m\u00ednimo 10 dias antes do in\u00edcio da miss\u00e3o\/viagem, o n\u00facleo administrativo do CDTec deve ser informado da abertura e inclus\u00e3o completa da documenta\u00e7\u00e3o (e-mail: cdtec@ufpel.edu.br)<\/p>\n<p>TODAS as viagens a servi\u00e7o, independente do \u00f4nus, o servidor deve abrir processo no SEI com toda a documenta\u00e7\u00e3o exigida na legisla\u00e7\u00e3o.<\/p>\n<div>Em anexo documento com instru\u00e7\u00f5es para solicitar afastamento \u00e0 servi\u00e7o <strong>NO PA\u00cdS<\/strong>.<\/div>\n<div><strong>\u00a0<\/strong><\/div>\n<div>Para solicita\u00e7\u00e3o de autoriza\u00e7\u00e3o de afastamento <strong>do pa\u00eds<\/strong>, segue documento da base de conhecimento dispon\u00edvel no SEI.<\/div>\n<p>.<a href=\"https:\/\/wp.ufpel.edu.br\/cdtec\/files\/2025\/06\/Solicitacao-de-Autorizacao-para-Afastamento-do-Pais.pdf\">Solicita\u00e7\u00e3o-de-Autoriza\u00e7\u00e3o-para-Afastamento-do-Pa\u00eds<\/a><\/p>\n<p><a href=\"https:\/\/wp.ufpel.edu.br\/cdtec\/files\/2025\/10\/CADASTRO-DE-VIAGEM-NACIONAL.pdf\">CADASTRO DE VIAGEM NACIONAL<\/a><\/p>\n","protected":false},"excerpt":{"rendered":"<p>Prazos para Solicita\u00e7\u00e3o de Afastamento \u00e0 Servi\u00e7o no Pa\u00eds e do Pa\u00eds Prazos: Solicita\u00e7\u00e3o de Autoriza\u00e7\u00e3o para Afastamento do Pa\u00eds: Anteced\u00eancia no m\u00ednimo de 40 dias do in\u00edcio da miss\u00e3o. Viagem dentro do pa\u00eds: com anteced\u00eancia de no m\u00ednimo 10 dias antes do in\u00edcio da miss\u00e3o\/viagem, o n\u00facleo administrativo do CDTec deve ser informado da [&hellip;]<\/p>\n","protected":false},"author":930,"featured_media":0,"parent":0,"menu_order":0,"comment_status":"closed","ping_status":"closed","template":"","meta":{"jetpack_post_was_ever_published":false,"footnotes":""},"class_list":["post-83","page","type-page","status-publish","hentry"],"jetpack_sharing_enabled":true,"jetpack_shortlink":"https:\/\/wp.me\/PaZFu0-1l","jetpack_likes_enabled":true,"_links":{"self":[{"href":"https:\/\/wp.ufpel.edu.br\/cdtec\/wp-json\/wp\/v2\/pages\/83","targetHints":{"allow":["GET"]}}],"collection":[{"href":"https:\/\/wp.ufpel.edu.br\/cdtec\/wp-json\/wp\/v2\/pages"}],"about":[{"href":"https:\/\/wp.ufpel.edu.br\/cdtec\/wp-json\/wp\/v2\/types\/page"}],"author":[{"embeddable":true,"href":"https:\/\/wp.ufpel.edu.br\/cdtec\/wp-json\/wp\/v2\/users\/930"}],"replies":[{"embeddable":true,"href":"https:\/\/wp.ufpel.edu.br\/cdtec\/wp-json\/wp\/v2\/comments?post=83"}],"version-history":[{"count":4,"href":"https:\/\/wp.ufpel.edu.br\/cdtec\/wp-json\/wp\/v2\/pages\/83\/revisions"}],"predecessor-version":[{"id":1327,"href":"https:\/\/wp.ufpel.edu.br\/cdtec\/wp-json\/wp\/v2\/pages\/83\/revisions\/1327"}],"wp:attachment":[{"href":"https:\/\/wp.ufpel.edu.br\/cdtec\/wp-json\/wp\/v2\/media?parent=83"}],"curies":[{"name":"wp","href":"https:\/\/api.w.org\/{rel}","templated":true}]}}