{"id":78,"date":"2019-05-06T21:08:20","date_gmt":"2019-05-07T00:08:20","guid":{"rendered":"https:\/\/wp.ufpel.edu.br\/cdtec\/?page_id=78"},"modified":"2025-10-08T10:45:18","modified_gmt":"2025-10-08T13:45:18","slug":"pos","status":"publish","type":"page","link":"https:\/\/wp.ufpel.edu.br\/cdtec\/cursos\/pos","title":{"rendered":"P\u00f3s-Gradua\u00e7\u00e3o"},"content":{"rendered":"<h2>Programa de P\u00f3s-Gradua\u00e7\u00e3o em Biotecnologia<\/h2>\n<ul>\n<li>Homepage: <a href=\"http:\/\/wp.ufpel.edu.br\/ppgbiotec\/\" target=\"_blank\" rel=\"noopener noreferrer\">http:\/\/wp.ufpel.edu.br\/ppgbiotec\/<\/a><\/li>\n<li>Institucional: <a href=\"https:\/\/institucional.ufpel.edu.br\/cursos\/cod\/7020\" target=\"_blank\" rel=\"noopener noreferrer\">Mestrado<\/a> \/ <a href=\"https:\/\/institucional.ufpel.edu.br\/cursos\/cod\/8020\" target=\"_blank\" rel=\"noopener noreferrer\">Doutorado<\/a><\/li>\n<li>Coordenadora: <a href=\"https:\/\/institucional.ufpel.edu.br\/servidores\/id\/35582\" target=\"_blank\" rel=\"noopener\">Sibele Borsuk<\/a> | sibeleborsuk@gmail.com<\/li>\n<li>Telefone: (53) 3275-7350<\/li>\n<li>Email: <a class=\"\" href=\"mailto:biotecnologiaufpel@gmail.com\" data-usuario=\"ppgbufpel\" data-dominio=\"gmail.com\">biotecnologiaufpel@gmail.com <\/a><\/li>\n<li>Localiza\u00e7\u00e3o: Campus Universit\u00e1rio, s\/n &#8211; Pr\u00e9dio 19 (Campus Cap\u00e3o do Le\u00e3o)<\/li>\n<\/ul>\n<h2>Programa de P\u00f3s-Gradua\u00e7\u00e3o em Computa\u00e7\u00e3o<\/h2>\n<ul>\n<li>Homepage: <a href=\"https:\/\/wp.ufpel.edu.br\/computacao\/ppgc\/\" target=\"_blank\" rel=\"noopener noreferrer\">https:\/\/wp.ufpel.edu.br\/computacao\/ppgc\/<\/a><\/li>\n<li>Institucional: <a href=\"https:\/\/institucional.ufpel.edu.br\/cursos\/cod\/7057\" target=\"_blank\" rel=\"noopener noreferrer\">Mestrado<\/a> \/ <a href=\"https:\/\/institucional.ufpel.edu.br\/cursos\/cod\/8102\" target=\"_blank\" rel=\"noopener noreferrer\">Doutorado<\/a><\/li>\n<li>Coordenador: <a href=\"https:\/\/institucional.ufpel.edu.br\/servidores\/id\/34775\">Andr\u00e9 RauberDu Bois<\/a> | dubois@inf.ufpel.edu.br<\/li>\n<li>Telefone: (53) 3284-3860<\/li>\n<li>Email: <a class=\"\" href=\"mailto:secretaria-ppgc@inf.ufpel.edu.br\" data-usuario=\"ppgc\" data-dominio=\"inf.ufpel.edu.br\">secretaria-ppgc@inf.ufpel.edu.br<\/a><\/li>\n<li>Localiza\u00e7\u00e3o: Sala 312B, 3o Andar, Campus Porto &#8211; UFPel, Rua Gomes Carneiro 1, 96010-610<\/li>\n<\/ul>\n<h2>P\u00f3s-Gradua\u00e7\u00e3o em Ci\u00eancia e Engenharia de Materiais<\/h2>\n<ul>\n<li>Homepage: <a href=\"http:\/\/wp.ufpel.edu.br\/ppgcem\/pt\/\" target=\"_blank\" rel=\"noopener noreferrer\">http:\/\/wp.ufpel.edu.br\/ppgcem\/pt\/<\/a><\/li>\n<li>Institucional: <a href=\"https:\/\/institucional.ufpel.edu.br\/cursos\/cod\/7059\" target=\"_blank\" rel=\"noopener noreferrer\">Mestrado<\/a> \/ <a href=\"https:\/\/institucional.ufpel.edu.br\/cursos\/cod\/80101\" target=\"_blank\" rel=\"noopener noreferrer\">Doutorado<\/a><\/li>\n<li>Coordenador: <a href=\"https:\/\/institucional.ufpel.edu.br\/servidores\/id\/13518\" target=\"_blank\" rel=\"noopener\">Andr\u00e9 Luiz Missio<\/a> | andreluizmissio@gmail.com<\/li>\n<li>Telefone: (53) 3284-3881<\/li>\n<li>Email: <a class=\"\" href=\"mailto:ppgcem.ufpel@gmail.com\" data-usuario=\"ppgcem.ufpel\" data-dominio=\"gmail.com\">ppgcem.ufpel@gmail.com<\/a><\/li>\n<li>Localiza\u00e7\u00e3o: Sala 312B, 3o Andar, Campus Porto &#8211; UFPel, Rua Gomes Carneiro &#8211; no 01<\/li>\n<\/ul>\n<h2>Programa de P\u00f3s-Gradua\u00e7\u00e3o em Recursos H\u00eddricos<\/h2>\n<ul>\n<li>Homepage: <a href=\"http:\/\/wp.ufpel.edu.br\/ppgrecursoshidricos\/\" target=\"_blank\" rel=\"noopener noreferrer\">http:\/\/wp.ufpel.edu.br\/ppgrecursoshidricos\/<\/a><\/li>\n<li>Institucional: <a href=\"https:\/\/institucional.ufpel.edu.br\/cursos\/cod\/7065\" target=\"_blank\" rel=\"noopener noreferrer\">Mestrado<\/a> \/ <a href=\"https:\/\/institucional.ufpel.edu.br\/cursos\/cod\/8108\" target=\"_blank\" rel=\"noopener noreferrer\">Doutorado<\/a><\/li>\n<li>Coordenador: <a href=\"https:\/\/institucional.ufpel.edu.br\/servidores\/id\/11167\" target=\"_blank\" rel=\"noopener\">Tamara Leitzke Caldeira Beskow<\/a> | tamarac.prg@ufpel.edu.br<\/li>\n<li>Telefone: (53) 3284-3841<\/li>\n<li>Email: <a class=\"\" href=\"mailto:ppgrechid@gmail.com\" data-usuario=\"ppgrechid\" data-dominio=\"gmail.com\">ppgrechid@gmail.com<\/a><\/li>\n<li>Localiza\u00e7\u00e3o: Sala 312B, 3o Andar, Campus Porto &#8211; UFPel, Rua Gomes Carneiro &#8211; no 01<\/li>\n<\/ul>\n","protected":false},"excerpt":{"rendered":"<p>Programa de P\u00f3s-Gradua\u00e7\u00e3o em Biotecnologia Homepage: http:\/\/wp.ufpel.edu.br\/ppgbiotec\/ Institucional: Mestrado \/ Doutorado Coordenadora: Sibele Borsuk | sibeleborsuk@gmail.com Telefone: (53) 3275-7350 Email: biotecnologiaufpel@gmail.com Localiza\u00e7\u00e3o: Campus Universit\u00e1rio, s\/n &#8211; Pr\u00e9dio 19 (Campus Cap\u00e3o do Le\u00e3o) Programa de P\u00f3s-Gradua\u00e7\u00e3o em Computa\u00e7\u00e3o Homepage: https:\/\/wp.ufpel.edu.br\/computacao\/ppgc\/ Institucional: Mestrado \/ Doutorado Coordenador: Andr\u00e9 RauberDu Bois | dubois@inf.ufpel.edu.br Telefone: (53) 3284-3860 Email: secretaria-ppgc@inf.ufpel.edu.br Localiza\u00e7\u00e3o: [&hellip;]<\/p>\n","protected":false},"author":930,"featured_media":0,"parent":67,"menu_order":0,"comment_status":"closed","ping_status":"closed","template":"","meta":{"jetpack_post_was_ever_published":false,"footnotes":""},"class_list":["post-78","page","type-page","status-publish","hentry"],"jetpack_sharing_enabled":true,"jetpack_shortlink":"https:\/\/wp.me\/PaZFu0-1g","jetpack_likes_enabled":true,"_links":{"self":[{"href":"https:\/\/wp.ufpel.edu.br\/cdtec\/wp-json\/wp\/v2\/pages\/78","targetHints":{"allow":["GET"]}}],"collection":[{"href":"https:\/\/wp.ufpel.edu.br\/cdtec\/wp-json\/wp\/v2\/pages"}],"about":[{"href":"https:\/\/wp.ufpel.edu.br\/cdtec\/wp-json\/wp\/v2\/types\/page"}],"author":[{"embeddable":true,"href":"https:\/\/wp.ufpel.edu.br\/cdtec\/wp-json\/wp\/v2\/users\/930"}],"replies":[{"embeddable":true,"href":"https:\/\/wp.ufpel.edu.br\/cdtec\/wp-json\/wp\/v2\/comments?post=78"}],"version-history":[{"count":3,"href":"https:\/\/wp.ufpel.edu.br\/cdtec\/wp-json\/wp\/v2\/pages\/78\/revisions"}],"predecessor-version":[{"id":1333,"href":"https:\/\/wp.ufpel.edu.br\/cdtec\/wp-json\/wp\/v2\/pages\/78\/revisions\/1333"}],"up":[{"embeddable":true,"href":"https:\/\/wp.ufpel.edu.br\/cdtec\/wp-json\/wp\/v2\/pages\/67"}],"wp:attachment":[{"href":"https:\/\/wp.ufpel.edu.br\/cdtec\/wp-json\/wp\/v2\/media?parent=78"}],"curies":[{"name":"wp","href":"https:\/\/api.w.org\/{rel}","templated":true}]}}