{"id":708,"date":"2022-03-26T17:29:44","date_gmt":"2022-03-26T20:29:44","guid":{"rendered":"https:\/\/wp.ufpel.edu.br\/cdtec\/?page_id=708"},"modified":"2024-02-07T08:45:16","modified_gmt":"2024-02-07T11:45:16","slug":"estagio-probatorio","status":"publish","type":"page","link":"https:\/\/wp.ufpel.edu.br\/cdtec\/estagio-probatorio","title":{"rendered":"Est\u00e1gio Probat\u00f3rio"},"content":{"rendered":"<p>No SEI (<a href=\"https:\/\/sei.ufpel.edu.br\" target=\"_blank\" rel=\"noopener\">https:\/\/sei.ufpel.edu.br<\/a>), em Menu &gt; Base de Conhecimento &gt; Palavras-chave, coloque &#8220;Estagio Probat\u00f3rio&#8221;.<br \/>\nSelecione &#8220;Est\u00e1gio Probat\u00f3rio de Servidores Docentes (Resolu\u00e7\u00e3o 76\/2022)&#8221;.<\/p>\n<p>Clique na Tabela para ver maior.<\/p>\n<p><a href=\"https:\/\/wp.ufpel.edu.br\/cdtec\/files\/2024\/02\/etapas-estagio_probatorio.png\"><img class=\"aligncenter size-large wp-image-1098\" src=\"https:\/\/wp.ufpel.edu.br\/cdtec\/files\/2024\/02\/etapas-estagio_probatorio-1024x633.png\" alt=\"\" width=\"1024\" height=\"633\" srcset=\"https:\/\/wp.ufpel.edu.br\/cdtec\/files\/2024\/02\/etapas-estagio_probatorio-1024x633.png 1024w, https:\/\/wp.ufpel.edu.br\/cdtec\/files\/2024\/02\/etapas-estagio_probatorio-400x247.png 400w, https:\/\/wp.ufpel.edu.br\/cdtec\/files\/2024\/02\/etapas-estagio_probatorio-768x474.png 768w, https:\/\/wp.ufpel.edu.br\/cdtec\/files\/2024\/02\/etapas-estagio_probatorio-1536x949.png 1536w, https:\/\/wp.ufpel.edu.br\/cdtec\/files\/2024\/02\/etapas-estagio_probatorio-2048x1265.png 2048w\" sizes=\"(max-width: 1024px) 100vw, 1024px\" \/><\/a><\/p>\n<p>&nbsp;<\/p>\n<p>Documentos anteriores \u00e0 resolu\u00e7\u00e3o:<\/p>\n<ul>\n<li>P\u00e1gina do Prof. Gerson Cavalheiro: <a href=\"https:\/\/wp.ufpel.edu.br\/gersonc\/estagio-probatorio\/\" target=\"_blank\" rel=\"noopener\">https:\/\/wp.ufpel.edu.br\/gersonc\/estagio-probatorio\/<\/a><\/li>\n<li>Documentos para Download\n<ul>\n<li><a href=\"https:\/\/wp.ufpel.edu.br\/cdtec\/files\/2022\/03\/Fluxograma.pdf\">Fluxograma<\/a><\/li>\n<li><a href=\"https:\/\/wp.ufpel.edu.br\/cdtec\/files\/2022\/03\/ESTAGIO_PROBATORIO_CDTEC_Ago_2017.docx\">Normas<\/a><\/li>\n<\/ul>\n<\/li>\n<\/ul>\n","protected":false},"excerpt":{"rendered":"<p>No SEI (https:\/\/sei.ufpel.edu.br), em Menu &gt; Base de Conhecimento &gt; Palavras-chave, coloque &#8220;Estagio Probat\u00f3rio&#8221;. Selecione &#8220;Est\u00e1gio Probat\u00f3rio de Servidores Docentes (Resolu\u00e7\u00e3o 76\/2022)&#8221;. Clique na Tabela para ver maior. &nbsp; Documentos anteriores \u00e0 resolu\u00e7\u00e3o: P\u00e1gina do Prof. Gerson Cavalheiro: https:\/\/wp.ufpel.edu.br\/gersonc\/estagio-probatorio\/ Documentos para Download Fluxograma Normas<\/p>\n","protected":false},"author":930,"featured_media":0,"parent":0,"menu_order":0,"comment_status":"closed","ping_status":"closed","template":"","meta":{"jetpack_post_was_ever_published":false,"footnotes":""},"class_list":["post-708","page","type-page","status-publish","hentry"],"jetpack_sharing_enabled":true,"jetpack_shortlink":"https:\/\/wp.me\/PaZFu0-bq","jetpack_likes_enabled":true,"_links":{"self":[{"href":"https:\/\/wp.ufpel.edu.br\/cdtec\/wp-json\/wp\/v2\/pages\/708","targetHints":{"allow":["GET"]}}],"collection":[{"href":"https:\/\/wp.ufpel.edu.br\/cdtec\/wp-json\/wp\/v2\/pages"}],"about":[{"href":"https:\/\/wp.ufpel.edu.br\/cdtec\/wp-json\/wp\/v2\/types\/page"}],"author":[{"embeddable":true,"href":"https:\/\/wp.ufpel.edu.br\/cdtec\/wp-json\/wp\/v2\/users\/930"}],"replies":[{"embeddable":true,"href":"https:\/\/wp.ufpel.edu.br\/cdtec\/wp-json\/wp\/v2\/comments?post=708"}],"version-history":[{"count":6,"href":"https:\/\/wp.ufpel.edu.br\/cdtec\/wp-json\/wp\/v2\/pages\/708\/revisions"}],"predecessor-version":[{"id":1102,"href":"https:\/\/wp.ufpel.edu.br\/cdtec\/wp-json\/wp\/v2\/pages\/708\/revisions\/1102"}],"wp:attachment":[{"href":"https:\/\/wp.ufpel.edu.br\/cdtec\/wp-json\/wp\/v2\/media?parent=708"}],"curies":[{"name":"wp","href":"https:\/\/api.w.org\/{rel}","templated":true}]}}