{"id":70,"date":"2019-05-06T21:00:29","date_gmt":"2019-05-07T00:00:29","guid":{"rendered":"https:\/\/wp.ufpel.edu.br\/cdtec\/?page_id=70"},"modified":"2025-10-08T10:39:57","modified_gmt":"2025-10-08T13:39:57","slug":"graduacao","status":"publish","type":"page","link":"https:\/\/wp.ufpel.edu.br\/cdtec\/cursos\/graduacao","title":{"rendered":"Gradua\u00e7\u00e3o"},"content":{"rendered":"<h2>Biotecnologia<\/h2>\n<ul>\n<li><a href=\"https:\/\/youtu.be\/ieY_DOoitqo\" target=\"_blank\" rel=\"noopener noreferrer\">Assista o V\u00eddeo de Apresenta\u00e7\u00e3o do Curso<\/a><\/li>\n<li>Homepage: <a href=\"http:\/\/wp.ufpel.edu.br\/gbiotec\/\" target=\"_blank\" rel=\"noopener noreferrer\">http:\/\/wp.ufpel.edu.br\/gbiotec\/<\/a><\/li>\n<li>Institucional: <a href=\"https:\/\/institucional.ufpel.edu.br\/cursos\/cod\/5700\" target=\"_blank\" rel=\"noopener noreferrer\">https:\/\/institucional.ufpel.edu.br\/cursos\/cod\/5700<\/a><\/li>\n<li>Coordenadora: <a href=\"https:\/\/institucional.ufpel.edu.br\/servidores\/id\/17403\" target=\"_blank\" rel=\"noopener\">Mariana H\u00e4rter Remi\u00e3o<\/a> | mariana.remiao@ufpel.edu.br<\/li>\n<li>Telefone: (53) 3275-7350<\/li>\n<li>Email: <a class=\"\" href=\"mailto:gbiotec@ufpel.edu.br\" data-usuario=\"gbiotec\" data-dominio=\"ufpel.edu.br\">gbiotec@ufpel.edu.br<\/a> \/ <a href=\"mailto:graduacaobiotecnologia@gmail.com\">graduacaobiotecnologia@gmail.com<\/a><\/li>\n<li>Localiza\u00e7\u00e3o: Campus Universit\u00e1rio, s\/n &#8211; Pr\u00e9dio 19 (Campus Cap\u00e3o do Le\u00e3o)<\/li>\n<\/ul>\n<h2>Ci\u00eancia da Computa\u00e7\u00e3o<\/h2>\n<ul>\n<li><a href=\"https:\/\/youtu.be\/eNJvU0HUTWg\" target=\"_blank\" rel=\"noopener noreferrer\">Assista o V\u00eddeo de Apresenta\u00e7\u00e3o do Curso<\/a><\/li>\n<li>Homepage: <a href=\"https:\/\/wp.ufpel.edu.br\/computacao\/ciencia-da-computacao\/\" target=\"_blank\" rel=\"noopener noreferrer\">https:\/\/wp.ufpel.edu.br\/computacao\/ciencia-da-computacao\/<\/a><\/li>\n<li>Institucional: <a href=\"https:\/\/institucional.ufpel.edu.br\/cursos\/cod\/3900\" target=\"_blank\" rel=\"noopener noreferrer\">https:\/\/institucional.ufpel.edu.br\/cursos\/cod\/3900<\/a><\/li>\n<li>Coordenador: <a href=\"https:\/\/institucional.ufpel.edu.br\/servidores\/id\/132456\">Guilherme Tomaschewski Netto<\/a> | guilherme.netto@inf.ufpel.edu.br<\/li>\n<li>Telefone: (53) 3284-3860<\/li>\n<li>Email: <a class=\"\" href=\"mailto:secretaria-ccomp@inf.ufpel.edu.br\" data-usuario=\"secretaria\" data-dominio=\"inf.ufpel.edu.br\">secretaria-ccomp@inf.ufpel.edu.br<\/a><\/li>\n<li>Localiza\u00e7\u00e3o: Sala 312B, 3o Andar, Campus Porto &#8211; UFPel, Rua Gomes Carneiro 1, 96010-610<\/li>\n<\/ul>\n<h2>Engenharia de Computa\u00e7\u00e3o<\/h2>\n<ul>\n<li><a href=\"https:\/\/youtu.be\/eNJvU0HUTWg\" target=\"_blank\" rel=\"noopener noreferrer\">Assista o V\u00eddeo de Apresenta\u00e7\u00e3o do Curso<\/a><\/li>\n<li>Homepage: <a href=\"https:\/\/wp.ufpel.edu.br\/computacao\/engenharia-de-computacao\/\" target=\"_blank\" rel=\"noopener noreferrer\">https:\/\/wp.ufpel.edu.br\/computacao\/engenharia-de-computacao\/<\/a><\/li>\n<li>Institucional: <a href=\"https:\/\/institucional.ufpel.edu.br\/cursos\/cod\/3910\" target=\"_blank\" rel=\"noopener noreferrer\">https:\/\/institucional.ufpel.edu.br\/cursos\/cod\/3910<\/a><\/li>\n<li>Coordenador: <a href=\"https:\/\/institucional.ufpel.edu.br\/servidores\/id\/1782\">Marcelo Schiavon Porto<\/a> | porto@inf.ufpel.edu.br<\/li>\n<li>Telefone: (53) 3284-3860<\/li>\n<li>Email: <a class=\"\" href=\"mailto:secretaria-engcomp@inf.ufpel.edu.br\" data-usuario=\"secretaria\" data-dominio=\"inf.ufpel.edu.br\">secretaria-engcomp@inf.ufpel.edu.br<\/a><\/li>\n<li>Localiza\u00e7\u00e3o: Sala 312B, 3o Andar, Campus Porto &#8211; UFPel, Rua Gomes Carneiro 1, 96010-610<\/li>\n<\/ul>\n<h2>Engenharia de Materiais<\/h2>\n<ul>\n<li><a href=\"https:\/\/youtu.be\/0rYrO8S1vh0\" target=\"_blank\" rel=\"noopener noreferrer\">Assista o V\u00eddeo de Apresenta\u00e7\u00e3o do Curso<\/a><\/li>\n<li>Homepage: <a href=\"http:\/\/wp.ufpel.edu.br\/engmateriais\" target=\"_blank\" rel=\"noopener noreferrer\">http:\/\/wp.ufpel.edu.br\/engmateriais<\/a><\/li>\n<li>Institucional: <a href=\"https:\/\/institucional.ufpel.edu.br\/cursos\/cod\/6100\" target=\"_blank\" rel=\"noopener noreferrer\">https:\/\/institucional.ufpel.edu.br\/cursos\/cod\/6100<\/a><\/li>\n<li>Coordenador: <a href=\"https:\/\/institucional.ufpel.edu.br\/servidores\/id\/31978\" target=\"_blank\" rel=\"noopener\">Sergio da Silva Cava<\/a> | sergiocava@gmail.com<\/li>\n<li>Telefone: (53) 3284-3880<\/li>\n<li>Email: <a class=\"\" href=\"mailto:engmateriais@ufpel.edu.br\" data-usuario=\"engmateriais\" data-dominio=\"ufpel.edu.br\">engmateriais@ufpel.edu.br<\/a>\u00a0\/ <a href=\"mailto:secretariamateriaisufpel@gmail.com\">secretariamateriaisufpel@gmail.com<\/a><\/li>\n<li>Localiza\u00e7\u00e3o: Sala 312B, 3o Andar, Campus Porto &#8211; UFPel, Rua Gomes Carneiro &#8211; no 01<\/li>\n<\/ul>\n<h2>Engenharia H\u00eddrica<\/h2>\n<ul>\n<li><a href=\"https:\/\/youtu.be\/7_Qcy6xOSsw\" target=\"_blank\" rel=\"noopener noreferrer\">Assista o V\u00eddeo de Apresenta\u00e7\u00e3o do Curso<\/a><\/li>\n<li>Homepage: <a href=\"https:\/\/wp.ufpel.edu.br\/enghidrica\/\" target=\"_blank\" rel=\"noopener noreferrer\">https:\/\/wp.ufpel.edu.br\/enghidrica\/<\/a><\/li>\n<li>Institucional: <a href=\"https:\/\/institucional.ufpel.edu.br\/cursos\/cod\/6400\" target=\"_blank\" rel=\"noopener noreferrer\">https:\/\/institucional.ufpel.edu.br\/cursos\/cod\/6400<\/a><\/li>\n<li>Coordenador: <a href=\"https:\/\/institucional.ufpel.edu.br\/servidores\/id\/23623\" target=\"_blank\" rel=\"noopener\">Luis Eduardo Akiyoshi Sanches Suzuki<\/a> | dusuzuki@gmail.com<\/li>\n<li>Telefone: (53) 3284-3840<\/li>\n<li>Email: <a class=\"\" href=\"mailto:engenhariahidrica@gmail.com\" data-usuario=\"engenhariahidrica\" data-dominio=\"gmail.com\">engenhariahidrica@gmail.com<\/a><\/li>\n<li>Localiza\u00e7\u00e3o: Sala 312B, 3o Andar, Campus Porto &#8211; UFPel, Rua Gomes Carneiro &#8211; no 01<\/li>\n<\/ul>\n","protected":false},"excerpt":{"rendered":"<p>Biotecnologia Assista o V\u00eddeo de Apresenta\u00e7\u00e3o do Curso Homepage: http:\/\/wp.ufpel.edu.br\/gbiotec\/ Institucional: https:\/\/institucional.ufpel.edu.br\/cursos\/cod\/5700 Coordenadora: Mariana H\u00e4rter Remi\u00e3o | mariana.remiao@ufpel.edu.br Telefone: (53) 3275-7350 Email: gbiotec@ufpel.edu.br \/ graduacaobiotecnologia@gmail.com Localiza\u00e7\u00e3o: Campus Universit\u00e1rio, s\/n &#8211; Pr\u00e9dio 19 (Campus Cap\u00e3o do Le\u00e3o) Ci\u00eancia da Computa\u00e7\u00e3o Assista o V\u00eddeo de Apresenta\u00e7\u00e3o do Curso Homepage: https:\/\/wp.ufpel.edu.br\/computacao\/ciencia-da-computacao\/ Institucional: https:\/\/institucional.ufpel.edu.br\/cursos\/cod\/3900 Coordenador: Guilherme Tomaschewski Netto | [&hellip;]<\/p>\n","protected":false},"author":930,"featured_media":0,"parent":67,"menu_order":0,"comment_status":"closed","ping_status":"closed","template":"","meta":{"jetpack_post_was_ever_published":false,"footnotes":""},"class_list":["post-70","page","type-page","status-publish","hentry"],"jetpack_sharing_enabled":true,"jetpack_shortlink":"https:\/\/wp.me\/PaZFu0-18","jetpack_likes_enabled":true,"_links":{"self":[{"href":"https:\/\/wp.ufpel.edu.br\/cdtec\/wp-json\/wp\/v2\/pages\/70","targetHints":{"allow":["GET"]}}],"collection":[{"href":"https:\/\/wp.ufpel.edu.br\/cdtec\/wp-json\/wp\/v2\/pages"}],"about":[{"href":"https:\/\/wp.ufpel.edu.br\/cdtec\/wp-json\/wp\/v2\/types\/page"}],"author":[{"embeddable":true,"href":"https:\/\/wp.ufpel.edu.br\/cdtec\/wp-json\/wp\/v2\/users\/930"}],"replies":[{"embeddable":true,"href":"https:\/\/wp.ufpel.edu.br\/cdtec\/wp-json\/wp\/v2\/comments?post=70"}],"version-history":[{"count":4,"href":"https:\/\/wp.ufpel.edu.br\/cdtec\/wp-json\/wp\/v2\/pages\/70\/revisions"}],"predecessor-version":[{"id":1332,"href":"https:\/\/wp.ufpel.edu.br\/cdtec\/wp-json\/wp\/v2\/pages\/70\/revisions\/1332"}],"up":[{"embeddable":true,"href":"https:\/\/wp.ufpel.edu.br\/cdtec\/wp-json\/wp\/v2\/pages\/67"}],"wp:attachment":[{"href":"https:\/\/wp.ufpel.edu.br\/cdtec\/wp-json\/wp\/v2\/media?parent=70"}],"curies":[{"name":"wp","href":"https:\/\/api.w.org\/{rel}","templated":true}]}}