{"id":67,"date":"2019-05-06T20:55:06","date_gmt":"2019-05-06T23:55:06","guid":{"rendered":"https:\/\/wp.ufpel.edu.br\/cdtec\/?page_id=67"},"modified":"2019-05-06T21:08:57","modified_gmt":"2019-05-07T00:08:57","slug":"cursos","status":"publish","type":"page","link":"https:\/\/wp.ufpel.edu.br\/cdtec\/cursos","title":{"rendered":"Cursos"},"content":{"rendered":"<ul>\n<li><a href=\"https:\/\/wp.ufpel.edu.br\/cdtec\/cursos\/graduacao\/\">Gradua\u00e7\u00e3o<\/a><\/li>\n<li><a href=\"https:\/\/wp.ufpel.edu.br\/cdtec\/cursos\/pos\/\">P\u00f3s-Gradua\u00e7\u00e3o<\/a><\/li>\n<\/ul>\n","protected":false},"excerpt":{"rendered":"<p>Gradua\u00e7\u00e3o P\u00f3s-Gradua\u00e7\u00e3o<\/p>\n","protected":false},"author":930,"featured_media":0,"parent":0,"menu_order":0,"comment_status":"closed","ping_status":"closed","template":"","meta":{"jetpack_post_was_ever_published":false,"footnotes":""},"class_list":["post-67","page","type-page","status-publish","hentry"],"jetpack_sharing_enabled":true,"jetpack_shortlink":"https:\/\/wp.me\/PaZFu0-15","jetpack_likes_enabled":true,"_links":{"self":[{"href":"https:\/\/wp.ufpel.edu.br\/cdtec\/wp-json\/wp\/v2\/pages\/67","targetHints":{"allow":["GET"]}}],"collection":[{"href":"https:\/\/wp.ufpel.edu.br\/cdtec\/wp-json\/wp\/v2\/pages"}],"about":[{"href":"https:\/\/wp.ufpel.edu.br\/cdtec\/wp-json\/wp\/v2\/types\/page"}],"author":[{"embeddable":true,"href":"https:\/\/wp.ufpel.edu.br\/cdtec\/wp-json\/wp\/v2\/users\/930"}],"replies":[{"embeddable":true,"href":"https:\/\/wp.ufpel.edu.br\/cdtec\/wp-json\/wp\/v2\/comments?post=67"}],"version-history":[{"count":2,"href":"https:\/\/wp.ufpel.edu.br\/cdtec\/wp-json\/wp\/v2\/pages\/67\/revisions"}],"predecessor-version":[{"id":81,"href":"https:\/\/wp.ufpel.edu.br\/cdtec\/wp-json\/wp\/v2\/pages\/67\/revisions\/81"}],"wp:attachment":[{"href":"https:\/\/wp.ufpel.edu.br\/cdtec\/wp-json\/wp\/v2\/media?parent=67"}],"curies":[{"name":"wp","href":"https:\/\/api.w.org\/{rel}","templated":true}]}}