{"id":6,"date":"2019-05-06T19:09:02","date_gmt":"2019-05-06T22:09:02","guid":{"rendered":"https:\/\/wp.ufpel.edu.br\/cdtec\/?page_id=6"},"modified":"2019-05-06T19:22:25","modified_gmt":"2019-05-06T22:22:25","slug":"historico","status":"publish","type":"page","link":"https:\/\/wp.ufpel.edu.br\/cdtec\/sobre\/historico","title":{"rendered":"Breve Hist\u00f3rico"},"content":{"rendered":"<h1 style=\"text-align: justify\"><b>O REUNI e o CDTec<\/b><\/h1>\n<p style=\"text-align: justify\"><span style=\"font-weight: 400\">O DECRETO Presidencial N\u00ba 6.096, DE 24 DE ABRIL DE 2007, instituiu o Programa de Apoio a Planos de Reestrutura\u00e7\u00e3o e Expans\u00e3o das Universidades Federais &#8211; REUNI.<\/span><\/p>\n<p style=\"text-align: justify\"><span style=\"font-weight: 400\">O plano de reestrutura\u00e7\u00e3o da universidade que tivesse interesse em seu ingresso ao Programa, respeitados a voca\u00e7\u00e3o de cada institui\u00e7\u00e3o e o princ\u00edpio da autonomia universit\u00e1ria, deveria indicar a estrat\u00e9gia e as etapas para atingir as metas e diretrizes do programa.<\/span><\/p>\n<p style=\"text-align: justify\"><span style=\"font-weight: 400\">O Programa previa as seguintes diretrizes:<\/span><\/p>\n<ol style=\"text-align: justify\">\n<li style=\"font-weight: 400\"><span style=\"font-weight: 400\">redu\u00e7\u00e3o das taxas de evas\u00e3o, ocupa\u00e7\u00e3o de vagas ociosas e aumento de vagas de ingresso, especialmente no per\u00edodo noturno;<\/span><\/li>\n<li style=\"font-weight: 400\"><span style=\"font-weight: 400\">amplia\u00e7\u00e3o da mobilidade estudantil, com a implanta\u00e7\u00e3o de regimes curriculares e sistemas de t\u00edtulos que possibilitem a constru\u00e7\u00e3o de itiner\u00e1rios formativos, mediante o aproveitamento de cr\u00e9ditos e a circula\u00e7\u00e3o de estudantes entre institui\u00e7\u00f5es, cursos e programas de educa\u00e7\u00e3o superior;<\/span><\/li>\n<li style=\"font-weight: 400\"><span style=\"font-weight: 400\">revis\u00e3o da estrutura acad\u00eamica, com reorganiza\u00e7\u00e3o dos cursos de gradua\u00e7\u00e3o e atualiza\u00e7\u00e3o de metodologias de ensino-aprendizagem, buscando a constante eleva\u00e7\u00e3o da qualidade;<\/span><\/li>\n<li style=\"font-weight: 400\"><span style=\"font-weight: 400\">diversifica\u00e7\u00e3o das modalidades de gradua\u00e7\u00e3o, preferencialmente n\u00e3o voltadas \u00e0 profissionaliza\u00e7\u00e3o precoce e especializada;<\/span><\/li>\n<li style=\"font-weight: 400\"><span style=\"font-weight: 400\">amplia\u00e7\u00e3o de pol\u00edticas de inclus\u00e3o e assist\u00eancia estudantil; e<\/span><\/li>\n<li style=\"font-weight: 400\"><span style=\"font-weight: 400\">articula\u00e7\u00e3o da gradua\u00e7\u00e3o com a p\u00f3s-gradua\u00e7\u00e3o e da educa\u00e7\u00e3o superior com a educa\u00e7\u00e3o b\u00e1sica.<\/span><\/li>\n<\/ol>\n<p style=\"text-align: justify\"><span style=\"font-weight: 400\">A UFPEL participou na primeira chamada de ades\u00e3o ao REUNI em 29\/10\/2007 para implanta\u00e7\u00e3o do programa no 1\u00ba semestre 2008, da qual participaram mais 41 Universidades nesta chamada. <\/span><\/p>\n<p style=\"text-align: justify\"><span style=\"font-weight: 400\">Com o Reuni, o governo federal adotou uma s\u00e9rie de medidas para retomar o crescimento do ensino superior p\u00fablico, criando condi\u00e7\u00f5es para que as universidades federais promovessem a expans\u00e3o f\u00edsica, acad\u00eamica e pedag\u00f3gica da rede federal de educa\u00e7\u00e3o superior. A amplia\u00e7\u00e3o e readequa\u00e7\u00e3o da infraestrutura f\u00edsica das universidades federais constitui um dos componentes para o alcance dos objetivos do Programa Reuni. A preocupa\u00e7\u00e3o com a qualidade da oferta, para al\u00e9m da amplia\u00e7\u00e3o do n\u00famero de vagas na educa\u00e7\u00e3o superior p\u00fablica, levou o Reuni a atuar em outras cinco dimens\u00f5es: reestrutura\u00e7\u00e3o acad\u00eamico-curricular; inova\u00e7\u00e3o pedag\u00f3gica; mobilidade intra e inter institucional; compromisso social das universidades, e articula\u00e7\u00e3o entre gradua\u00e7\u00e3o, p\u00f3s-gradua\u00e7\u00e3o e os demais n\u00edveis educacionais.<\/span><\/p>\n<p style=\"text-align: justify\"><span style=\"font-weight: 400\">Contando com iniciativas e disposi\u00e7\u00e3o de docentes da UFPel, discentes de p\u00f3s-gradua\u00e7\u00e3o em Biotecnologia e servidores t\u00e9cnico-administrativos, teve in\u00edcio um movimento coletivo na discuss\u00e3o de ideias e proposi\u00e7\u00f5es para construir um formato inovador de unidade acad\u00eamica na UFPel, tendo \u00a0seu in\u00edcio marcado a partir do segundo semestre de 2008. <\/span><\/p>\n<p style=\"text-align: justify\"><span style=\"font-weight: 400\">A trajet\u00f3ria da Unidade se deu imersa no programa REUNI do governo federal, o qual proporcionou a possibilidade de construir uma Unidade Acad\u00eamica moderna no ponto de vista de gest\u00e3o com impactos positivos no ensino de gradua\u00e7\u00e3o e p\u00f3s-gradua\u00e7\u00e3o.<\/span><\/p>\n<h2 style=\"text-align: justify\"><b>Portarias de estrutura\u00e7\u00e3o do CDTec<\/b><\/h2>\n<h3 style=\"text-align: justify\"><b>Portaria 252 de <\/b><b>06 de mar\u00e7o de 2009<\/b><\/h3>\n<p style=\"text-align: justify\"><span style=\"font-weight: 400\">Cria o Centro de Desenvolvimento Tecnol\u00f3gico da Universidade Federal de Pelotas.<\/span><\/p>\n<h3 style=\"text-align: justify\"><b>Portaria 1.611 de <\/b><b>15 de outubro de 2009<\/b><\/h3>\n<p style=\"text-align: justify\"><span style=\"font-weight: 400\">Cria o Curso de <\/span><span style=\"font-weight: 400\">Gradua\u00e7\u00e3o em Biotecnologia<\/span><span style=\"font-weight: 400\"> com sede de funcionamento no Centro de Biotecnologia.<\/span><\/p>\n<h3 style=\"text-align: justify\"><b>Portaria 1.563 de <\/b><b>06 de outubro de 2010<\/b><\/h3>\n<p style=\"text-align: justify\"><span style=\"font-weight: 400\">Cria o curso de <\/span><span style=\"font-weight: 400\">Gradua\u00e7\u00e3o em Engenharia H\u00eddrica<\/span><span style=\"font-weight: 400\"> com sede de funcionamento no CAVG.<\/span><\/p>\n<h3 style=\"text-align: justify\"><b>Portaria 1.564 de <\/b><b>06 de outubro de 2010<\/b><\/h3>\n<p style=\"text-align: justify\"><span style=\"font-weight: 400\">Cria o curso de <\/span><span style=\"font-weight: 400\">Gradua\u00e7\u00e3o em Engenharia de Materiais<\/span><span style=\"font-weight: 400\"> com sede de funcionamento na Rua F\u00e9lix da Cunha 809. <\/span><\/p>\n<h3 style=\"text-align: justify\"><b>Portaria 1.570 de <\/b><b>06 de outubro de 2010<\/b><\/h3>\n<p style=\"text-align: justify\"><span style=\"font-weight: 400\">Cria o curso de <\/span><span style=\"font-weight: 400\">Gradua\u00e7\u00e3o em Engenharia da Computa\u00e7\u00e3o<\/span><span style=\"font-weight: 400\"> com sede de funcionamento no campus Cap\u00e3o do Le\u00e3o.<\/span><\/p>\n<h3 style=\"text-align: justify\"><b>Portaria 1.760 de <\/b><b>10 outubro de 2010<\/b><\/h3>\n<p style=\"text-align: justify\"><span style=\"font-weight: 400\">Transfere o Centro de Biotecnologia (<\/span><span style=\"font-weight: 400\">Gradua\u00e7\u00e3o e P\u00f3s-gradua\u00e7\u00e3o em Biotecnologia, n\u00edvel mestrado e doutorado<\/span><span style=\"font-weight: 400\">) ao CDTec. <\/span><\/p>\n<h3 style=\"text-align: justify\"><b><\/b><b>Portaria 1.739 de <\/b><b>09 de novembro de 2010<\/b><\/h3>\n<p style=\"text-align: justify\"><span style=\"font-weight: 400\">Aloca os cursos de <\/span><span style=\"font-weight: 400\">Gradua\u00e7\u00e3o em Engenharia da Computa\u00e7\u00e3o e Ci\u00eancia da Computa\u00e7\u00e3o<\/span><span style=\"font-weight: 400\"> no CDTec.<\/span><\/p>\n<h3 style=\"text-align: justify\"><b>Portaria 1.867 de <\/b><b>26 de novembro de 2010<\/b><\/h3>\n<p style=\"text-align: justify\"><span style=\"font-weight: 400\">Cria o Programa de <\/span><span style=\"font-weight: 400\">P\u00f3s-gradua\u00e7\u00e3o em Computa\u00e7\u00e3o<\/span><span style=\"font-weight: 400\">, n\u00edvel Mestrado, vinculado ao CDTec.<\/span><\/p>\n<h3 style=\"text-align: justify\"><b>Portaria 1.980 de <\/b><b>21 de dezembro de 2010<\/b><\/h3>\n<p style=\"text-align: justify\"><span style=\"font-weight: 400\">Criar o Programa de <\/span><span style=\"font-weight: 400\">P\u00f3s-gradua\u00e7\u00e3o em Ci\u00eancia e Engenharia de Materiais<\/span><span style=\"font-weight: 400\">, n\u00edvel Mestrado, vinculado ao CDTec.<\/span><\/p>\n<h3 style=\"text-align: justify\"><b>Portaria 1.687 de <\/b><b>06 de novembro de 2012<\/b><\/h3>\n<p style=\"text-align: justify\"><span style=\"font-weight: 400\">Cria o Programa de <\/span><span style=\"font-weight: 400\">P\u00f3s-gradua\u00e7\u00e3o em Recursos H\u00eddricos<\/span><span style=\"font-weight: 400\">, n\u00edvel Mestrado, vinculado ao CDTec.<\/span><\/p>\n","protected":false},"excerpt":{"rendered":"<p>O REUNI e o CDTec O DECRETO Presidencial N\u00ba 6.096, DE 24 DE ABRIL DE 2007, instituiu o Programa de Apoio a Planos de Reestrutura\u00e7\u00e3o e Expans\u00e3o das Universidades Federais &#8211; REUNI. O plano de reestrutura\u00e7\u00e3o da universidade que tivesse interesse em seu ingresso ao Programa, respeitados a voca\u00e7\u00e3o de cada institui\u00e7\u00e3o e o princ\u00edpio [&hellip;]<\/p>\n","protected":false},"author":930,"featured_media":0,"parent":29,"menu_order":0,"comment_status":"closed","ping_status":"closed","template":"","meta":{"jetpack_post_was_ever_published":false,"footnotes":""},"class_list":["post-6","page","type-page","status-publish","hentry"],"jetpack_sharing_enabled":true,"jetpack_shortlink":"https:\/\/wp.me\/PaZFu0-6","jetpack_likes_enabled":true,"_links":{"self":[{"href":"https:\/\/wp.ufpel.edu.br\/cdtec\/wp-json\/wp\/v2\/pages\/6","targetHints":{"allow":["GET"]}}],"collection":[{"href":"https:\/\/wp.ufpel.edu.br\/cdtec\/wp-json\/wp\/v2\/pages"}],"about":[{"href":"https:\/\/wp.ufpel.edu.br\/cdtec\/wp-json\/wp\/v2\/types\/page"}],"author":[{"embeddable":true,"href":"https:\/\/wp.ufpel.edu.br\/cdtec\/wp-json\/wp\/v2\/users\/930"}],"replies":[{"embeddable":true,"href":"https:\/\/wp.ufpel.edu.br\/cdtec\/wp-json\/wp\/v2\/comments?post=6"}],"version-history":[{"count":3,"href":"https:\/\/wp.ufpel.edu.br\/cdtec\/wp-json\/wp\/v2\/pages\/6\/revisions"}],"predecessor-version":[{"id":13,"href":"https:\/\/wp.ufpel.edu.br\/cdtec\/wp-json\/wp\/v2\/pages\/6\/revisions\/13"}],"up":[{"embeddable":true,"href":"https:\/\/wp.ufpel.edu.br\/cdtec\/wp-json\/wp\/v2\/pages\/29"}],"wp:attachment":[{"href":"https:\/\/wp.ufpel.edu.br\/cdtec\/wp-json\/wp\/v2\/media?parent=6"}],"curies":[{"name":"wp","href":"https:\/\/api.w.org\/{rel}","templated":true}]}}