{"id":29,"date":"2019-05-06T19:22:09","date_gmt":"2019-05-06T22:22:09","guid":{"rendered":"https:\/\/wp.ufpel.edu.br\/cdtec\/?page_id=29"},"modified":"2019-12-10T15:31:10","modified_gmt":"2019-12-10T18:31:10","slug":"sobre","status":"publish","type":"page","link":"https:\/\/wp.ufpel.edu.br\/cdtec\/sobre","title":{"rendered":"Sobre"},"content":{"rendered":"<p style=\"text-align: justify\">O\u00a0<strong>Centro de Desenvolvimento Tecnol\u00f3gico<\/strong> (CDTec) \u00e9 uma moderna unidade acad\u00eamica da Universidade Federal de Pelotas criada pelo Conselho Universit\u00e1rio em 2009. Esta unidade foi concebida e organizada atrav\u00e9s do REUNI (Programa de Reestrutura\u00e7\u00e3o e Expans\u00e3o das Universidades Federais) e possui como diferencial um novo modelo de gest\u00e3o educacional baseado na valoriza\u00e7\u00e3o do ensino, pesquisa e extens\u00e3o.<\/p>\n<p style=\"text-align: justify\">O Centro de Desenvolvimento Tecnol\u00f3gico tem por objetivo proporcionar forma\u00e7\u00e3o e qualifica\u00e7\u00e3o profissional, produzir conhecimento e promover inova\u00e7\u00e3o tecnol\u00f3gica, cooperando para o desenvolvimento regional, nacional e internacional, nas suas \u00e1reas de compet\u00eancia.<\/p>\n<ul class=\"dados-cobalto cobalto-chefias-unidade\"><li><span class=\"cobalto-label\">Diretora<\/span><a href=\"https:\/\/institucional.ufpel.edu.br\/servidores\/id\/153392\">AMANDA DANTAS DE OLIVEIRA<\/a><\/li><li><span class=\"cobalto-label\">Diretora Adjunta<\/span><a href=\"https:\/\/institucional.ufpel.edu.br\/servidores\/id\/3179\">CRISTIANE WIENKE RAUBACH<\/a><\/li><li><span class=\"cobalto-label\">Secret\u00e1ria<\/span><a href=\"https:\/\/institucional.ufpel.edu.br\/servidores\/id\/144182\">MICHELE RIBEIRO DOS SANTOS<\/a><\/li><\/ul><p class=\"dados-cobalto cobalto-endereco-unidade\"><span class=\"cobalto-label\">Endere\u00e7o<\/span>Rua Gomes Carneiro, 1<br>Centro<br>96010-610 - Pelotas, RS<\/p><p class=\"dados-cobalto cobalto-email-unidade\"><a href=\"mailto:cdtec@ufpel.edu.br\">cdtec@ufpel.edu.br<\/a><\/p><div class=\"dados-cobalto cobalto-telefones-unidade\"><span class=\"cobalto-label\">Telefones<\/span><table class=\"cobalto-tabela-telefones\"><tr class=\"cobalto-tabela-quebra-conteudo\"><td colspan=\"2\">Centro de Desenvolvimento Tecnol\u00f3gico<\/td><\/tr><tr><td class=\"cobalto-tabela-indenta\">Secretaria da Dire\u00e7\u00e3o<\/td><td class=\"nowrap\"><a href=\"callto:(53) 3284-3890\">(53) 3284-3890<\/td><\/tr><tr><td class=\"cobalto-tabela-indenta\">Dire\u00e7\u00e3o<\/td><td class=\"nowrap\"><a href=\"callto:(53) 3284-3891\">(53) 3284-3891<\/td><\/tr><tr class=\"cobalto-tabela-quebra-conteudo\"><td colspan=\"2\">Colegiado do Curso de Biotecnologia<\/td><\/tr><tr><td class=\"cobalto-tabela-indenta\">Secretaria do Colegiado<\/td><td class=\"nowrap\"><a href=\"callto:(53) 3275-7350\">(53) 3275-7350<\/td><\/tr><tr class=\"cobalto-tabela-quebra-conteudo\"><td colspan=\"2\">Colegiado do Curso de Ci\u00eancia da Computa\u00e7\u00e3o<\/td><\/tr><tr><td class=\"cobalto-tabela-indenta\">Secretaria do Colegiado<\/td><td class=\"nowrap\"><a href=\"callto:(53) 3284-3860\">(53) 3284-3860<\/td><\/tr><tr class=\"cobalto-tabela-quebra-conteudo\"><td colspan=\"2\">Colegiado do Curso de Engenharia de Computa\u00e7\u00e3o<\/td><\/tr><tr><td class=\"cobalto-tabela-indenta\">Secretaria do Colegiado<\/td><td class=\"nowrap\"><a href=\"callto:(53) 3284-3860\">(53) 3284-3860<\/td><\/tr><tr class=\"cobalto-tabela-quebra-conteudo\"><td colspan=\"2\">Colegiado do Curso de Engenharia de Materiais<\/td><\/tr><tr><td class=\"cobalto-tabela-indenta\">Secretaria do Colegiado<\/td><td class=\"nowrap\"><a href=\"callto:(53) 3284-3880\">(53) 3284-3880<\/td><\/tr><tr><td class=\"cobalto-tabela-indenta\">Coordena\u00e7\u00e3o<\/td><td class=\"nowrap\"><a href=\"callto:(53) 3284-3882\">(53) 3284-3882<\/td><\/tr><tr class=\"cobalto-tabela-quebra-conteudo\"><td colspan=\"2\">Colegiado do Curso de Engenharia H\u00eddrica<\/td><\/tr><tr><td class=\"cobalto-tabela-indenta\">Secretaria do Colegiado<\/td><td class=\"nowrap\"><a href=\"callto:(53) 3284-3840\">(53) 3284-3840<\/td><\/tr><tr class=\"cobalto-tabela-quebra-conteudo\"><td colspan=\"2\">N\u00facleo Administrativo - CDTEC<\/td><\/tr><tr><td class=\"cobalto-tabela-indenta\">N\u00facleo Administrativo<\/td><td class=\"nowrap\"><a href=\"callto:(53) 3284-3890\">(53) 3284-3890<\/td><\/tr><tr class=\"cobalto-tabela-quebra-conteudo\"><td colspan=\"2\">Programa de P\u00f3s-Gradua\u00e7\u00e3o em Biotecnologia<\/td><\/tr><tr><td class=\"cobalto-tabela-indenta\">Secretaria do PPG<\/td><td class=\"nowrap\"><a href=\"callto:(53) 3275-7350\">(53) 3275-7350<\/td><\/tr><tr><td class=\"cobalto-tabela-indenta\">Laborat\u00f3rio de Microbiologia<\/td><td class=\"nowrap\"><a href=\"callto:(53) 3275-7594\">(53) 3275-7594<\/td><\/tr><tr class=\"cobalto-tabela-quebra-conteudo\"><td colspan=\"2\">Programa de P\u00f3s-Gradua\u00e7\u00e3o em Ci\u00eancia e Engenharia de Materiais<\/td><\/tr><tr><td class=\"cobalto-tabela-indenta\">Secretaria do PPG<\/td><td class=\"nowrap\"><a href=\"callto:(53) 3284-3881\">(53) 3284-3881<\/td><\/tr><tr class=\"cobalto-tabela-quebra-conteudo\"><td colspan=\"2\">Programa de P\u00f3s-Gradua\u00e7\u00e3o em Computa\u00e7\u00e3o<\/td><\/tr><tr><td class=\"cobalto-tabela-indenta\">Secretaria do PPG<\/td><td class=\"nowrap\"><a href=\"callto:(53) 3284-3860\">(53) 3284-3860<\/td><\/tr><tr class=\"cobalto-tabela-quebra-conteudo\"><td colspan=\"2\">Programa de P\u00f3s-Gradua\u00e7\u00e3o em Recursos H\u00eddricos<\/td><\/tr><tr><td class=\"cobalto-tabela-indenta\">Secretaria do PPG<\/td><td class=\"nowrap\"><a href=\"callto:(53) 3284-3841\">(53) 3284-3841<\/td><\/tr><\/table><\/div>\n","protected":false},"excerpt":{"rendered":"<p>O\u00a0Centro de Desenvolvimento Tecnol\u00f3gico (CDTec) \u00e9 uma moderna unidade acad\u00eamica da Universidade Federal de Pelotas criada pelo Conselho Universit\u00e1rio em 2009. Esta unidade foi concebida e organizada atrav\u00e9s do REUNI (Programa de Reestrutura\u00e7\u00e3o e Expans\u00e3o das Universidades Federais) e possui como diferencial um novo modelo de gest\u00e3o educacional baseado na valoriza\u00e7\u00e3o do ensino, pesquisa e [&hellip;]<\/p>\n","protected":false},"author":930,"featured_media":0,"parent":0,"menu_order":0,"comment_status":"closed","ping_status":"closed","template":"","meta":{"jetpack_post_was_ever_published":false,"footnotes":""},"class_list":["post-29","page","type-page","status-publish","hentry"],"jetpack_sharing_enabled":true,"jetpack_shortlink":"https:\/\/wp.me\/PaZFu0-t","jetpack_likes_enabled":true,"_links":{"self":[{"href":"https:\/\/wp.ufpel.edu.br\/cdtec\/wp-json\/wp\/v2\/pages\/29","targetHints":{"allow":["GET"]}}],"collection":[{"href":"https:\/\/wp.ufpel.edu.br\/cdtec\/wp-json\/wp\/v2\/pages"}],"about":[{"href":"https:\/\/wp.ufpel.edu.br\/cdtec\/wp-json\/wp\/v2\/types\/page"}],"author":[{"embeddable":true,"href":"https:\/\/wp.ufpel.edu.br\/cdtec\/wp-json\/wp\/v2\/users\/930"}],"replies":[{"embeddable":true,"href":"https:\/\/wp.ufpel.edu.br\/cdtec\/wp-json\/wp\/v2\/comments?post=29"}],"version-history":[{"count":6,"href":"https:\/\/wp.ufpel.edu.br\/cdtec\/wp-json\/wp\/v2\/pages\/29\/revisions"}],"predecessor-version":[{"id":356,"href":"https:\/\/wp.ufpel.edu.br\/cdtec\/wp-json\/wp\/v2\/pages\/29\/revisions\/356"}],"wp:attachment":[{"href":"https:\/\/wp.ufpel.edu.br\/cdtec\/wp-json\/wp\/v2\/media?parent=29"}],"curies":[{"name":"wp","href":"https:\/\/api.w.org\/{rel}","templated":true}]}}