{"id":231,"date":"2019-07-04T10:24:39","date_gmt":"2019-07-04T13:24:39","guid":{"rendered":"https:\/\/wp.ufpel.edu.br\/cdtec\/?page_id=231"},"modified":"2019-09-27T16:30:52","modified_gmt":"2019-09-27T19:30:52","slug":"1a-edicao","status":"publish","type":"page","link":"https:\/\/wp.ufpel.edu.br\/cdtec\/eventos\/oficina-pg\/1a-edicao","title":{"rendered":"1a edi\u00e7\u00e3o"},"content":{"rendered":"<h2>I Oficina Pedag\u00f3gica de P\u00f3s-Gradua\u00e7\u00e3o do CDTec<\/h2>\n<p>Local: Audit\u00f3rio do Centro de Artes da UFPel<\/p>\n<p>Data: 17\/05\/2019<\/p>\n<ul>\n<li><a href=\"https:\/\/wp.ufpel.edu.br\/cdtec\/2019\/05\/06\/i-oficina-pedagogica-de-pos-graduacao-do-cdtec\/\">Chamada<\/a><\/li>\n<li><a href=\"https:\/\/photos.app.goo.gl\/ppjTE8j29pCknRvk8\" target=\"_blank\" rel=\"noopener noreferrer\">Fotos<\/a><\/li>\n<li><strong><span style=\"font-size: 14pt\"><a href=\"https:\/\/drive.google.com\/drive\/folders\/1BdrJNkgOy3KB5WxeFH4Yox6aRIoetObL?usp=sharing\" target=\"_blank\" rel=\"noopener noreferrer\">Certificados<\/a><\/span><\/strong> (utilize o <strong><a href=\"https:\/\/wp.ufpel.edu.br\/cdtec\/contato\/\">formul\u00e1rio de contato<\/a><\/strong> caso encontre algum erro no certificado)<\/li>\n<\/ul>\n","protected":false},"excerpt":{"rendered":"<p>I Oficina Pedag\u00f3gica de P\u00f3s-Gradua\u00e7\u00e3o do CDTec Local: Audit\u00f3rio do Centro de Artes da UFPel Data: 17\/05\/2019 Chamada Fotos Certificados (utilize o formul\u00e1rio de contato caso encontre algum erro no certificado)<\/p>\n","protected":false},"author":930,"featured_media":0,"parent":229,"menu_order":0,"comment_status":"closed","ping_status":"closed","template":"","meta":{"jetpack_post_was_ever_published":false,"footnotes":""},"class_list":["post-231","page","type-page","status-publish","hentry"],"jetpack_sharing_enabled":true,"jetpack_shortlink":"https:\/\/wp.me\/PaZFu0-3J","jetpack_likes_enabled":true,"_links":{"self":[{"href":"https:\/\/wp.ufpel.edu.br\/cdtec\/wp-json\/wp\/v2\/pages\/231","targetHints":{"allow":["GET"]}}],"collection":[{"href":"https:\/\/wp.ufpel.edu.br\/cdtec\/wp-json\/wp\/v2\/pages"}],"about":[{"href":"https:\/\/wp.ufpel.edu.br\/cdtec\/wp-json\/wp\/v2\/types\/page"}],"author":[{"embeddable":true,"href":"https:\/\/wp.ufpel.edu.br\/cdtec\/wp-json\/wp\/v2\/users\/930"}],"replies":[{"embeddable":true,"href":"https:\/\/wp.ufpel.edu.br\/cdtec\/wp-json\/wp\/v2\/comments?post=231"}],"version-history":[{"count":6,"href":"https:\/\/wp.ufpel.edu.br\/cdtec\/wp-json\/wp\/v2\/pages\/231\/revisions"}],"predecessor-version":[{"id":296,"href":"https:\/\/wp.ufpel.edu.br\/cdtec\/wp-json\/wp\/v2\/pages\/231\/revisions\/296"}],"up":[{"embeddable":true,"href":"https:\/\/wp.ufpel.edu.br\/cdtec\/wp-json\/wp\/v2\/pages\/229"}],"wp:attachment":[{"href":"https:\/\/wp.ufpel.edu.br\/cdtec\/wp-json\/wp\/v2\/media?parent=231"}],"curies":[{"name":"wp","href":"https:\/\/api.w.org\/{rel}","templated":true}]}}