{"id":229,"date":"2019-07-04T10:21:27","date_gmt":"2019-07-04T13:21:27","guid":{"rendered":"https:\/\/wp.ufpel.edu.br\/cdtec\/?page_id=229"},"modified":"2019-07-04T10:27:21","modified_gmt":"2019-07-04T13:27:21","slug":"oficina-pg","status":"publish","type":"page","link":"https:\/\/wp.ufpel.edu.br\/cdtec\/eventos\/oficina-pg","title":{"rendered":"Oficina Pedag\u00f3gica de P\u00f3s-Gradua\u00e7\u00e3o"},"content":{"rendered":"<h2>2019<\/h2>\n<ul>\n<li><a href=\"https:\/\/wp.ufpel.edu.br\/cdtec\/eventos\/oficina-pg\/1a-edicao\/\">I Oficina Pedag\u00f3gica de P\u00f3s-Gradua\u00e7\u00e3o do CDTec<\/a> (17\/5\/2019)<\/li>\n<\/ul>\n","protected":false},"excerpt":{"rendered":"<p>2019 I Oficina Pedag\u00f3gica de P\u00f3s-Gradua\u00e7\u00e3o do CDTec (17\/5\/2019)<\/p>\n","protected":false},"author":930,"featured_media":0,"parent":161,"menu_order":0,"comment_status":"closed","ping_status":"closed","template":"","meta":{"jetpack_post_was_ever_published":false,"footnotes":""},"class_list":["post-229","page","type-page","status-publish","hentry"],"jetpack_sharing_enabled":true,"jetpack_shortlink":"https:\/\/wp.me\/PaZFu0-3H","jetpack_likes_enabled":true,"_links":{"self":[{"href":"https:\/\/wp.ufpel.edu.br\/cdtec\/wp-json\/wp\/v2\/pages\/229","targetHints":{"allow":["GET"]}}],"collection":[{"href":"https:\/\/wp.ufpel.edu.br\/cdtec\/wp-json\/wp\/v2\/pages"}],"about":[{"href":"https:\/\/wp.ufpel.edu.br\/cdtec\/wp-json\/wp\/v2\/types\/page"}],"author":[{"embeddable":true,"href":"https:\/\/wp.ufpel.edu.br\/cdtec\/wp-json\/wp\/v2\/users\/930"}],"replies":[{"embeddable":true,"href":"https:\/\/wp.ufpel.edu.br\/cdtec\/wp-json\/wp\/v2\/comments?post=229"}],"version-history":[{"count":3,"href":"https:\/\/wp.ufpel.edu.br\/cdtec\/wp-json\/wp\/v2\/pages\/229\/revisions"}],"predecessor-version":[{"id":236,"href":"https:\/\/wp.ufpel.edu.br\/cdtec\/wp-json\/wp\/v2\/pages\/229\/revisions\/236"}],"up":[{"embeddable":true,"href":"https:\/\/wp.ufpel.edu.br\/cdtec\/wp-json\/wp\/v2\/pages\/161"}],"wp:attachment":[{"href":"https:\/\/wp.ufpel.edu.br\/cdtec\/wp-json\/wp\/v2\/media?parent=229"}],"curies":[{"name":"wp","href":"https:\/\/api.w.org\/{rel}","templated":true}]}}